{"id":1012646,"date":"2024-06-17T14:29:44","date_gmt":"2024-06-17T06:29:44","guid":{"rendered":"https:\/\/vimaterial.de\/product\/ossido-di-vanadio-7\/"},"modified":"2025-04-17T17:45:36","modified_gmt":"2025-04-17T09:45:36","slug":"ossido-di-vanadio-7","status":"publish","type":"product","link":"https:\/\/vimaterial.de\/it\/product\/ossido-di-vanadio-7\/","title":{"rendered":"Ossido di vanadio"},"content":{"rendered":"<p><span style=\"color: #0000ff;\"><a style=\"color: #0000ff;\" href=\"https:\/\/vimaterial.de\/en\/product\/vanadium-oxide-v2o5-sputtering-target\/\">Ossido di vanadio<\/a><\/span> La polvere di V2O3 \u00e8 una polvere nera, utilizzata principalmente in metallurgia come additivo per leghe per migliorare le propriet\u00e0 della lega, ma anche nei materiali elettronici, pu\u00f2 essere utilizzata per produrre dispositivi con propriet\u00e0 elettriche specifiche.<\/p>\n<p>VIMATERIAL fornisce polvere di ossido di vanadio V2O3, la nostra azienda fornisce polvere di ossido di vanadio V2O3 con elevata purezza, basse impurit\u00e0, granulometria uniforme e regolare, eccellenti caratteristiche di qualit\u00e0, il nostro servizio post-vendita \u00e8 buono, il prodotto \u00e8 confezionato in piccoli pacchetti, ordinazione di piccoli lotti, scorte sufficienti, accetta la personalizzazione del prodotto e siamo un fornitore professionale di materie prime chimiche inorganiche. Siamo un fornitore professionale di materie prime chimiche inorganiche, vi preghiamo di <span style=\"color: #0000ff;\"><a style=\"color: #0000ff;\" href=\"https:\/\/vimaterial.de\/en\/contact-us\/\">contattarci<\/a><\/span> per qualsiasi vostra esigenza. <\/p>\n<h2><span style=\"font-size: 14pt;\">Propriet\u00e0 fisiche<\/span><\/h2>\n<p>Formula molecolare: V2O3<\/p>\n<p>Peso molecolare: 149,88<\/p>\n<p>Aspetto: cristallo grigio-nero o polvere<\/p>\n<p>Densit\u00e0: 4,87 g\/cm\u00b3<\/p>\n<p>Punto di fusione: 1970\u00b0C<\/p>\n<p>Punto di ebollizione: circa 3000\u00b0C<\/p>\n<p>Struttura cristallina: struttura del corindone (Al2O3), appartiene al sistema cristallino triangolare.<\/p>\n<h2><span style=\"font-size: 14pt;\">Applicazioni<\/span><\/h2>\n<p>Metallurgia: la polvere di V2O3 viene utilizzata come additivo per leghe in metallurgia per migliorare la resistenza e la tenacit\u00e0 dei materiali metallici modificando la microstruttura della lega e viene utilizzata per produrre acciaio legato ad alte prestazioni.<\/p>\n<p>Materiali elettronici: Nei materiali elettronici, le polveri di V2O3 vengono utilizzate per la preparazione di componenti elettronici con caratteristiche di resistenza variabili. Le loro speciali propriet\u00e0 elettriche consentono un controllo efficace della corrente e sono utilizzate nei circuiti elettronici per la protezione da sovracorrente. <\/p>\n<p>Materiali ceramici: come additivi ceramici, le polveri V2O3 possono ridurre la temperatura di sinterizzazione della ceramica e migliorare le propriet\u00e0 meccaniche ed elettriche della ceramica, che possono essere utilizzate per fabbricare prodotti ceramici con funzioni speciali, come substrati ceramici per dispositivi elettronici.<\/p>\n<p>Catalizzatori: le polveri di V2O3 possono essere utilizzate come catalizzatori per alcune reazioni chimiche, ad esempio nelle reazioni redox, possono modificare l&#8217;energia di attivazione della reazione, accelerare la velocit\u00e0 di reazione ed essere utilizzate nelle reazioni di sintesi organica nella produzione chimica.<\/p>\n<h2><span style=\"font-size: 14pt;\">Controllo qualit\u00e0<\/span><\/h2>\n<p><span style=\"color: #0000ff;\"><a style=\"color: #0000ff;\" href=\"https:\/\/vimaterial.de\/en\/quality-control\/\">Ogni lotto<\/a><\/span> di prodotti segue rigorosi principi di controllo della qualit\u00e0, garantendo che ogni lotto di materiali provenienti dall&#8217;acquisto, dalla lavorazione e dai prodotti finiti delle materie prime fuori dal magazzino sia dotato di strumenti avanzati, rigorosi standard di ispezione e registri di ispezione perfetti per garantire che la qualit\u00e0 del prodotto possa essere controllata e la tracciabilit\u00e0 del prodotto, e ogni lotto di prodotti \u00e8 accompagnato da MSDS,  Rapporti COA, TDS, PSD e XRD, ecc. Forniamo anche campioni di ogni lotto di prodotti. Ogni lotto di prodotti fornir\u00e0 campioni ai clienti, supportando anche i clienti per richiedere a organizzazioni di test di terze parti di testare i prodotti.  <\/p>\n<h2><span style=\"font-size: 14pt;\">Imballaggio e stoccaggio<\/span><\/h2>\n<p>La polvere di ossido di vanadio V2O3 \u00e8 confezionata in sacchetti sottovuoto a doppio strato o in flaconi sottovuoto a doppio strato con cartone esterno. Sono disponibili 250 g, 500 g, 1 kg o 25 kg. <\/p>\n<p>La polvere di ossido di vanadio V2O3 deve essere conservata in un ambiente asciutto, fresco e ben ventilato, sigillata, evitare il contatto con acqua, acidi forti, alcali forti e forti ossidanti e tenere lontano da fuoco e fonti di calore.<\/p>\n","protected":false},"excerpt":{"rendered":"<p><span style=\"color: #0000ff;\"><a style=\"color: #0000ff;\" href=\"https:\/\/vimaterial.de\/en\/product\/vanadium-oxide-v2o5-sputtering-target\/\">Ossido di vanadio<\/a><\/span> La polvere di V2O3 \u00e8 una polvere nera, utilizzata principalmente in metallurgia come additivo per leghe per migliorare le propriet\u00e0 della lega, ma anche nei materiali elettronici, pu\u00f2 essere utilizzata per produrre dispositivi con propriet\u00e0 elettriche specifiche.<\/p>\n","protected":false},"featured_media":1041209,"comment_status":"open","ping_status":"closed","template":"","meta":{"_acf_changed":false},"product_brand":[],"product_cat":[205],"product_tag":[],"class_list":{"0":"post-1012646","1":"product","2":"type-product","3":"status-publish","4":"has-post-thumbnail","6":"product_cat-materiali-ossidi-idrossidi","8":"first","9":"instock","10":"shipping-taxable","11":"purchasable","12":"product-type-variable"},"acf":[],"_links":{"self":[{"href":"https:\/\/vimaterial.de\/it\/wp-json\/wp\/v2\/product\/1012646","targetHints":{"allow":["GET"]}}],"collection":[{"href":"https:\/\/vimaterial.de\/it\/wp-json\/wp\/v2\/product"}],"about":[{"href":"https:\/\/vimaterial.de\/it\/wp-json\/wp\/v2\/types\/product"}],"replies":[{"embeddable":true,"href":"https:\/\/vimaterial.de\/it\/wp-json\/wp\/v2\/comments?post=1012646"}],"wp:featuredmedia":[{"embeddable":true,"href":"https:\/\/vimaterial.de\/it\/wp-json\/wp\/v2\/media\/1041209"}],"wp:attachment":[{"href":"https:\/\/vimaterial.de\/it\/wp-json\/wp\/v2\/media?parent=1012646"}],"wp:term":[{"taxonomy":"product_brand","embeddable":true,"href":"https:\/\/vimaterial.de\/it\/wp-json\/wp\/v2\/product_brand?post=1012646"},{"taxonomy":"product_cat","embeddable":true,"href":"https:\/\/vimaterial.de\/it\/wp-json\/wp\/v2\/product_cat?post=1012646"},{"taxonomy":"product_tag","embeddable":true,"href":"https:\/\/vimaterial.de\/it\/wp-json\/wp\/v2\/product_tag?post=1012646"}],"curies":[{"name":"wp","href":"https:\/\/api.w.org\/{rel}","templated":true}]}}