{"id":1012619,"date":"2024-06-17T14:29:47","date_gmt":"2024-06-17T06:29:47","guid":{"rendered":"https:\/\/vimaterial.de\/product\/ossido-di-vanadio-6\/"},"modified":"2025-04-17T17:38:37","modified_gmt":"2025-04-17T09:38:37","slug":"ossido-di-vanadio-6","status":"publish","type":"product","link":"https:\/\/vimaterial.de\/it\/product\/ossido-di-vanadio-6\/","title":{"rendered":"Ossido di vanadio"},"content":{"rendered":"<p>I granuli di <span style=\"color: #0000ff;\"><a style=\"color: #0000ff;\" href=\"https:\/\/vimaterial.de\/en\/product\/vanadium-oxide-v2o5-sputtering-target\/\">ossido di vanadio<\/a> <\/span>sono granuli solidi di colore giallo o arancione che vengono utilizzati principalmente nell&#8217;industria chimica come catalizzatori per la produzione di acido solforico, nell&#8217;industria metallurgica per il processo di lega dell&#8217;acciaio e anche nella produzione di pigmenti e nella preparazione di materiali per elettrodi per batterie.<\/p>\n<p>VIMATERIAL fornisce granuli di ossido di vanadio. I granuli di ossido di vanadio forniti dalla nostra azienda sono caratterizzati da elevata purezza, granulometria uniforme, elevata attivit\u00e0 chimica e buona stabilit\u00e0. Abbiamo un buon servizio post-vendita, un piccolo pacchetto di prodotti, un piccolo ordine in lotti, scorte sufficienti e accettiamo la personalizzazione del prodotto e sperimentiamo. Siamo un fornitore professionale di materie prime chimiche inorganiche, vi preghiamo di<span style=\"color: #0000ff;\"><a style=\"color: #0000ff;\" href=\"https:\/\/vimaterial.de\/en\/contact-us\/\"> contattarci<\/a><\/span> per qualsiasi vostra esigenza.   <\/p>\n<h2><span style=\"font-size: 14pt;\">Propriet\u00e0 fisiche<\/span><\/h2>\n<p>Formula molecolare: V2O5<\/p>\n<p>Peso molecolare: 181,88<\/p>\n<p>Aspetto: polvere cristallina giallo-arancio o cristalli aghiformi rosso-marroni<\/p>\n<p>Densit\u00e0: 3,357 g\/mL (18\/4\u00b0C) o 3,35 g\/mL (25\u00b0C)<\/p>\n<p>Punto di fusione: 690\u00b0C<\/p>\n<p>Punto di ebollizione: 1750\u00b0C (decomposizione)<\/p>\n<p>Struttura cristallina: Sistema cristallino ortorombico con struttura lamellare<\/p>\n<h2><span style=\"font-size: 14pt;\">Applicazioni<\/span><\/h2>\n<p>Industria chimica: nell&#8217;industria chimica, le particelle V2O5 sono il catalizzatore chiave per la produzione di acido solforico, che pu\u00f2 catalizzare efficacemente la reazione di ossidazione dell&#8217;anidride solforosa al triossido di zolfo e migliorare notevolmente l&#8217;efficienza produttiva dell&#8217;acido solforico.<\/p>\n<p>Metallurgia: le particelle V2O5 sono utilizzate in metallurgia come additivo legante per migliorare significativamente la durezza, la tenacit\u00e0 e la resistenza all&#8217;usura dell&#8217;acciaio, contribuendo alla produzione di acciai speciali di alta qualit\u00e0.<\/p>\n<p>Accumulo di energia: le particelle V2O5 sono utilizzate nella produzione di materiali catodici per batterie agli ioni di litio, fornendo un&#8217;elevata capacit\u00e0 specifica teorica e contribuendo a migliorare la densit\u00e0 di energia e le prestazioni di carica\/scarica delle batterie.<\/p>\n<p>Materiali elettronici: le particelle V2O5 sono utilizzate nella preparazione di materiali elettronici, come componenti elettronici con caratteristiche di resistenza variabili, in grado di modificare la resistenza in base alle condizioni ambientali, e possono essere utilizzate in sensori e altri componenti di dispositivi elettronici.<\/p>\n<h2><span style=\"font-size: 14pt;\">Controllo qualit\u00e0<\/span><\/h2>\n<p><span style=\"color: #0000ff;\"><a style=\"color: #0000ff;\" href=\"https:\/\/vimaterial.de\/en\/quality-control\/\">Ogni lotto<\/a> <\/span>di prodotti segue rigorosi principi di controllo della qualit\u00e0, garantendo che ogni lotto di materiali provenienti dall&#8217;acquisto, dalla lavorazione e dai prodotti finiti delle materie prime fuori dal magazzino sia dotato di strumenti avanzati, rigorosi standard di ispezione e registri di ispezione perfetti per garantire che la qualit\u00e0 del prodotto possa essere controllata e la tracciabilit\u00e0 del prodotto, e ogni lotto di prodotti \u00e8 accompagnato da MSDS,  Rapporti COA, TDS, PSD e XRD, ecc. Forniamo anche campioni di ogni lotto di prodotti. Ogni lotto di prodotti fornir\u00e0 campioni ai clienti, supportando anche i clienti per richiedere a organizzazioni di test di terze parti di testare i prodotti.  <\/p>\n<h2><span style=\"font-size: 14pt;\">Imballaggio e stoccaggio<\/span><\/h2>\n<p>I granuli di ossido di vanadio sono confezionati in sacchetti sottovuoto a doppio strato o in flaconi sottovuoto a doppio strato con cartoni esterni. Sono disponibili 250 g, 500 g, 1 kg o 25 kg. <\/p>\n<p>I granuli di ossido di vanadio devono essere conservati in un luogo asciutto, fresco, ben ventilato, sigillato, lontano da acqua, fuoco e forti agenti riducenti, evitare umidit\u00e0, reazioni redox e drastici sbalzi di temperatura.<\/p>\n","protected":false},"excerpt":{"rendered":"<p>I granuli di <span style=\"color: #0000ff;\"><a style=\"color: #0000ff;\" href=\"https:\/\/vimaterial.de\/en\/product\/vanadium-oxide-v2o5-sputtering-target\/\">ossido di vanadio<\/a> <\/span>sono granuli solidi di colore giallo o arancione che vengono utilizzati principalmente nell&#8217;industria chimica come catalizzatori per la produzione di acido solforico, nell&#8217;industria metallurgica per il processo di lega dell&#8217;acciaio e anche nella produzione di pigmenti e nella preparazione di materiali per elettrodi per batterie.<\/p>\n","protected":false},"featured_media":1001017,"comment_status":"open","ping_status":"closed","template":"","meta":{"_acf_changed":false},"product_brand":[],"product_cat":[198],"product_tag":[],"class_list":{"0":"post-1012619","1":"product","2":"type-product","3":"status-publish","4":"has-post-thumbnail","6":"product_cat-materiali-per-levaporazione","8":"first","9":"instock","10":"shipping-taxable","11":"product-type-variable"},"acf":[],"_links":{"self":[{"href":"https:\/\/vimaterial.de\/it\/wp-json\/wp\/v2\/product\/1012619","targetHints":{"allow":["GET"]}}],"collection":[{"href":"https:\/\/vimaterial.de\/it\/wp-json\/wp\/v2\/product"}],"about":[{"href":"https:\/\/vimaterial.de\/it\/wp-json\/wp\/v2\/types\/product"}],"replies":[{"embeddable":true,"href":"https:\/\/vimaterial.de\/it\/wp-json\/wp\/v2\/comments?post=1012619"}],"wp:featuredmedia":[{"embeddable":true,"href":"https:\/\/vimaterial.de\/it\/wp-json\/wp\/v2\/media\/1001017"}],"wp:attachment":[{"href":"https:\/\/vimaterial.de\/it\/wp-json\/wp\/v2\/media?parent=1012619"}],"wp:term":[{"taxonomy":"product_brand","embeddable":true,"href":"https:\/\/vimaterial.de\/it\/wp-json\/wp\/v2\/product_brand?post=1012619"},{"taxonomy":"product_cat","embeddable":true,"href":"https:\/\/vimaterial.de\/it\/wp-json\/wp\/v2\/product_cat?post=1012619"},{"taxonomy":"product_tag","embeddable":true,"href":"https:\/\/vimaterial.de\/it\/wp-json\/wp\/v2\/product_tag?post=1012619"}],"curies":[{"name":"wp","href":"https:\/\/api.w.org\/{rel}","templated":true}]}}