{"id":1012592,"date":"2024-06-17T14:29:48","date_gmt":"2024-06-17T06:29:48","guid":{"rendered":"https:\/\/vimaterial.de\/product\/ossido-di-vanadio-4\/"},"modified":"2025-04-17T17:36:31","modified_gmt":"2025-04-17T09:36:31","slug":"ossido-di-vanadio-4","status":"publish","type":"product","link":"https:\/\/vimaterial.de\/it\/product\/ossido-di-vanadio-4\/","title":{"rendered":"Ossido di vanadio"},"content":{"rendered":"<p><span style=\"color: #0000ff;\"><a style=\"color: #0000ff;\" href=\"https:\/\/vimaterial.de\/it\/product\/ossido-di-vanadio-3\/\">Ossido di vanadio<\/a> <\/span>La polvere \u00e8 una polvere cristallina da gialla a rossa, leggermente solubile in acqua, con ossidi anfoteri e forti propriet\u00e0 ossidative, ampiamente utilizzata nell&#8217;industria come catalizzatore per la produzione di acido solforico, la sintesi di sostanze chimiche organiche e il trattamento di desolforazione e denitrogenazione dei gas di scarico, ma pu\u00f2 anche essere utilizzato in pigmenti, preparazione di materiali in lega, apparecchi elettrici ed elettronici,  campi ottici e batterie allo stato solido agli ioni di litio.<\/p>\n<p>VIMATERIAL fornisce un&#8217;ampia gamma di polvere di ossido di vanadio pura e granulometrica, la nostra azienda fornisce polvere di ossido di vanadio con elevata purezza, basse impurit\u00e0, granulometria uniforme e regolari, eccellenti caratteristiche di qualit\u00e0, il nostro servizio post-vendita, l&#8217;imballaggio di piccoli prodotti, l&#8217;ordinazione di piccoli lotti, scorte sufficienti, accetta la personalizzazione del prodotto e gli esperimenti. Siamo un fornitore professionale di materie prime chimiche inorganiche, vi preghiamo di <span style=\"color: #0000ff;\"><a style=\"color: #0000ff;\" href=\"https:\/\/vimaterial.de\/it\/contatto\/\">contattarci<\/a><\/span> per qualsiasi vostra esigenza. <\/p>\n<h2><span style=\"font-size: 14pt;\">Propriet\u00e0 fisiche<\/span><\/h2>\n<p>Formula molecolare: V2O5<\/p>\n<p>Peso molecolare: 181,88 g\/mol<\/p>\n<p>Aspetto: polvere cristallina da gialla a rossa<\/p>\n<p>Densit\u00e0: 3,4 g\/cm3<\/p>\n<p>Punto di fusione: 690\u00b0C<\/p>\n<p>Punto di ebollizione: 1750\u00b0C (decomposizione)<\/p>\n<p>Struttura cristallina: sistema cristallino ortorombico, gruppo spaziale Pmnm, i parametri del reticolo sono a = 1,1510 nm, b = 0,3563 nm, c = 0,4369 nm.<\/p>\n<h2><span style=\"font-size: 14pt;\">Applicazioni<\/span><\/h2>\n<p>Industria metallurgica: nella produzione dell&#8217;acciaio, la polvere di V\u2082O\u2085 viene utilizzata come additivo per lega, che pu\u00f2 affinare efficacemente la granulometria, migliorare la resistenza e la tenacit\u00e0 dell&#8217;acciaio e aiutare la produzione di acciaio speciale di alta qualit\u00e0.<\/p>\n<p>Industria chimica: in qualit\u00e0 di catalizzatore chiave nel processo di produzione dell&#8217;acido solforico, pu\u00f2 accelerare la conversione dell&#8217;anidride solforosa in anidride solforosa, garantendo il funzionamento efficiente dell&#8217;industria dell&#8217;acido solforico.<\/p>\n<p>Industria energetica: viene utilizzato nella preparazione di materiali anodici per batterie agli ioni di litio, ottimizzando le prestazioni di carica e scarica delle batterie e prolungando la durata della batteria in virt\u00f9 delle sue propriet\u00e0 chimiche uniche.<\/p>\n<p>Produzione di pigmenti: le sue propriet\u00e0 di colore brillante lo rendono un ingrediente pigmentario di alta qualit\u00e0 che pu\u00f2 essere formulato in una variet\u00e0 di colori di lunga durata e resistenti alla luce per vernici e inchiostri.<\/p>\n<h2><span style=\"font-size: 14pt;\">Controllo qualit\u00e0<\/span><\/h2>\n<p><span style=\"color: #0000ff;\"><a style=\"color: #0000ff;\" href=\"https:\/\/vimaterial.de\/it\/controllo-qualita\/\">Ogni lotto<\/a><\/span> di prodotti segue rigorosi principi di controllo della qualit\u00e0, garantendo che ogni lotto di materiali provenienti dall&#8217;acquisto, dalla lavorazione e dai prodotti finiti delle materie prime fuori dal magazzino sia dotato di strumenti avanzati, rigorosi standard di ispezione e registri di ispezione perfetti per garantire che la qualit\u00e0 del prodotto possa essere controllata e la tracciabilit\u00e0 del prodotto, e ogni lotto di prodotti \u00e8 accompagnato da MSDS,  Rapporti COA, TDS, PSD e XRD, ecc. Forniamo anche campioni di ogni lotto di prodotti. Ogni lotto di prodotti fornir\u00e0 campioni ai clienti, supportando anche i clienti per richiedere a organizzazioni di test di terze parti di testare i prodotti.  <\/p>\n<h2><span style=\"font-size: 14pt;\">Imballaggio e stoccaggio<\/span><\/h2>\n<p>La polvere di ossido di vanadio \u00e8 confezionata in sacchetti sottovuoto a doppio strato o in flaconi sottovuoto a doppio strato con cartoni esterni. Sono disponibili 250 g, 500 g, 1 kg o 25 kg. <\/p>\n<p>La polvere di ossido di vanadio deve essere conservata in un ambiente asciutto, fresco e ben ventilato, sigillato, evitando l&#8217;umidit\u00e0, il contatto con sostanze riducenti e lontano da fonti di accensione e calore, al fine di evitare che le sue propriet\u00e0 cambino.<\/p>\n","protected":false},"excerpt":{"rendered":"<p><span style=\"color: #0000ff;\"><a style=\"color: #0000ff;\" href=\"https:\/\/vimaterial.de\/it\/product\/ossido-di-vanadio-3\/\">Ossido di vanadio<\/a> <\/span>La polvere \u00e8 una polvere cristallina da gialla a rossa, leggermente solubile in acqua, con ossidi anfoteri e forti propriet\u00e0 ossidative, ampiamente utilizzata nell&#8217;industria come catalizzatore per la produzione di acido solforico, la sintesi di sostanze chimiche organiche e il trattamento di desolforazione e denitrogenazione dei gas di scarico, ma pu\u00f2 anche essere utilizzato in pigmenti, preparazione di materiali in lega, apparecchi elettrici ed elettronici,  campi ottici e batterie allo stato solido agli ioni di litio.<\/p>\n","protected":false},"featured_media":1001025,"comment_status":"open","ping_status":"closed","template":"","meta":{"_acf_changed":false},"product_brand":[],"product_cat":[205],"product_tag":[],"class_list":{"0":"post-1012592","1":"product","2":"type-product","3":"status-publish","4":"has-post-thumbnail","6":"product_cat-materiali-ossidi-idrossidi","8":"first","9":"instock","10":"shipping-taxable","11":"purchasable","12":"product-type-variable"},"acf":[],"_links":{"self":[{"href":"https:\/\/vimaterial.de\/it\/wp-json\/wp\/v2\/product\/1012592","targetHints":{"allow":["GET"]}}],"collection":[{"href":"https:\/\/vimaterial.de\/it\/wp-json\/wp\/v2\/product"}],"about":[{"href":"https:\/\/vimaterial.de\/it\/wp-json\/wp\/v2\/types\/product"}],"replies":[{"embeddable":true,"href":"https:\/\/vimaterial.de\/it\/wp-json\/wp\/v2\/comments?post=1012592"}],"wp:featuredmedia":[{"embeddable":true,"href":"https:\/\/vimaterial.de\/it\/wp-json\/wp\/v2\/media\/1001025"}],"wp:attachment":[{"href":"https:\/\/vimaterial.de\/it\/wp-json\/wp\/v2\/media?parent=1012592"}],"wp:term":[{"taxonomy":"product_brand","embeddable":true,"href":"https:\/\/vimaterial.de\/it\/wp-json\/wp\/v2\/product_brand?post=1012592"},{"taxonomy":"product_cat","embeddable":true,"href":"https:\/\/vimaterial.de\/it\/wp-json\/wp\/v2\/product_cat?post=1012592"},{"taxonomy":"product_tag","embeddable":true,"href":"https:\/\/vimaterial.de\/it\/wp-json\/wp\/v2\/product_tag?post=1012592"}],"curies":[{"name":"wp","href":"https:\/\/api.w.org\/{rel}","templated":true}]}}