{"id":1012568,"date":"2024-06-17T14:29:49","date_gmt":"2024-06-17T06:29:49","guid":{"rendered":"https:\/\/vimaterial.de\/product\/ossido-di-vanadio-boro\/"},"modified":"2025-04-17T17:32:40","modified_gmt":"2025-04-17T09:32:40","slug":"ossido-di-vanadio-boro","status":"publish","type":"product","link":"https:\/\/vimaterial.de\/it\/product\/ossido-di-vanadio-boro\/","title":{"rendered":"Ossido di vanadio-boro"},"content":{"rendered":"<p>I bersagli sputtering di ossido di vanadio-boro sono materiali compositi contenenti pentossido di vanadio e boro. Combinando le propriet\u00e0 dell&#8217;ossido di vanadio e del boro, questi bersagli sputtering possono essere utilizzati nel processo di rivestimento sputtering per produrre film sottili con speciali propriet\u00e0 elettriche, ottiche o chimiche per una variet\u00e0 di applicazioni in elettronica, ottica, accumulo di energia e molti altri campi. <\/p>\n<p>VIMATERIAL fornisce bersagli sputtering di ossido di vanadio-boro. I nostri bersagli per polverizzazione catodica con ossido di vanadio e boro sono caratterizzati da un&#8217;elevata purezza, rapporti controllabili ed eccellenti propriet\u00e0 di sputtering. La nostra azienda \u00e8 in grado di fornire un servizio di rilegatura mirata, siamo un fornitore professionale di materie prime chimiche inorganiche, vi preghiamo di contattarci se avete delle esigenze.  <\/p>\n<h2><span style=\"font-size: 14pt;\">Applicazioni<\/span><\/h2>\n<p>Elettronica: i bersagli sputtering V2O5-B possono essere utilizzati per preparare transistor a film sottile in dispositivi elettronici, sfruttando le loro speciali propriet\u00e0 elettriche per migliorare la mobilit\u00e0 della portante e la velocit\u00e0 di commutazione dei dispositivi.<\/p>\n<p>Semiconduttore: nella produzione di semiconduttori, pu\u00f2 essere utilizzato per creare strati di barriera e di contatto per chip semiconduttori, prevenendo la diffusione di impurit\u00e0 e garantendo un buon contatto elettrico.<\/p>\n<p>Campo ottico: pu\u00f2 essere utilizzato per il rivestimento di lenti ottiche e il film formato dallo sputtering pu\u00f2 regolare efficacemente l&#8217;indice di rifrazione della lente, ridurre la riflessione e migliorare la trasmittanza ottica.<\/p>\n<p>Tecnologia del display: nella produzione di display a schermo piatto, il target di sputtering pu\u00f2 essere utilizzato per la preparazione di pellicole conduttive trasparenti per migliorare la conduttivit\u00e0 e la trasmissione della luce del display.<\/p>\n<p>Campo del sensore: utilizzato nella preparazione di pellicole sensibili per sensori sensibili ai gas, utilizzando le sue propriet\u00e0 di adsorbimento e reazione di determinati gas per ottenere un rilevamento altamente sensibile di gas specifici.<\/p>\n<h2><span style=\"font-size: 14pt;\">Controllo qualit\u00e0<\/span><\/h2>\n<p>Ogni lotto di prodotti segue rigorosi principi di controllo della qualit\u00e0, garantendo che ogni lotto di materiali provenienti dall&#8217;acquisto, dalla lavorazione e dai prodotti finiti delle materie prime fuori dal magazzino sia dotato di strumenti avanzati, rigorosi standard di ispezione e registri di ispezione perfetti per garantire che la qualit\u00e0 del prodotto possa essere controllata e la tracciabilit\u00e0 del prodotto, e ogni lotto di prodotti \u00e8 accompagnato da MSDS,  Rapporti COA, TDS, PSD e XRD, ecc. Forniamo anche campioni di ogni lotto di prodotti. Ogni lotto di prodotti fornir\u00e0 campioni ai clienti, supportando anche i clienti per richiedere a organizzazioni di test di terze parti di testare i prodotti.  <\/p>\n<h2><span style=\"font-size: 14pt;\">Imballaggio e stoccaggio<\/span><\/h2>\n<p>I bersagli per polverizzazione catodica di ossido di vanadio-boro sono confezionati in sacchetti sottovuoto doppi e confezionati in cartoni.<\/p>\n<p>I bersagli sputtering di ossido di vanadio-boro devono essere conservati in un ambiente asciutto, fresco e ben ventilato, evitando l&#8217;umidit\u00e0, evitando il contatto con agenti ossidanti forti e acidi forti, oltre a prevenire collisioni fisiche e vibrazioni violente.<\/p>\n","protected":false},"excerpt":{"rendered":"<p>I bersagli sputtering di ossido di vanadio-boro sono materiali compositi contenenti pentossido di vanadio e boro. Combinando le propriet\u00e0 dell&#8217;ossido di vanadio e del boro, questi bersagli sputtering possono essere utilizzati nel processo di rivestimento sputtering per produrre film sottili con speciali propriet\u00e0 elettriche, ottiche o chimiche per una variet\u00e0 di applicazioni in elettronica, ottica, [&hellip;]<\/p>\n","protected":false},"featured_media":1001046,"comment_status":"open","ping_status":"closed","template":"","meta":{"_acf_changed":false},"product_brand":[],"product_cat":[197],"product_tag":[],"class_list":{"0":"post-1012568","1":"product","2":"type-product","3":"status-publish","4":"has-post-thumbnail","6":"product_cat-obiettivi-di-sputtering-planari","8":"first","9":"instock","10":"shipping-taxable","11":"product-type-variable"},"acf":[],"_links":{"self":[{"href":"https:\/\/vimaterial.de\/it\/wp-json\/wp\/v2\/product\/1012568","targetHints":{"allow":["GET"]}}],"collection":[{"href":"https:\/\/vimaterial.de\/it\/wp-json\/wp\/v2\/product"}],"about":[{"href":"https:\/\/vimaterial.de\/it\/wp-json\/wp\/v2\/types\/product"}],"replies":[{"embeddable":true,"href":"https:\/\/vimaterial.de\/it\/wp-json\/wp\/v2\/comments?post=1012568"}],"wp:featuredmedia":[{"embeddable":true,"href":"https:\/\/vimaterial.de\/it\/wp-json\/wp\/v2\/media\/1001046"}],"wp:attachment":[{"href":"https:\/\/vimaterial.de\/it\/wp-json\/wp\/v2\/media?parent=1012568"}],"wp:term":[{"taxonomy":"product_brand","embeddable":true,"href":"https:\/\/vimaterial.de\/it\/wp-json\/wp\/v2\/product_brand?post=1012568"},{"taxonomy":"product_cat","embeddable":true,"href":"https:\/\/vimaterial.de\/it\/wp-json\/wp\/v2\/product_cat?post=1012568"},{"taxonomy":"product_tag","embeddable":true,"href":"https:\/\/vimaterial.de\/it\/wp-json\/wp\/v2\/product_tag?post=1012568"}],"curies":[{"name":"wp","href":"https:\/\/api.w.org\/{rel}","templated":true}]}}