{"id":1012561,"date":"2024-06-17T14:29:48","date_gmt":"2024-06-17T06:29:48","guid":{"rendered":"https:\/\/vimaterial.de\/product\/ossido-di-vanadio-3\/"},"modified":"2025-04-17T17:34:25","modified_gmt":"2025-04-17T09:34:25","slug":"ossido-di-vanadio-3","status":"publish","type":"product","link":"https:\/\/vimaterial.de\/it\/product\/ossido-di-vanadio-3\/","title":{"rendered":"Ossido di vanadio"},"content":{"rendered":"<p><span style=\"color: #0000ff;\"><a style=\"color: #0000ff;\" href=\"https:\/\/vimaterial.de\/en\/product\/vanadium-oxide\/\">Ossido di vanadio<\/a> <\/span>Il bersaglio per sputtering V2O5 \u00e8 un materiale con pentossido di vanadio come componente principale. Quando vengono bombardati da un fascio di ioni ad alta energia nel processo di sputtering, le molecole o gli atomi di V2O5 sulla sua superficie vengono spruzzati per formare un film sottile uniforme di ossido di vanadio sul materiale del substrato, che pu\u00f2 essere utilizzato per la produzione di un&#8217;ampia gamma di dispositivi elettronici e ottici come le finestre intelligenti,  elettrodi della batteria, sensori e cos\u00ec via. <\/p>\n<p>VIMATERIAL fornisce un&#8217;ampia gamma di bersagli sputtering V2O5 in ossido di vanadio. I nostri bersagli sputtering V2O5 di ossido di vanadio presentano i vantaggi di un&#8217;elevata purezza, una buona stabilit\u00e0 chimica e un&#8217;elevata efficienza di sputtering. La nostra azienda \u00e8 in grado di fornire un servizio di rilegatura mirata, siamo un fornitore professionale di materie prime chimiche inorganiche, vi preghiamo di <span style=\"color: #0000ff;\"><a style=\"color: #0000ff;\" href=\"https:\/\/vimaterial.de\/en\/contact-us\/\">contattarci<\/a><\/span> se avete delle esigenze.  <\/p>\n<h2><span style=\"font-size: 14pt;\">Propriet\u00e0 fisiche<\/span><\/h2>\n<p>Formula molecolare: V2O5<\/p>\n<p>Peso molecolare: 181,88<\/p>\n<p>Aspetto: polvere cristallina da gialla a rossa<\/p>\n<p>Densit\u00e0: 3,35 g\/cm\u00b3<\/p>\n<p>Punto di fusione: 690\u00b0C<\/p>\n<p>Punto di ebollizione: 1750\u00b0C (decomposizione)<\/p>\n<p>Struttura cristallina: sistema cristallino ortorombico, gruppo spaziale Pmnm, i parametri del reticolo sono a = 1,1510 nm, b = 0,3563 nm, c = 0,4369 nm.<\/p>\n<h2><span style=\"font-size: 14pt;\">Applicazioni<\/span><\/h2>\n<p>Campo di visualizzazione: nella produzione di display a cristalli liquidi (LCD) e display a diodi organici a emissione di luce (OLED), i bersagli sputtering V2O5 vengono utilizzati per la preparazione di film sottili conduttivi trasparenti, che possono migliorare efficacemente la conduttivit\u00e0 e la trasmissione della luce del display e migliorare la qualit\u00e0 del display.<\/p>\n<p>Accumulo di energia: nelle batterie agli ioni di litio, i film V2O5 formati dallo sputtering possono essere utilizzati come materiali per elettrodi, utilizzando le loro propriet\u00e0 multivalenti per ottenere l&#8217;incorporamento e il de-incorporamento degli ioni di litio, migliorando cos\u00ec la capacit\u00e0 e le prestazioni di carica\/scarica della batteria.<\/p>\n<p>Finestre intelligenti: i bersagli sputtering V2O5 possono essere utilizzati per preparare pellicole per finestre intelligenti sensibili alla luce e alla temperatura, in grado di regolare la trasmittanza e l&#8217;isolamento termico delle finestre in base all&#8217;intensit\u00e0 della luce e alle variazioni di temperatura nell&#8217;ambiente per risparmiare energia.<\/p>\n<p>Sensori: utilizzati nella preparazione di sensori di gas, i film V2O5 possono reagire con determinati gas per modificarne le propriet\u00e0 elettriche e rilevare tali cambiamenti per ottenere il rilevamento di gas specifici.<\/p>\n<h2><span style=\"font-size: 14pt;\">Controllo qualit\u00e0<\/span><\/h2>\n<p><span style=\"color: #0000ff;\"><a style=\"color: #0000ff;\" href=\"https:\/\/vimaterial.de\/en\/quality-control\/\">Ogni lotto<\/a><\/span> di prodotti segue rigorosi principi di controllo della qualit\u00e0, garantendo che ogni lotto di materiali provenienti dall&#8217;acquisto, dalla lavorazione e dai prodotti finiti delle materie prime fuori dal magazzino sia dotato di strumenti avanzati, rigorosi standard di ispezione e registri di ispezione perfetti per garantire che la qualit\u00e0 del prodotto possa essere controllata e la tracciabilit\u00e0 del prodotto, e ogni lotto di prodotti \u00e8 accompagnato da MSDS,  Rapporti COA, TDS, PSD e XRD, ecc. Forniamo anche campioni di ogni lotto di prodotti. Ogni lotto di prodotti fornir\u00e0 campioni ai clienti, supportando anche i clienti per richiedere a organizzazioni di test di terze parti di testare i prodotti.  <\/p>\n<h2><span style=\"font-size: 14pt;\">Imballaggio e stoccaggio<\/span><\/h2>\n<p>I bersagli sputtering V2O5 all&#8217;ossido di vanadio sono confezionati in una doppia scatola posteriore con sacco sottovuoto e in una scatola di cartone esterna.<\/p>\n<p>I bersagli sputtering V2O5 di ossido di vanadio devono essere conservati in un ambiente asciutto, fresco e ben ventilato, protetto da umidit\u00e0, ossidazione e danni fisici e tenuto lontano da fonti di accensione e sostanze fortemente corrosive.<\/p>\n","protected":false},"excerpt":{"rendered":"<p><span style=\"color: #0000ff;\"><a style=\"color: #0000ff;\" href=\"https:\/\/vimaterial.de\/en\/product\/vanadium-oxide\/\">Ossido di vanadio<\/a> <\/span>Il bersaglio per sputtering V2O5 \u00e8 un materiale con pentossido di vanadio come componente principale. Quando vengono bombardati da un fascio di ioni ad alta energia nel processo di sputtering, le molecole o gli atomi di V2O5 sulla sua superficie vengono spruzzati per formare un film sottile uniforme di ossido di vanadio sul materiale del substrato, che pu\u00f2 essere utilizzato per la produzione di un&#8217;ampia gamma di dispositivi elettronici e ottici come le finestre intelligenti,  elettrodi della batteria, sensori e cos\u00ec via. <\/p>\n","protected":false},"featured_media":1001034,"comment_status":"open","ping_status":"closed","template":"","meta":{"_acf_changed":false},"product_brand":[],"product_cat":[197],"product_tag":[],"class_list":{"0":"post-1012561","1":"product","2":"type-product","3":"status-publish","4":"has-post-thumbnail","6":"product_cat-obiettivi-di-sputtering-planari","8":"first","9":"instock","10":"shipping-taxable","11":"product-type-variable"},"acf":[],"_links":{"self":[{"href":"https:\/\/vimaterial.de\/it\/wp-json\/wp\/v2\/product\/1012561","targetHints":{"allow":["GET"]}}],"collection":[{"href":"https:\/\/vimaterial.de\/it\/wp-json\/wp\/v2\/product"}],"about":[{"href":"https:\/\/vimaterial.de\/it\/wp-json\/wp\/v2\/types\/product"}],"replies":[{"embeddable":true,"href":"https:\/\/vimaterial.de\/it\/wp-json\/wp\/v2\/comments?post=1012561"}],"wp:featuredmedia":[{"embeddable":true,"href":"https:\/\/vimaterial.de\/it\/wp-json\/wp\/v2\/media\/1001034"}],"wp:attachment":[{"href":"https:\/\/vimaterial.de\/it\/wp-json\/wp\/v2\/media?parent=1012561"}],"wp:term":[{"taxonomy":"product_brand","embeddable":true,"href":"https:\/\/vimaterial.de\/it\/wp-json\/wp\/v2\/product_brand?post=1012561"},{"taxonomy":"product_cat","embeddable":true,"href":"https:\/\/vimaterial.de\/it\/wp-json\/wp\/v2\/product_cat?post=1012561"},{"taxonomy":"product_tag","embeddable":true,"href":"https:\/\/vimaterial.de\/it\/wp-json\/wp\/v2\/product_tag?post=1012561"}],"curies":[{"name":"wp","href":"https:\/\/api.w.org\/{rel}","templated":true}]}}