{"id":1012547,"date":"2024-06-17T14:31:07","date_gmt":"2024-06-17T06:31:07","guid":{"rendered":"https:\/\/vimaterial.de\/product\/vanadio-alluminio-2\/"},"modified":"2025-04-17T17:28:35","modified_gmt":"2025-04-17T09:28:35","slug":"vanadio-alluminio-2","status":"publish","type":"product","link":"https:\/\/vimaterial.de\/it\/product\/vanadio-alluminio-2\/","title":{"rendered":"Alluminio vanadio"},"content":{"rendered":"<p><span style=\"color: #0000ff;\"><a style=\"color: #0000ff;\" href=\"https:\/\/vimaterial.de\/en\/product\/vanadium-aluminum-sputtering-target\/\">Alluminio vanadio<\/a><\/span> La polvere \u00e8 una polvere metallica composta da vanadio e alluminio, di colore grigio argento, con elevata resistenza e buona stabilit\u00e0 termica, utilizzata principalmente in campo aerospaziale per la produzione di componenti strutturali ad alta temperatura, nell&#8217;industria metallurgica come additivo per leghe per migliorare le propriet\u00e0 della lega.<\/p>\n<p>VIMATERIAL fornisce polvere di alluminio al vanadio, la nostra azienda fornisce polvere di alluminio al vanadio con elevata purezza, bassa impurit\u00e0, granulometria uniforme e regolare, eccellenti caratteristiche di qualit\u00e0, il nostro servizio post-vendita \u00e8 buono, il prodotto \u00e8 confezionato in piccoli pacchetti, ordinazione di piccoli lotti, scorte sufficienti, accetta la personalizzazione del prodotto ed esperimenti. Siamo un fornitore professionale di materie prime chimiche inorganiche, vi preghiamo di <span style=\"color: #0000ff;\"><a style=\"color: #0000ff;\" href=\"https:\/\/vimaterial.de\/en\/contact-us\/\">contattarci<\/a><\/span> per qualsiasi vostra esigenza. <\/p>\n<h2><span style=\"font-size: 14pt;\">Propriet\u00e0 fisiche<\/span><\/h2>\n<p>Formula molecolare: VAl<\/p>\n<p>Peso molecolare: circa 39<\/p>\n<p>Aspetto: polvere grigio argento<\/p>\n<h2><span style=\"font-size: 14pt;\">Applicazioni<\/span><\/h2>\n<p>Aerospaziale: le polveri VAl sono utilizzate nella produzione di idrovolanti e alianti d&#8217;acqua, ecc. La loro elevata durezza, elasticit\u00e0, resistenza all&#8217;acqua di mare e leggerezza soddisfano i severi requisiti delle apparecchiature aerospaziali. <\/p>\n<p>Metallurgia: come lega intermedia, la polvere di VAl viene utilizzata principalmente come additivo elementare nella produzione di leghe di titanio, leghe ad alta temperatura e alcune leghe speciali, che possono migliorare efficacemente le prestazioni delle leghe.<\/p>\n<p>Stampa 3D: la polvere VAl pu\u00f2 essere utilizzata come materia prima per la stampa 3D di polveri metalliche per la produzione di parti con forme complesse e requisiti di prestazioni elevate.<\/p>\n<h2><span style=\"font-size: 14pt;\">Controllo qualit\u00e0<\/span><\/h2>\n<p><span style=\"color: #0000ff;\"><a style=\"color: #0000ff;\" href=\"https:\/\/vimaterial.de\/en\/quality-control\/\">Ogni lotto<\/a> <\/span>di prodotti segue rigorosi principi di controllo della qualit\u00e0, garantendo che ogni lotto di materiali provenienti dall&#8217;acquisto, dalla lavorazione e dai prodotti finiti delle materie prime fuori dal magazzino sia dotato di strumenti avanzati, rigorosi standard di ispezione e registri di ispezione perfetti per garantire che la qualit\u00e0 del prodotto possa essere controllata e la tracciabilit\u00e0 del prodotto, e ogni lotto di prodotti \u00e8 accompagnato da MSDS,  Rapporti COA, TDS, PSD e XRD, ecc. Forniamo anche campioni di ogni lotto di prodotti. Ogni lotto di prodotti fornir\u00e0 campioni ai clienti, supportando anche i clienti per richiedere a organizzazioni di test di terze parti di testare i prodotti.  <\/p>\n<h2><span style=\"font-size: 14pt;\">Imballaggio e stoccaggio<\/span><\/h2>\n<p>La polvere di vanadio e alluminio \u00e8 confezionata in sacchetti sottovuoto a doppio strato o flaconi sottovuoto a doppio strato con cartoni esterni. Sono disponibili 250 g, 500 g, 1 kg o 25 kg. <\/p>\n<p>La polvere di vanadio e alluminio deve essere conservata in un ambiente asciutto, ben ventilato e fresco per evitare l&#8217;umidit\u00e0, il contatto con forti ossidanti e acidi e allo stesso tempo per evitare che la polvere voli, lontano da fonti di accensione e calore, \u00e8 meglio utilizzare contenitori sigillati per la conservazione.<\/p>\n","protected":false},"excerpt":{"rendered":"<p><span style=\"color: #0000ff;\"><a style=\"color: #0000ff;\" href=\"https:\/\/vimaterial.de\/en\/product\/vanadium-aluminum-sputtering-target\/\">Alluminio vanadio<\/a><\/span> La polvere \u00e8 una polvere metallica composta da vanadio e alluminio, di colore grigio argento, con elevata resistenza e buona stabilit\u00e0 termica, utilizzata principalmente in campo aerospaziale per la produzione di componenti strutturali ad alta temperatura, nell&#8217;industria metallurgica come additivo per leghe per migliorare le propriet\u00e0 della lega.<\/p>\n","protected":false},"featured_media":1001060,"comment_status":"open","ping_status":"closed","template":"","meta":{"_acf_changed":false},"product_brand":[],"product_cat":[212],"product_tag":[],"class_list":{"0":"post-1012547","1":"product","2":"type-product","3":"status-publish","4":"has-post-thumbnail","6":"product_cat-polvere-di-metallo-puro-e-leghe","8":"first","9":"instock","10":"shipping-taxable","11":"product-type-variable"},"acf":[],"_links":{"self":[{"href":"https:\/\/vimaterial.de\/it\/wp-json\/wp\/v2\/product\/1012547","targetHints":{"allow":["GET"]}}],"collection":[{"href":"https:\/\/vimaterial.de\/it\/wp-json\/wp\/v2\/product"}],"about":[{"href":"https:\/\/vimaterial.de\/it\/wp-json\/wp\/v2\/types\/product"}],"replies":[{"embeddable":true,"href":"https:\/\/vimaterial.de\/it\/wp-json\/wp\/v2\/comments?post=1012547"}],"wp:featuredmedia":[{"embeddable":true,"href":"https:\/\/vimaterial.de\/it\/wp-json\/wp\/v2\/media\/1001060"}],"wp:attachment":[{"href":"https:\/\/vimaterial.de\/it\/wp-json\/wp\/v2\/media?parent=1012547"}],"wp:term":[{"taxonomy":"product_brand","embeddable":true,"href":"https:\/\/vimaterial.de\/it\/wp-json\/wp\/v2\/product_brand?post=1012547"},{"taxonomy":"product_cat","embeddable":true,"href":"https:\/\/vimaterial.de\/it\/wp-json\/wp\/v2\/product_cat?post=1012547"},{"taxonomy":"product_tag","embeddable":true,"href":"https:\/\/vimaterial.de\/it\/wp-json\/wp\/v2\/product_tag?post=1012547"}],"curies":[{"name":"wp","href":"https:\/\/api.w.org\/{rel}","templated":true}]}}