{"id":1012530,"date":"2024-06-17T14:31:08","date_gmt":"2024-06-17T06:31:08","guid":{"rendered":"https:\/\/vimaterial.de\/product\/vanadio-alluminio\/"},"modified":"2025-04-17T17:26:27","modified_gmt":"2025-04-17T09:26:27","slug":"vanadio-alluminio","status":"publish","type":"product","link":"https:\/\/vimaterial.de\/it\/product\/vanadio-alluminio\/","title":{"rendered":"Alluminio vanadio"},"content":{"rendered":"<p>Il bersaglio sputtering in <span style=\"color: #0000ff;\"><a style=\"color: #0000ff;\" href=\"https:\/\/vimaterial.de\/en\/product\/vanadium-aluminum\/\">alluminio vanadio<\/a> <\/span>\u00e8 un bersaglio sputtering in lega composto da vanadio e alluminio, che ha le caratteristiche di elevata purezza, alta densit\u00e0, buona conduttivit\u00e0 elettrica e stabilit\u00e0 termica e pu\u00f2 essere utilizzato per preparare film sottili nei campi dei semiconduttori e dei dispositivi elettronici.<\/p>\n<p>VIMATERIAL fornisce bersagli sputtering in alluminio vanadio. I nostri bersagli sputtering con boruro di vanadio presentano i vantaggi di elevata purezza, alta densit\u00e0, bassa granulometria, spessore uniforme del film, alta efficienza e personalizzazione. La nostra azienda \u00e8 in grado di fornire un servizio di rilegatura mirata, siamo un fornitore professionale di materie prime chimiche inorganiche, vi preghiamo di <span style=\"color: #0000ff;\"><a style=\"color: #0000ff;\" href=\"https:\/\/vimaterial.de\/en\/contact-us\/\">contattarci<\/a><\/span> se avete delle esigenze.  <\/p>\n<h2><span style=\"font-size: 14pt;\">Propriet\u00e0 fisiche<\/span><\/h2>\n<p>Formula molecolare: VAl<\/p>\n<p>Peso molecolare: circa 77,92<\/p>\n<p>Aspetto: solitamente bersaglio in metallo grigio argento<\/p>\n<p>Struttura cristallina: struttura cubica centrata sul corpo o struttura cubica centrata sulla faccia<\/p>\n<h2><span style=\"font-size: 14pt;\">Applicazioni<\/span><\/h2>\n<p>Campo dei semiconduttori: utilizzato per produrre strati metallici di chip semiconduttori, come strato conduttivo, strato barriera, ecc., Per garantire il funzionamento ad alte prestazioni del chip.<\/p>\n<p>Campo di visualizzazione a schermo piatto: pu\u00f2 essere utilizzato come strato riflettente e materiali a strato conduttivo per la preparazione di film sottili come elettrodi in pannelli di visualizzazione e touch screen.<\/p>\n<p>Campo dell&#8217;archiviazione delle informazioni: coinvolto nella produzione di dischi rigidi, dischi ottici e altri dispositivi di archiviazione nel film, per migliorare la densit\u00e0 di archiviazione e la velocit\u00e0 di lettura e scrittura.<\/p>\n<p>Campo delle celle solari: Aiuta a preparare elettrodi e pellicole che riducono la riflessione per celle solari, ecc. e migliora l&#8217;efficienza di conversione fotoelettrica delle celle.<\/p>\n<p>Campo dei dispositivi elettronici: utilizzato nella preparazione di elettrodi e materiali di interconnessione in dispositivi di controllo elettronici, ecc., Per garantire una trasmissione efficiente dei segnali elettronici.<\/p>\n<h2><span style=\"font-size: 14pt;\">Controllo qualit\u00e0<\/span><\/h2>\n<p><span style=\"color: #0000ff;\"><a style=\"color: #0000ff;\" href=\"https:\/\/vimaterial.de\/en\/quality-control\/\">Ogni lotto<\/a><\/span> di prodotti segue rigorosi principi di controllo della qualit\u00e0, garantendo che ogni lotto di materiali provenienti dall&#8217;acquisto, dalla lavorazione e dai prodotti finiti delle materie prime fuori dal magazzino sia dotato di strumenti avanzati, rigorosi standard di ispezione e registri di ispezione perfetti per garantire che la qualit\u00e0 del prodotto possa essere controllata e la tracciabilit\u00e0 del prodotto, e ogni lotto di prodotti \u00e8 accompagnato da MSDS,  Rapporti COA, TDS, PSD e XRD, ecc. Forniamo anche campioni di ogni lotto di prodotti. Ogni lotto di prodotti fornir\u00e0 campioni ai clienti, supportando anche i clienti per richiedere a organizzazioni di test di terze parti di testare i prodotti.  <\/p>\n<h2><span style=\"font-size: 14pt;\">Imballaggio e stoccaggio<\/span><\/h2>\n<p>I bersagli sputtering in alluminio vanadio sono inscatolati in doppi sacchetti sottovuoto e confezionati in cartoni.<\/p>\n<p>I bersagli sputtering in alluminio vanadio devono essere conservati in un ambiente asciutto, ben ventilato, a temperatura stabilizzata e pulito, protetto da umidit\u00e0, ossidazione, impurit\u00e0 e impatti fisici.<\/p>\n","protected":false},"excerpt":{"rendered":"<p>Il bersaglio sputtering in <span style=\"color: #0000ff;\"><a style=\"color: #0000ff;\" href=\"https:\/\/vimaterial.de\/en\/product\/vanadium-aluminum\/\">alluminio vanadio<\/a> <\/span>\u00e8 un bersaglio sputtering in lega composto da vanadio e alluminio, che ha le caratteristiche di elevata purezza, alta densit\u00e0, buona conduttivit\u00e0 elettrica e stabilit\u00e0 termica e pu\u00f2 essere utilizzato per preparare film sottili nei campi dei semiconduttori e dei dispositivi elettronici.<\/p>\n","protected":false},"featured_media":1001067,"comment_status":"open","ping_status":"closed","template":"","meta":{"_acf_changed":false},"product_brand":[],"product_cat":[197],"product_tag":[],"class_list":{"0":"post-1012530","1":"product","2":"type-product","3":"status-publish","4":"has-post-thumbnail","6":"product_cat-obiettivi-di-sputtering-planari","8":"first","9":"instock","10":"shipping-taxable","11":"product-type-variable"},"acf":[],"_links":{"self":[{"href":"https:\/\/vimaterial.de\/it\/wp-json\/wp\/v2\/product\/1012530","targetHints":{"allow":["GET"]}}],"collection":[{"href":"https:\/\/vimaterial.de\/it\/wp-json\/wp\/v2\/product"}],"about":[{"href":"https:\/\/vimaterial.de\/it\/wp-json\/wp\/v2\/types\/product"}],"replies":[{"embeddable":true,"href":"https:\/\/vimaterial.de\/it\/wp-json\/wp\/v2\/comments?post=1012530"}],"wp:featuredmedia":[{"embeddable":true,"href":"https:\/\/vimaterial.de\/it\/wp-json\/wp\/v2\/media\/1001067"}],"wp:attachment":[{"href":"https:\/\/vimaterial.de\/it\/wp-json\/wp\/v2\/media?parent=1012530"}],"wp:term":[{"taxonomy":"product_brand","embeddable":true,"href":"https:\/\/vimaterial.de\/it\/wp-json\/wp\/v2\/product_brand?post=1012530"},{"taxonomy":"product_cat","embeddable":true,"href":"https:\/\/vimaterial.de\/it\/wp-json\/wp\/v2\/product_cat?post=1012530"},{"taxonomy":"product_tag","embeddable":true,"href":"https:\/\/vimaterial.de\/it\/wp-json\/wp\/v2\/product_tag?post=1012530"}],"curies":[{"name":"wp","href":"https:\/\/api.w.org\/{rel}","templated":true}]}}