{"id":1012505,"date":"2024-06-17T14:31:12","date_gmt":"2024-06-17T06:31:12","guid":{"rendered":"https:\/\/vimaterial.de\/product\/boruro-di-vanadio-2\/"},"modified":"2025-04-17T17:22:20","modified_gmt":"2025-04-17T09:22:20","slug":"boruro-di-vanadio-2","status":"publish","type":"product","link":"https:\/\/vimaterial.de\/it\/product\/boruro-di-vanadio-2\/","title":{"rendered":"Boruro di vanadio"},"content":{"rendered":"<p>Il bersaglio sputtering del <span style=\"color: #0000ff;\"><a style=\"color: #0000ff;\" href=\"https:\/\/vimaterial.de\/en\/product\/vanadium-boride\/\">boruro di vanadio<\/a><\/span> \u00e8 un materiale diboruro di vanadio con alto punto di fusione, elevata durezza, elevata conduttivit\u00e0 elettrica e stabilit\u00e0 chimica, ampiamente utilizzato nella produzione di chip semiconduttori per la preparazione di strati conduttivi e barriera, elettrodi e materiali di interconnessione in dispositivi elettronici, miglioramento della trasmittanza e film altamente riflettenti in campo ottico, nonch\u00e9 rivestimenti duri per migliorare la durezza delle superfici del materiale e l&#8217;usura resistenza.<\/p>\n<p>VIMATERIAL fornisce bersagli sputtering di boruro di vanadio. I nostri bersagli sputtering con boruro di vanadio sono caratterizzati da elevata purezza, alta densit\u00e0, granulometria fine e uniforme, composizione stabile, velocit\u00e0 di sputtering rapida e alta qualit\u00e0 del film. La nostra azienda \u00e8 in grado di fornire un servizio di rilegatura mirata, siamo un fornitore professionale di materie prime chimiche inorganiche, vi preghiamo di <span style=\"color: #0000ff;\"><a style=\"color: #0000ff;\" href=\"https:\/\/vimaterial.de\/en\/contact-us\/\">contattarci<\/a><\/span> se avete delle esigenze.  <\/p>\n<h2><span style=\"font-size: 14pt;\">Propriet\u00e0 fisiche<\/span><\/h2>\n<p>Formula molecolare: VB\u2082<\/p>\n<p>Peso molecolare: 72,56<\/p>\n<p>Aspetto: bersaglio solitamente grigio o nero<\/p>\n<p>Densit\u00e0: 5,10 g\/cm\u00b3<\/p>\n<p>Punto di fusione: 2980\u00b0C<\/p>\n<p>Struttura cristallina: Struttura cristallina esagonale<\/p>\n<h2><span style=\"font-size: 14pt;\">Applicazioni<\/span><\/h2>\n<p>Campo dei semiconduttori: il bersaglio per sputtering con boruro di vanadio \u00e8 un potente assistente nella produzione di chip semiconduttori, attraverso il processo di sputtering, pu\u00f2 costruire uno strato barriera preciso e stabile per il chip, bloccando la diffusione delle impurit\u00e0 e garantendo un funzionamento ad alte prestazioni del chip.<\/p>\n<p>Nel campo dei dispositivi elettronici: Nella produzione di dispositivi elettronici, viene utilizzato per preparare elettrodi e materiali di interconnessione, garantendo una trasmissione ad alta velocit\u00e0 e senza perdite di segnali elettronici in virt\u00f9 della sua eccellente conduttivit\u00e0 e migliorando le prestazioni complessive del prodotto.<\/p>\n<p>Strumenti ottici: per la produzione di lenti ottiche, i bersagli sputtering al boruro di vanadio possono spruzzare speciali film sottili, che non solo possono migliorare la trasmittanza delle lenti per ottenere immagini ad alta definizione, ma anche soddisfare le esigenze di rivestimenti ottici con elevate propriet\u00e0 riflettenti.<\/p>\n<p>Rivestimento duro: quando si applicano rivestimenti duri a strumenti come coltelli e stampi, la durezza del rivestimento aumenta, migliorando notevolmente la resistenza all&#8217;usura, prolungando efficacemente la durata dell&#8217;utensile e riducendo i costi di produzione.<\/p>\n<h2><span style=\"font-size: 14pt;\">Controllo qualit\u00e0<\/span><\/h2>\n<p><span style=\"color: #0000ff;\"><a style=\"color: #0000ff;\" href=\"https:\/\/vimaterial.de\/en\/quality-control\/\">Ogni lotto<\/a><\/span> di prodotti segue rigorosi principi di controllo della qualit\u00e0, garantendo che ogni lotto di materiali provenienti dall&#8217;acquisto, dalla lavorazione e dai prodotti finiti delle materie prime fuori dal magazzino sia dotato di strumenti avanzati, rigorosi standard di ispezione e registri di ispezione perfetti per garantire che la qualit\u00e0 del prodotto possa essere controllata e la tracciabilit\u00e0 del prodotto, e ogni lotto di prodotti \u00e8 accompagnato da MSDS,  Rapporti COA, TDS, PSD e XRD, ecc. Forniamo anche campioni di ogni lotto di prodotti. Ogni lotto di prodotti fornir\u00e0 campioni ai clienti, supportando anche i clienti per richiedere a organizzazioni di test di terze parti di testare i prodotti.  <\/p>\n<h2><span style=\"font-size: 14pt;\">Imballaggio e stoccaggio<\/span><\/h2>\n<p>I bersagli sputtering con boruro di vanadio sono confezionati in doppi sacchetti sottovuoto e confezionati in cartoni esterni.<\/p>\n<p>I bersagli sputtering di boruro di vanadio devono essere conservati in un ambiente asciutto, fresco e ben ventilato, evitando umidit\u00e0, ossidazione, prevenendo danni fisici al bersaglio e devono essere tenuti lontani da fonti di accensione e sostanze corrosive.<\/p>\n","protected":false},"excerpt":{"rendered":"<p>Il bersaglio sputtering del <span style=\"color: #0000ff;\"><a style=\"color: #0000ff;\" href=\"https:\/\/vimaterial.de\/en\/product\/vanadium-boride\/\">boruro di vanadio<\/a><\/span> \u00e8 un materiale diboruro di vanadio con alto punto di fusione, elevata durezza, elevata conduttivit\u00e0 elettrica e stabilit\u00e0 chimica, ampiamente utilizzato nella produzione di chip semiconduttori per la preparazione di strati conduttivi e barriera, elettrodi e materiali di interconnessione in dispositivi elettronici, miglioramento della trasmittanza e film altamente riflettenti in campo ottico, nonch\u00e9 rivestimenti duri per migliorare la durezza delle superfici del materiale e l&#8217;usura resistenza.<\/p>\n","protected":false},"featured_media":1001074,"comment_status":"open","ping_status":"closed","template":"","meta":{"_acf_changed":false},"product_brand":[],"product_cat":[197],"product_tag":[],"class_list":{"0":"post-1012505","1":"product","2":"type-product","3":"status-publish","4":"has-post-thumbnail","6":"product_cat-obiettivi-di-sputtering-planari","8":"first","9":"instock","10":"shipping-taxable","11":"product-type-variable"},"acf":[],"_links":{"self":[{"href":"https:\/\/vimaterial.de\/it\/wp-json\/wp\/v2\/product\/1012505","targetHints":{"allow":["GET"]}}],"collection":[{"href":"https:\/\/vimaterial.de\/it\/wp-json\/wp\/v2\/product"}],"about":[{"href":"https:\/\/vimaterial.de\/it\/wp-json\/wp\/v2\/types\/product"}],"replies":[{"embeddable":true,"href":"https:\/\/vimaterial.de\/it\/wp-json\/wp\/v2\/comments?post=1012505"}],"wp:featuredmedia":[{"embeddable":true,"href":"https:\/\/vimaterial.de\/it\/wp-json\/wp\/v2\/media\/1001074"}],"wp:attachment":[{"href":"https:\/\/vimaterial.de\/it\/wp-json\/wp\/v2\/media?parent=1012505"}],"wp:term":[{"taxonomy":"product_brand","embeddable":true,"href":"https:\/\/vimaterial.de\/it\/wp-json\/wp\/v2\/product_brand?post=1012505"},{"taxonomy":"product_cat","embeddable":true,"href":"https:\/\/vimaterial.de\/it\/wp-json\/wp\/v2\/product_cat?post=1012505"},{"taxonomy":"product_tag","embeddable":true,"href":"https:\/\/vimaterial.de\/it\/wp-json\/wp\/v2\/product_tag?post=1012505"}],"curies":[{"name":"wp","href":"https:\/\/api.w.org\/{rel}","templated":true}]}}