{"id":1012495,"date":"2024-06-17T14:31:08","date_gmt":"2024-06-17T06:31:08","guid":{"rendered":"https:\/\/vimaterial.de\/product\/boruro-di-vanadio\/"},"modified":"2025-04-17T17:24:05","modified_gmt":"2025-04-17T09:24:05","slug":"boruro-di-vanadio","status":"publish","type":"product","link":"https:\/\/vimaterial.de\/it\/product\/boruro-di-vanadio\/","title":{"rendered":"Boruro di vanadio"},"content":{"rendered":"<p>La polvere di <span style=\"color: #0000ff;\"><a style=\"color: #0000ff;\" href=\"https:\/\/vimaterial.de\/en\/product\/vanadium-boride-sputtering-target\/\">boruro di vanadio<\/a><\/span> \u00e8 una polvere composta da boro e vanadio, solitamente di colore nero o grigio, con propriet\u00e0 come elevata durezza, alto punto di fusione e buona conduttivit\u00e0 elettrica, ha una vasta gamma di applicazioni in molti campi, come materiali resistenti all&#8217;usura, materiali ceramici ed elettronica.<\/p>\n<p>VIMATERIAL fornisce polvere di boruro di vanadio, la nostra azienda fornisce polvere di boruro di vanadio con elevata purezza, basse impurit\u00e0, granulometria uniforme e regolare, eccellenti caratteristiche di qualit\u00e0, il nostro servizio post-vendita \u00e8 buono, il prodotto \u00e8 confezionato in piccoli pacchetti, ordinazione di piccoli lotti, scorte sufficienti, accetta la personalizzazione del prodotto ed esperimenti. Siamo un fornitore professionale di materie prime chimiche inorganiche, vi preghiamo di <span style=\"color: #0000ff;\"><a style=\"color: #0000ff;\" href=\"https:\/\/vimaterial.de\/en\/contact-us\/\">contattarci<\/a><\/span> per qualsiasi vostra esigenza. <\/p>\n<h2><span style=\"font-size: 14pt;\">Propriet\u00e0 fisiche<\/span><\/h2>\n<p>Formula molecolare: VB\u2082<\/p>\n<p>Peso molecolare: 72,56 g\/mol<\/p>\n<p>Aspetto: polvere grigio nera<\/p>\n<p>Densit\u00e0: circa 5,10 g\/cm\u00b3.<\/p>\n<p>Punto di fusione: circa 2980\u00b0C<\/p>\n<p>Struttura cristallina: ha una struttura cristallina esagonale e appartiene al cristallo atomico.<\/p>\n<h2><span style=\"font-size: 14pt;\">Applicazioni<\/span><\/h2>\n<p>Aerospaziale: la polvere di boruro di vanadio viene utilizzata nella produzione di parti resistenti alle alte temperature per motori aeronautici, dove il suo alto punto di fusione garantisce stabilit\u00e0 strutturale a temperature estremamente elevate e facilita il funzionamento efficiente degli aeromobili.<\/p>\n<p>Settore automobilistico: la polvere viene aggiunta a componenti chiave come pistoni e cilindri dei motori automobilistici per ridurre l&#8217;usura dei componenti e prolungare la durata delle automobili grazie alla sua eccellente resistenza all&#8217;usura.<\/p>\n<p>Industria elettronica: come componente chiave nella dissipazione del calore dei componenti elettronici, la polvere di boruro di vanadio viene utilizzata per la sua eccellente conduttivit\u00e0 termica per dissipare rapidamente il calore e garantire il funzionamento stabile dei prodotti elettronici.<\/p>\n<p>Campo di accumulo di energia: trasformato in nuovi materiali per elettrodi della batteria, basandosi sulle propriet\u00e0 elettrochimiche uniche, in modo che la batteria abbia una maggiore efficienza e capacit\u00e0 di carica e scarica, per promuovere lo sviluppo di nuova energia.<\/p>\n<p>Campo di lavorazione della ceramica: integrato nei grezzi ceramici, con le sue elevate caratteristiche di durezza, per migliorare le propriet\u00e0 di resistenza all&#8217;usura e ai graffi della ceramica finita, ampliando gli scenari applicativi ceramici di fascia alta.<\/p>\n<h2><span style=\"font-size: 14pt;\">Controllo qualit\u00e0<\/span><\/h2>\n<p><span style=\"color: #0000ff;\"><a style=\"color: #0000ff;\" href=\"https:\/\/vimaterial.de\/en\/quality-control\/\">Ogni lotto<\/a><\/span> di prodotti segue rigorosi principi di controllo della qualit\u00e0, garantendo che ogni lotto di materiali provenienti dall&#8217;acquisto, dalla lavorazione e dai prodotti finiti delle materie prime fuori dal magazzino sia dotato di strumenti avanzati, rigorosi standard di ispezione e registri di ispezione perfetti per garantire che la qualit\u00e0 del prodotto possa essere controllata e la tracciabilit\u00e0 del prodotto, e ogni lotto di prodotti \u00e8 accompagnato da MSDS,  Rapporti COA, TDS, PSD e XRD, ecc. Forniamo anche campioni di ogni lotto di prodotti. Ogni lotto di prodotti fornir\u00e0 campioni ai clienti, supportando anche i clienti per richiedere a organizzazioni di test di terze parti di testare i prodotti.  <\/p>\n<h2><span style=\"font-size: 14pt;\">Imballaggio e stoccaggio<\/span><\/h2>\n<p>La polvere di boruro di vanadio \u00e8 confezionata in un sacchetto sottovuoto a doppio strato o in un flacone sottovuoto a doppio strato con cartone esterno. Sono disponibili 250 g, 500 g, 1 kg o 25 kg. <\/p>\n<p>La polvere di boruro di vanadio deve essere conservata in un ambiente asciutto, fresco e ben ventilato per evitare umidit\u00e0 e ossidazione, e deve essere tenuta lontana dal fuoco e da fonti di calore e separata da forti agenti ossidanti, acidi e altre sostanze che possono reagire.<\/p>\n","protected":false},"excerpt":{"rendered":"<p>La polvere di <span style=\"color: #0000ff;\"><a style=\"color: #0000ff;\" href=\"https:\/\/vimaterial.de\/en\/product\/vanadium-boride-sputtering-target\/\">boruro di vanadio<\/a><\/span> \u00e8 una polvere composta da boro e vanadio, solitamente di colore nero o grigio, con propriet\u00e0 come elevata durezza, alto punto di fusione e buona conduttivit\u00e0 elettrica, ha una vasta gamma di applicazioni in molti campi, come materiali resistenti all&#8217;usura, materiali ceramici ed elettronica.<\/p>\n","protected":false},"featured_media":1001074,"comment_status":"open","ping_status":"closed","template":"","meta":{"_acf_changed":false},"product_brand":[],"product_cat":[202],"product_tag":[],"class_list":{"0":"post-1012495","1":"product","2":"type-product","3":"status-publish","4":"has-post-thumbnail","6":"product_cat-materiali-c-n-b-si","8":"first","9":"instock","10":"shipping-taxable","11":"purchasable","12":"product-type-variable"},"acf":[],"_links":{"self":[{"href":"https:\/\/vimaterial.de\/it\/wp-json\/wp\/v2\/product\/1012495","targetHints":{"allow":["GET"]}}],"collection":[{"href":"https:\/\/vimaterial.de\/it\/wp-json\/wp\/v2\/product"}],"about":[{"href":"https:\/\/vimaterial.de\/it\/wp-json\/wp\/v2\/types\/product"}],"replies":[{"embeddable":true,"href":"https:\/\/vimaterial.de\/it\/wp-json\/wp\/v2\/comments?post=1012495"}],"wp:featuredmedia":[{"embeddable":true,"href":"https:\/\/vimaterial.de\/it\/wp-json\/wp\/v2\/media\/1001074"}],"wp:attachment":[{"href":"https:\/\/vimaterial.de\/it\/wp-json\/wp\/v2\/media?parent=1012495"}],"wp:term":[{"taxonomy":"product_brand","embeddable":true,"href":"https:\/\/vimaterial.de\/it\/wp-json\/wp\/v2\/product_brand?post=1012495"},{"taxonomy":"product_cat","embeddable":true,"href":"https:\/\/vimaterial.de\/it\/wp-json\/wp\/v2\/product_cat?post=1012495"},{"taxonomy":"product_tag","embeddable":true,"href":"https:\/\/vimaterial.de\/it\/wp-json\/wp\/v2\/product_tag?post=1012495"}],"curies":[{"name":"wp","href":"https:\/\/api.w.org\/{rel}","templated":true}]}}