{"id":1012482,"date":"2024-06-17T14:31:13","date_gmt":"2024-06-17T06:31:13","guid":{"rendered":"https:\/\/vimaterial.de\/product\/carburo-di-vanadio-2\/"},"modified":"2025-04-17T17:18:45","modified_gmt":"2025-04-17T09:18:45","slug":"carburo-di-vanadio-2","status":"publish","type":"product","link":"https:\/\/vimaterial.de\/it\/product\/carburo-di-vanadio-2\/","title":{"rendered":"Carburo di vanadio"},"content":{"rendered":"<p>Il bersaglio sputtering del carburo di vanadio viene utilizzato per la deposizione fisica da vapore dei materiali, pu\u00f2 produrre particelle di carburo di vanadio depositate sul substrato durante il processo di sputtering per formare un film sottile con elevata durezza, buona resistenza all&#8217;abrasione, stabilit\u00e0 alle alte temperature e stabilit\u00e0 chimica, che ha importanti applicazioni nei campi degli utensili da taglio, dei rivestimenti resistenti all&#8217;abrasione e dei materiali strutturali ad alta temperatura.<\/p>\n<p>VIMATERIAL fornisce un&#8217;ampia gamma di bersagli sputtering in carburo di vanadio. I nostri bersagli sputtering in carburo di vanadio sono caratterizzati da un&#8217;elevata purezza, che garantisce efficacemente la qualit\u00e0 dei film depositati, nonch\u00e9 un&#8217;elevata durezza e resistenza all&#8217;usura. Ci dedichiamo da molti anni alla ricerca di sostanze chimiche inorganiche e forniamo anche un servizio di legatura per bersagli sputtering. Abbiamo un team esperto e professionale per accettare personalizzazioni ed esperimenti, vi preghiamo di <span style=\"color: #0000ff;\"><a style=\"color: #0000ff;\" href=\"https:\/\/vimaterial.de\/en\/contact-us\/\">contattarci<\/a><\/span> se necessario.   <\/p>\n<h2><span style=\"font-size: 14pt;\">Propriet\u00e0 fisiche<\/span><\/h2>\n<p>Formula molecolare: VC<\/p>\n<p>Peso molecolare: 62,95<\/p>\n<p>Aspetto: Bersaglio solitamente grigio nero<\/p>\n<p>Densit\u00e0: Densit\u00e0 relativa 5,77 (g\/mL, 25\u00b0C)<\/p>\n<p>Punto di fusione: 2810\u00b0C<\/p>\n<p>Punto di ebollizione: 3900\u00b0C<\/p>\n<p>Struttura cristallina: sistema cristallino cubico di cloruro di sodio<\/p>\n<h2><span style=\"font-size: 14pt;\">Applicazioni<\/span><\/h2>\n<p>Campo degli utensili da taglio: il bersaglio per sputtering in carburo di vanadio viene utilizzato per il rivestimento di utensili da taglio, il film sottile in carburo di vanadio formato dallo sputtering pu\u00f2 migliorare la durezza e la resistenza all&#8217;usura dell&#8217;utensile, migliorando efficacemente le prestazioni di taglio e la durata dell&#8217;utensile.<\/p>\n<p>Industria elettronica: applicata alla superficie dei componenti elettronici, utilizzando la sua buona conduttivit\u00e0 elettrica e stabilit\u00e0 chimica, aiuta a migliorare le prestazioni dei dispositivi elettronici, per garantire la trasmissione del segnale e la stabilit\u00e0 dei componenti.<\/p>\n<p>Aerospaziale: fornire rivestimenti per componenti aerospaziali per renderli resistenti all&#8217;usura, al calore e alla corrosione, per garantire la stabilit\u00e0 strutturale in ambienti estremi e migliorare la sicurezza del volo.<\/p>\n<p>Settore automobilistico: lo sputtering del film target su componenti chiave come motori e trasmissioni automobilistiche pu\u00f2 migliorare le propriet\u00e0 di resistenza all&#8217;usura dei componenti e migliorare l&#8217;affidabilit\u00e0 e la durata delle operazioni automobilistiche.<\/p>\n<h2><span style=\"font-size: 14pt;\">Controllo qualit\u00e0<\/span><\/h2>\n<p><span style=\"color: #0000ff;\"><a style=\"color: #0000ff;\" href=\"https:\/\/vimaterial.de\/en\/quality-control\/\">Ogni lotto<\/a><\/span> di prodotti segue rigorosi principi di controllo della qualit\u00e0, a tutto tondo per garantire che ogni lotto di materiali dall&#8217;approvvigionamento delle materie prime, alla lavorazione, ai prodotti finiti fuori dal magazzino abbia strumenti avanzati, rigorosi standard di ispezione, registri di ispezione perfetti, per garantire che la qualit\u00e0 del prodotto possa essere controllata e la tracciabilit\u00e0 del prodotto, ogni lotto di prodotti \u00e8 accompagnato da MSDS,  Rapporti COA, TDS, PSD, XRD, ecc., E ogni lotto di prodotti sar\u00e0 fornito con campioni al cliente, inoltre supportiamo i clienti a richiedere organizzazioni di ispezione di terze parti per ispezionare i prodotti. Forniremo ai clienti campioni di ogni lotto di prodotti e supporteremo anche i clienti nella richiesta di organizzazioni di ispezione di terze parti per ispezionare i prodotti. <\/p>\n<h2><span style=\"font-size: 14pt;\">Imballaggio e stoccaggio<\/span><\/h2>\n<p>I bersagli per polverizzazione catodica in carburo di vanadio sono inscatolati in doppi sacchetti sottovuoto e poi confezionati in cartoni.<\/p>\n<p>I bersagli sputtering in carburo di vanadio devono essere conservati in un ambiente asciutto, fresco e ben ventilato, evitando l&#8217;umidit\u00e0, il contatto con sostanze corrosive e prevenendo loro reazioni chimiche, ed evitando anche collisioni violente ed estrusione per garantire che l&#8217;integrit\u00e0 e le prestazioni dei bersagli non vengano danneggiate.<\/p>\n","protected":false},"excerpt":{"rendered":"<p>Il bersaglio sputtering del carburo di vanadio viene utilizzato per la deposizione fisica da vapore dei materiali, pu\u00f2 produrre particelle di carburo di vanadio depositate sul substrato durante il processo di sputtering per formare un film sottile con elevata durezza, buona resistenza all&#8217;abrasione, stabilit\u00e0 alle alte temperature e stabilit\u00e0 chimica, che ha importanti applicazioni nei campi degli utensili da taglio, dei rivestimenti resistenti all&#8217;abrasione e dei materiali strutturali ad alta temperatura.<\/p>\n","protected":false},"featured_media":1041074,"comment_status":"open","ping_status":"closed","template":"","meta":{"_acf_changed":false},"product_brand":[],"product_cat":[197],"product_tag":[],"class_list":{"0":"post-1012482","1":"product","2":"type-product","3":"status-publish","4":"has-post-thumbnail","6":"product_cat-obiettivi-di-sputtering-planari","8":"first","9":"instock","10":"shipping-taxable","11":"product-type-variable"},"acf":[],"_links":{"self":[{"href":"https:\/\/vimaterial.de\/it\/wp-json\/wp\/v2\/product\/1012482","targetHints":{"allow":["GET"]}}],"collection":[{"href":"https:\/\/vimaterial.de\/it\/wp-json\/wp\/v2\/product"}],"about":[{"href":"https:\/\/vimaterial.de\/it\/wp-json\/wp\/v2\/types\/product"}],"replies":[{"embeddable":true,"href":"https:\/\/vimaterial.de\/it\/wp-json\/wp\/v2\/comments?post=1012482"}],"wp:featuredmedia":[{"embeddable":true,"href":"https:\/\/vimaterial.de\/it\/wp-json\/wp\/v2\/media\/1041074"}],"wp:attachment":[{"href":"https:\/\/vimaterial.de\/it\/wp-json\/wp\/v2\/media?parent=1012482"}],"wp:term":[{"taxonomy":"product_brand","embeddable":true,"href":"https:\/\/vimaterial.de\/it\/wp-json\/wp\/v2\/product_brand?post=1012482"},{"taxonomy":"product_cat","embeddable":true,"href":"https:\/\/vimaterial.de\/it\/wp-json\/wp\/v2\/product_cat?post=1012482"},{"taxonomy":"product_tag","embeddable":true,"href":"https:\/\/vimaterial.de\/it\/wp-json\/wp\/v2\/product_tag?post=1012482"}],"curies":[{"name":"wp","href":"https:\/\/api.w.org\/{rel}","templated":true}]}}