{"id":1012468,"date":"2024-06-17T14:31:12","date_gmt":"2024-06-17T06:31:12","guid":{"rendered":"https:\/\/vimaterial.de\/product\/carburo-di-vanadio\/"},"modified":"2025-04-17T17:20:41","modified_gmt":"2025-04-17T09:20:41","slug":"carburo-di-vanadio","status":"publish","type":"product","link":"https:\/\/vimaterial.de\/it\/product\/carburo-di-vanadio\/","title":{"rendered":"Carburo di vanadio"},"content":{"rendered":"<p>La polvere di <span style=\"color: #0000ff;\"><a style=\"color: #0000ff;\" href=\"https:\/\/vimaterial.de\/en\/product\/vanadium-carbide-2\/\">carburo di vanadio<\/a><\/span> \u00e8 un materiale in polvere grigio nerastro con elevata durezza, elevata stabilit\u00e0 termica e chimica, ampiamente utilizzato nel carburo cementato, negli utensili da taglio, nell&#8217;industria siderurgica, nei rivestimenti resistenti all&#8217;usura, nell&#8217;elettronica e nei catalizzatori.<\/p>\n<p>VIMATERIAL fornisce un&#8217;ampia gamma di polveri di carburo di vanadio. Le nostre polveri di carburo di vanadio sono caratterizzate da elevata purezza, granulometria fine e omogenea, buona cristallinit\u00e0 e basso contenuto di impurit\u00e0. Siamo impegnati da molti anni nella ricerca di materie prime chimiche inorganiche, abbiamo un team esperto e professionale e accettiamo la personalizzazione e la sperimentazione, se ne hai bisogno, <span style=\"color: #0000ff;\"><a style=\"color: #0000ff;\" href=\"https:\/\/vimaterial.de\/en\/contact-us\/\">contattaci<\/a><\/span>.  <\/p>\n<h2><span style=\"font-size: 14pt;\">Propriet\u00e0 fisiche<\/span><\/h2>\n<p>Formula molecolare: VC<\/p>\n<p>Peso molecolare: 62,95<\/p>\n<p>Aspetto: polvere grigio nera<\/p>\n<p>Densit\u00e0: 5,77 g\/mL (25 \u00b0C)<\/p>\n<p>Punto di fusione: 2810\u00b0C<\/p>\n<p>Punto di ebollizione: 3900\u00b0C<\/p>\n<p>Struttura cristallina: sistema cristallino cubico di tipo cloruro di sodio<\/p>\n<h2><span style=\"font-size: 14pt;\">Applicazioni<\/span><\/h2>\n<p>Campo della metallurgia del ferro e dell&#8217;acciaio: nella produzione dell&#8217;acciaio, la polvere di carburo di vanadio viene utilizzata come additivo per leghe per affinare accuratamente la grana dell&#8217;acciaio, rafforzare la resistenza e la tenacit\u00e0 dell&#8217;acciaio e aiutare a creare acciaio da costruzione ad alta resistenza e parti meccaniche.<\/p>\n<p>Produzione di carburo cementato: utilizzata nella produzione di carburo cementato, la polvere di carburo di vanadio pu\u00f2 ottimizzare la microstruttura della lega, migliorare la durezza e la resistenza all&#8217;usura degli utensili e degli stampi in carburo cementato e prolungarne significativamente la durata per soddisfare le esigenze della lavorazione di precisione.<\/p>\n<p>Campo del rivestimento superficiale: come materiale a spruzzo termico, la polvere di carburo di vanadio pu\u00f2 formare un rivestimento super duro resistente all&#8217;usura sulla superficie delle parti meccaniche, resistendo efficacemente all&#8217;abrasione e alla corrosione e fornendo &#8220;armatura protettiva&#8221; per motori di automobili, pompe e valvole industriali e altri componenti.<\/p>\n<p>Campo dei semiconduttori elettronici: con propriet\u00e0 elettriche uniche, la polvere \u00e8 coinvolta nella preparazione di film semiconduttori, fornendo un ambiente di migrazione stabile del vettore per i chip elettronici, garantendo il funzionamento efficiente del chip e promuovendo lo sviluppo della miniaturizzazione dei prodotti elettronici.<\/p>\n<p>Nel campo dei materiali ceramici: integrata nelle formulazioni ceramiche fini, la polvere di carburo di vanadio conferisce alla ceramica una maggiore durezza e resistenza alle alte temperature, rendendola una scelta affidabile per applicazioni ad alta temperatura come i rivestimenti a barriera termica dei motori aerospaziali e i rivestimenti dei forni industriali.<\/p>\n<h2><span style=\"font-size: 14pt;\">Controllo qualit\u00e0<\/span><\/h2>\n<p><span style=\"color: #0000ff;\"><a style=\"color: #0000ff;\" href=\"https:\/\/vimaterial.de\/en\/quality-control\/\">Ogni lotto<\/a><\/span> di prodotti segue rigorosi principi di controllo della qualit\u00e0, a tutto tondo per garantire che ogni lotto di materiali dall&#8217;approvvigionamento delle materie prime, alla lavorazione, ai prodotti finiti fuori dal magazzino abbia strumenti avanzati, rigorosi standard di ispezione, registri di ispezione perfetti, per garantire che la qualit\u00e0 del prodotto possa essere controllata e la tracciabilit\u00e0 del prodotto, ogni lotto di prodotti \u00e8 accompagnato da MSDS,  Rapporti COA, TDS, PSD, XRD, ecc., E ogni lotto di prodotti sar\u00e0 fornito con campioni al cliente, inoltre supportiamo i clienti a richiedere organizzazioni di ispezione di terze parti per ispezionare i prodotti. Forniremo ai clienti campioni di ogni lotto di prodotti e supporteremo anche i clienti nella richiesta di organizzazioni di ispezione di terze parti per ispezionare i prodotti. <\/p>\n<h2><span style=\"font-size: 14pt;\">Imballaggio e stoccaggio<\/span><\/h2>\n<p>Le polveri di carburo di vanadio sono confezionate in sacchetti a doppio vuoto o in flaconi a doppio vuoto e poi confezionate in scatole di cartone.<\/p>\n<p>Le polveri di carburo di vanadio devono essere conservate in un ambiente asciutto, fresco e ben ventilato, protetto dall&#8217;umidit\u00e0 e dalle reazioni chimiche con l&#8217;acqua o l&#8217;umidit\u00e0, lontano dal fuoco, dal calore e da forti agenti ossidanti e protetto da forti urti e attriti per garantire che la stabilit\u00e0 e le prestazioni della polvere non siano compromesse.<\/p>\n","protected":false},"excerpt":{"rendered":"<p>La polvere di <span style=\"color: #0000ff;\"><a style=\"color: #0000ff;\" href=\"https:\/\/vimaterial.de\/en\/product\/vanadium-carbide-2\/\">carburo di vanadio<\/a><\/span> \u00e8 un materiale in polvere grigio nerastro con elevata durezza, elevata stabilit\u00e0 termica e chimica, ampiamente utilizzato nel carburo cementato, negli utensili da taglio, nell&#8217;industria siderurgica, nei rivestimenti resistenti all&#8217;usura, nell&#8217;elettronica e nei catalizzatori.<\/p>\n","protected":false},"featured_media":1001088,"comment_status":"open","ping_status":"closed","template":"","meta":{"_acf_changed":false},"product_brand":[],"product_cat":[202],"product_tag":[],"class_list":{"0":"post-1012468","1":"product","2":"type-product","3":"status-publish","4":"has-post-thumbnail","6":"product_cat-materiali-c-n-b-si","8":"first","9":"instock","10":"shipping-taxable","11":"purchasable","12":"product-type-variable"},"acf":[],"_links":{"self":[{"href":"https:\/\/vimaterial.de\/it\/wp-json\/wp\/v2\/product\/1012468","targetHints":{"allow":["GET"]}}],"collection":[{"href":"https:\/\/vimaterial.de\/it\/wp-json\/wp\/v2\/product"}],"about":[{"href":"https:\/\/vimaterial.de\/it\/wp-json\/wp\/v2\/types\/product"}],"replies":[{"embeddable":true,"href":"https:\/\/vimaterial.de\/it\/wp-json\/wp\/v2\/comments?post=1012468"}],"wp:featuredmedia":[{"embeddable":true,"href":"https:\/\/vimaterial.de\/it\/wp-json\/wp\/v2\/media\/1001088"}],"wp:attachment":[{"href":"https:\/\/vimaterial.de\/it\/wp-json\/wp\/v2\/media?parent=1012468"}],"wp:term":[{"taxonomy":"product_brand","embeddable":true,"href":"https:\/\/vimaterial.de\/it\/wp-json\/wp\/v2\/product_brand?post=1012468"},{"taxonomy":"product_cat","embeddable":true,"href":"https:\/\/vimaterial.de\/it\/wp-json\/wp\/v2\/product_cat?post=1012468"},{"taxonomy":"product_tag","embeddable":true,"href":"https:\/\/vimaterial.de\/it\/wp-json\/wp\/v2\/product_tag?post=1012468"}],"curies":[{"name":"wp","href":"https:\/\/api.w.org\/{rel}","templated":true}]}}