{"id":1012399,"date":"2024-06-17T14:32:02","date_gmt":"2024-06-17T06:32:02","guid":{"rendered":"https:\/\/vimaterial.de\/product\/ossido-di-vanadio-2\/"},"modified":"2025-04-17T17:05:35","modified_gmt":"2025-04-17T09:05:35","slug":"ossido-di-vanadio-2","status":"publish","type":"product","link":"https:\/\/vimaterial.de\/it\/product\/ossido-di-vanadio-2\/","title":{"rendered":"Ossido di vanadio"},"content":{"rendered":"<p>Il bersaglio sputtering dell&#8217;ossido di vanadio viene utilizzato principalmente per la deposizione fisica del vapore, che pu\u00f2 depositare il film sottile dell&#8217;ossido di vanadio con modulazione termocromica e infrarossa sulla superficie del substrato, che viene utilizzato per regolare la temperatura interna e l&#8217;illuminazione nel campo delle finestre intelligenti e per il controllo adattivo del segnale infrarosso nel campo del rilevamento a infrarossi per molte applicazioni.<\/p>\n<p>VIMATERIAL fornisce bersagli sputtering all&#8217;ossido di vanadio. I nostri bersagli sputtering con ossido di vanadio sono caratterizzati da un&#8217;elevata purezza e da una buona stabilit\u00e0 chimica. Ci dedichiamo da molti anni alla ricerca di materiali chimici inorganici e forniamo anche il servizio di legatura di bersagli sputtering. Abbiamo un team esperto e professionale per accettare personalizzazioni ed esperimenti, vi preghiamo di <span style=\"color: #0000ff;\"><a style=\"color: #0000ff;\" href=\"https:\/\/vimaterial.de\/en\/contact-us\/\">contattarci<\/a><\/span> se necessario.   <\/p>\n<h2><span style=\"font-size: 14pt;\">Propriet\u00e0 fisiche<\/span><\/h2>\n<p>Formula molecolare: VO\u2082<\/p>\n<p>Peso molecolare: 82,94<\/p>\n<p>Aspetto: Solitamente polvere cristallina blu scuro<\/p>\n<p>Densit\u00e0: circa 4.260g\/cm\u00b3.<\/p>\n<p>Punto di fusione: 1545\u00b0C<\/p>\n<p>Struttura cristallina: struttura cristallina monoclina a basse temperature, i legami V-V esistono sotto forma di coppie, formando uno stato isolante; quando la temperatura sale al punto di transizione di fase (circa 68\u00b0C), il reticolo cristallino si riconfigura in una fase rutila, la catena di accoppiamento V-V si rompe, la simmetria del cristallo aumenta e il grado di libert\u00e0 dell&#8217;elettrone di saltare aumenta notevolmente e il materiale si manifesta rapidamente come uno stato metallico.<\/p>\n<h2><span style=\"font-size: 14pt;\">Applicazioni<\/span><\/h2>\n<p>Finestre intelligenti: i bersagli sputtering di ossido di vanadio vengono utilizzati per preparare rivestimenti intelligenti per finestre. I film depositati possono regolare automaticamente il tasso di trasmittanza ottica al variare della temperatura, bilanciando le esigenze di illuminazione interna e isolamento termico e riducendo il consumo energetico degli edifici. <\/p>\n<p>Campo del rivelatore a infrarossi: sputtering il bersaglio sulla superficie dei rilevatori a infrarossi per formare un film sottile, utilizzando la sua speciale risposta ottica nella banda degli infrarossi, pu\u00f2 migliorare efficacemente la sensibilit\u00e0 del rivelatore ai segnali infrarossi e migliorare la precisione del rilevamento.<\/p>\n<p>Campo di memorizzazione ottica: il bersaglio sputtering VO\u2082 pu\u00f2 essere utilizzato nella produzione di supporti di memorizzazione ottica, in virt\u00f9 del suo cambiamento di fase sotto irradiazione laser, pu\u00f2 ottenere la scrittura e la lettura dei dati, migliorare la densit\u00e0 di archiviazione e la velocit\u00e0 di lettura e scrittura.<\/p>\n<p>Dissipazione del calore dei dispositivi elettronici: i film sottili generati dai target di sputtering VO\u2082 sono rivestiti sulle superfici dei componenti elettronici per controllare la conduttivit\u00e0 termica utilizzando le loro propriet\u00e0 di transizione metallo-isolante, migliorando efficacemente le prestazioni di dissipazione del calore dei dispositivi elettronici e prolungandone la durata.<\/p>\n<h2><span style=\"font-size: 14pt;\">Controllo qualit\u00e0<\/span><\/h2>\n<p><span style=\"color: #0000ff;\"><a style=\"color: #0000ff;\" href=\"https:\/\/vimaterial.de\/en\/quality-control\/\">Ogni lotto<\/a> <\/span>di prodotti segue rigorosi principi di controllo della qualit\u00e0, a tutto tondo per garantire che ogni lotto di materiali dall&#8217;approvvigionamento delle materie prime, alla lavorazione, ai prodotti finiti fuori dal magazzino abbia strumenti avanzati, rigorosi standard di ispezione, registri di ispezione perfetti, per garantire che la qualit\u00e0 del prodotto possa essere controllata e la tracciabilit\u00e0 del prodotto, ogni lotto di prodotti \u00e8 accompagnato da MSDS,  Rapporti COA, TDS, PSD, XRD, ecc., E ogni lotto di prodotti sar\u00e0 fornito con campioni al cliente, inoltre supportiamo i clienti a richiedere organizzazioni di ispezione di terze parti per ispezionare i prodotti. Forniremo ai clienti campioni di ogni lotto di prodotti e supporteremo anche i clienti nella richiesta di organizzazioni di ispezione di terze parti per ispezionare i prodotti. <\/p>\n<h2><span style=\"font-size: 14pt;\">Imballaggio e stoccaggio<\/span><\/h2>\n<p>I bersagli sputtering di ossido di vanadio sono confezionati in doppi sacchetti sottovuoto e inscatolati, quindi confezionati in cartoni.<\/p>\n<p>I bersagli sputtering di ossido di vanadio devono essere conservati in un ambiente asciutto, fresco e ben ventilato, evitando l&#8217;umidit\u00e0, il contatto con sostanze acide o alcaline per evitare che si deteriorino a causa della reazione chimica ed evitando collisioni violente ed estrusione per garantire l&#8217;integrit\u00e0 dei bersagli.<\/p>\n","protected":false},"excerpt":{"rendered":"<p>Il bersaglio sputtering dell&#8217;ossido di vanadio viene utilizzato principalmente per la deposizione fisica del vapore, che pu\u00f2 depositare il film sottile dell&#8217;ossido di vanadio con modulazione termocromica e infrarossa sulla superficie del substrato, che viene utilizzato per regolare la temperatura interna e l&#8217;illuminazione nel campo delle finestre intelligenti e per il controllo adattivo del segnale infrarosso nel campo del rilevamento a infrarossi per molte applicazioni.<\/p>\n","protected":false},"featured_media":1041066,"comment_status":"open","ping_status":"closed","template":"","meta":{"_acf_changed":false},"product_brand":[],"product_cat":[197],"product_tag":[],"class_list":{"0":"post-1012399","1":"product","2":"type-product","3":"status-publish","4":"has-post-thumbnail","6":"product_cat-obiettivi-di-sputtering-planari","8":"first","9":"instock","10":"shipping-taxable","11":"product-type-variable"},"acf":[],"_links":{"self":[{"href":"https:\/\/vimaterial.de\/it\/wp-json\/wp\/v2\/product\/1012399","targetHints":{"allow":["GET"]}}],"collection":[{"href":"https:\/\/vimaterial.de\/it\/wp-json\/wp\/v2\/product"}],"about":[{"href":"https:\/\/vimaterial.de\/it\/wp-json\/wp\/v2\/types\/product"}],"replies":[{"embeddable":true,"href":"https:\/\/vimaterial.de\/it\/wp-json\/wp\/v2\/comments?post=1012399"}],"wp:featuredmedia":[{"embeddable":true,"href":"https:\/\/vimaterial.de\/it\/wp-json\/wp\/v2\/media\/1041066"}],"wp:attachment":[{"href":"https:\/\/vimaterial.de\/it\/wp-json\/wp\/v2\/media?parent=1012399"}],"wp:term":[{"taxonomy":"product_brand","embeddable":true,"href":"https:\/\/vimaterial.de\/it\/wp-json\/wp\/v2\/product_brand?post=1012399"},{"taxonomy":"product_cat","embeddable":true,"href":"https:\/\/vimaterial.de\/it\/wp-json\/wp\/v2\/product_cat?post=1012399"},{"taxonomy":"product_tag","embeddable":true,"href":"https:\/\/vimaterial.de\/it\/wp-json\/wp\/v2\/product_tag?post=1012399"}],"curies":[{"name":"wp","href":"https:\/\/api.w.org\/{rel}","templated":true}]}}