{"id":1012394,"date":"2024-06-17T14:32:01","date_gmt":"2024-06-17T06:32:01","guid":{"rendered":"https:\/\/vimaterial.de\/product\/ossido-di-vanadio\/"},"modified":"2025-04-17T17:09:45","modified_gmt":"2025-04-17T09:09:45","slug":"ossido-di-vanadio","status":"publish","type":"product","link":"https:\/\/vimaterial.de\/it\/product\/ossido-di-vanadio\/","title":{"rendered":"Ossido di vanadio"},"content":{"rendered":"<p><span style=\"color: #0000ff;\"><a style=\"color: #0000ff;\" href=\"https:\/\/vimaterial.de\/en\/product\/vanadium-oxide-sputtering-target\/\">Ossido di vanadio <\/a><\/span>La polvere VO2 \u00e8 una polvere blu scuro o nera, composta principalmente da vanadio e ossigeno, con propriet\u00e0 termocromiche uniche, ha una vasta gamma di applicazioni in molti campi come finestre intelligenti, rilevatori a infrarossi, termistori e cos\u00ec via.<\/p>\n<p>VIMATERIAL fornisce polvere di ossido di vanadio VO2, la polvere di ossido di vanadio VO2 fornita dalla nostra azienda presenta i vantaggi di elevata purezza, granulometria uniforme, buona stabilit\u00e0 e cos\u00ec via. Siamo un fornitore professionale di materie prime chimiche inorganiche, vi preghiamo di<span style=\"color: #0000ff;\"> <a style=\"color: #0000ff;\" href=\"https:\/\/vimaterial.de\/en\/contact-us\/\">contattarci<\/a> <span style=\"color: #000000;\">per<\/span><\/span><span style=\"color: #000000;\"> un<\/span>ny delle vostre esigenze. <\/p>\n<h2><span style=\"font-size: 14pt;\">Propriet\u00e0 fisiche<\/span><\/h2>\n<p>Formula molecolare: VO\u2082.<\/p>\n<p>Peso molecolare: 82,94<\/p>\n<p>Aspetto: polvere di cristallo blu scuro<\/p>\n<p>Densit\u00e0: 4,234 g\/mL (25 \u00b0C)<\/p>\n<p>Punto di fusione: 1640\u00b0C<\/p>\n<p>Struttura cristallina: struttura cristallina monoclina, composta da ottaedri VO\u2086 e tetraedri VO\u2085, gli ottaedri VO\u2086 sono collegati da co-edge per formare una struttura a catena e i tetraedri VO\u2085 sono collegati da co-top per formare una struttura a strati.<\/p>\n<h2><span style=\"font-size: 14pt;\">Applicazioni<\/span><\/h2>\n<p>Campo di controllo della temperatura intelligente: la polvere di VO\u2082 pu\u00f2 essere utilizzata per preparare un film di controllo della temperatura intelligente, che pu\u00f2 essere applicato al rivestimento in vetro delle finestre degli edifici, al rivestimento trasparente dei tetti, ecc., Per ottenere la regolazione automatica della temperatura, in modo da ottenere l&#8217;effetto del calore in inverno e della freschezza in estate.<\/p>\n<p>Dispositivi elettronici: la polvere di VO\u2082 pu\u00f2 essere utilizzata come materiale per dispositivi di commutazione ottici ed elettrici a causa dell&#8217;improvviso cambiamento di resistivit\u00e0 e trasmittanza della luce infrarossa nel punto di transizione di fase.<\/p>\n<p>Campo di archiviazione dati: la polvere VO\u2082 ha propriet\u00e0 ottiche bistabili e pu\u00f2 essere utilizzata come materiale per supporti ottici con propriet\u00e0 leggibili, scrivibili e cancellabili.<\/p>\n<p>Campo del sensore: la polvere VO\u2082 pu\u00f2 essere trasformata in termistore, la sua resistivit\u00e0 con la temperatura dell&#8217;alto tasso di cambiamento, pu\u00f2 essere utilizzata anche per preparare rilevatori a infrarossi, sensori di temperatura e altri sensori di deformazione ad alta sensibilit\u00e0.<\/p>\n<h2><span style=\"font-size: 14pt;\">Controllo qualit\u00e0<\/span><\/h2>\n<p><span style=\"color: #0000ff;\"><a style=\"color: #0000ff;\" href=\"https:\/\/vimaterial.de\/en\/quality-control\/\">Ogni lotto<\/a><\/span> di prodotti segue rigorosi principi di controllo della qualit\u00e0, garantendo che ogni lotto di materiali provenienti dall&#8217;acquisto, dalla lavorazione e dai prodotti finiti delle materie prime fuori dal magazzino sia dotato di strumenti avanzati, rigorosi standard di ispezione e registri di ispezione perfetti per garantire che la qualit\u00e0 del prodotto possa essere controllata e la tracciabilit\u00e0 del prodotto, e ogni lotto di prodotti \u00e8 accompagnato da MSDS,  Rapporti COA, TDS, PSD e XRD, ecc. Forniamo anche campioni di ogni lotto di prodotti. Ogni lotto di prodotti fornir\u00e0 campioni ai clienti, supportando anche i clienti per richiedere a organizzazioni di test di terze parti di testare i prodotti.  <\/p>\n<h2><span style=\"font-size: 14pt;\">Imballaggio e stoccaggio<\/span><\/h2>\n<p>Le polveri di ossido di vanadio VO2 sono confezionate in sacchetti a doppio vuoto o in flaconi a doppio vuoto con cartoni esterni.<\/p>\n<p>La polvere di ossido di vanadio VO2 deve essere conservata in un ambiente asciutto, fresco, ben ventilato, in un imballaggio sigillato, per evitare l&#8217;umidit\u00e0 e il contatto con forti agenti riducenti, acidi e altre sostanze che possono reagire e lontano da fonti di accensione e calore.<\/p>\n","protected":false},"excerpt":{"rendered":"<p><span style=\"color: #0000ff;\"><a style=\"color: #0000ff;\" href=\"https:\/\/vimaterial.de\/en\/product\/vanadium-oxide-sputtering-target\/\">Ossido di vanadio<\/a><\/span> La polvere VO2 \u00e8 una polvere blu scuro o nera, composta principalmente da vanadio e ossigeno, con propriet\u00e0 termocromiche uniche, ha una vasta gamma di applicazioni in molti campi come finestre intelligenti, rilevatori a infrarossi, termistori e cos\u00ec via.<\/p>\n","protected":false},"featured_media":1001123,"comment_status":"open","ping_status":"closed","template":"","meta":{"_acf_changed":false},"product_brand":[],"product_cat":[205],"product_tag":[],"class_list":{"0":"post-1012394","1":"product","2":"type-product","3":"status-publish","4":"has-post-thumbnail","6":"product_cat-materiali-ossidi-idrossidi","8":"first","9":"instock","10":"shipping-taxable","11":"purchasable","12":"product-type-variable"},"acf":[],"_links":{"self":[{"href":"https:\/\/vimaterial.de\/it\/wp-json\/wp\/v2\/product\/1012394","targetHints":{"allow":["GET"]}}],"collection":[{"href":"https:\/\/vimaterial.de\/it\/wp-json\/wp\/v2\/product"}],"about":[{"href":"https:\/\/vimaterial.de\/it\/wp-json\/wp\/v2\/types\/product"}],"replies":[{"embeddable":true,"href":"https:\/\/vimaterial.de\/it\/wp-json\/wp\/v2\/comments?post=1012394"}],"wp:featuredmedia":[{"embeddable":true,"href":"https:\/\/vimaterial.de\/it\/wp-json\/wp\/v2\/media\/1001123"}],"wp:attachment":[{"href":"https:\/\/vimaterial.de\/it\/wp-json\/wp\/v2\/media?parent=1012394"}],"wp:term":[{"taxonomy":"product_brand","embeddable":true,"href":"https:\/\/vimaterial.de\/it\/wp-json\/wp\/v2\/product_brand?post=1012394"},{"taxonomy":"product_cat","embeddable":true,"href":"https:\/\/vimaterial.de\/it\/wp-json\/wp\/v2\/product_cat?post=1012394"},{"taxonomy":"product_tag","embeddable":true,"href":"https:\/\/vimaterial.de\/it\/wp-json\/wp\/v2\/product_tag?post=1012394"}],"curies":[{"name":"wp","href":"https:\/\/api.w.org\/{rel}","templated":true}]}}