{"id":1012374,"date":"2024-06-17T14:32:02","date_gmt":"2024-06-17T06:32:02","guid":{"rendered":"https:\/\/vimaterial.de\/product\/ossido-di-vanadio-ossido-di-tungsteno\/"},"modified":"2025-04-17T17:01:38","modified_gmt":"2025-04-17T09:01:38","slug":"ossido-di-vanadio-ossido-di-tungsteno","status":"publish","type":"product","link":"https:\/\/vimaterial.de\/it\/product\/ossido-di-vanadio-ossido-di-tungsteno\/","title":{"rendered":"Ossido di vanadio-ossido di tungsteno"},"content":{"rendered":"<p>L&#8217;ossido di vanadio-ossido di tungsteno \u00e8 una miscela di biossido di vanadio e triossido di tungsteno, che viene utilizzata nella deposizione fisica da vapore per depositare film sottili con propriet\u00e0 termocromiche ed elettrocromiche sul substrato. Pu\u00f2 essere utilizzato nel campo delle finestre intelligenti per regolare la luce e la temperatura in modo pi\u00f9 accurato e nel campo dei display per ottenere la commutazione flessibile di pi\u00f9 stati ottici. <\/p>\n<p>VIMATERIAL fornisce bersagli sputtering di ossido di vanadio e ossido di tungsteno con una purezza del 99,9%. I nostri bersagli sputtering di ossido di vanadio-ossido di tungsteno presentano i vantaggi di temperature di cambiamento di fase regolabili intorno alla temperatura ambiente, propriet\u00e0 termocromiche ed elettrocromiche combinate, densit\u00e0 e adesione del film migliorate e la possibilit\u00e0 di espandersi a pi\u00f9 applicazioni e una buona compatibilit\u00e0 con i processi esistenti. Lavoriamo nell&#8217;industria chimica inorganica da molti anni. Lavoriamo da molti anni su prodotti chimici inorganici e forniamo anche un servizio di legatura del bersaglio sputtering. Abbiamo un team esperto e professionale per accettare personalizzazioni ed esperimenti, vi preghiamo di <span style=\"color: #0000ff;\"><a style=\"color: #0000ff;\" href=\"https:\/\/vimaterial.de\/en\/contact-us\/\">contattarci<\/a><\/span> se necessario.    <\/p>\n<h2><span style=\"font-size: 14pt;\">Propriet\u00e0 fisiche<\/span><\/h2>\n<p>Formula molecolare: VO2\/WO3<\/p>\n<p>Aspetto: Colore dal blu scuro al grigio<\/p>\n<p>Propriet\u00e0 elettriche: combinando le propriet\u00e0 termocromiche del VO\u2082 e le propriet\u00e0 elettrocromiche del WO\u2083, le propriet\u00e0 elettriche sono pi\u00f9 varie a diverse temperature e condizioni di campo elettrico, consentendo una regolazione pi\u00f9 flessibile della conducibilit\u00e0.<\/p>\n<p>Propriet\u00e0 ottiche: le propriet\u00e0 ottiche del film, come la trasmittanza e l&#8217;assorbanza nelle regioni di luce visibile e infrarossa, possono essere ottimizzate regolando il rapporto di drogaggio e il processo di preparazione, in modo da soddisfare i requisiti delle propriet\u00e0 ottiche in diversi scenari applicativi.<\/p>\n<h2><span style=\"font-size: 14pt;\">Applicazioni<\/span><\/h2>\n<p>Finestre intelligenti: i bersagli sputtering drogati con ossido di vanadio-ossido di tungsteno possono essere utilizzati per preparare rivestimenti per finestre intelligenti, in grado di regolare con precisione la velocit\u00e0 di trasmissione della luce delle finestre in base alle variazioni della temperatura ambiente e dell&#8217;illuminazione, sfruttando le loro propriet\u00e0 termocromiche ed elettrocromiche, ottenendo un equilibrio dinamico tra illuminazione interna e isolamento termico e riducendo il consumo energetico degli edifici.<\/p>\n<p>Nel campo dei dispositivi di visualizzazione: nei display a cristalli liquidi, e-paper e altri dispositivi di visualizzazione, i film sottili depositati dal bersaglio drogato possono rispondere alle variazioni dei segnali elettrici o della temperatura, cambiando rapidamente lo stato ottico, arricchendo i colori e il contrasto del display e migliorando l&#8217;effetto visivo e l&#8217;esperienza interattiva.<\/p>\n<p>Rilevamento a infrarossi: utilizzato nel rivestimento superficiale del rivelatore a infrarossi, con prestazioni termocromiche ottimizzate, pu\u00f2 modificare con precisione le caratteristiche di assorbimento e riflessione degli infrarossi con sottili variazioni della temperatura dell&#8217;oggetto bersaglio, migliorare la capacit\u00e0 del rivelatore di catturare segnali infrarossi deboli e migliorare la precisione del rilevamento.<\/p>\n<p>Campo di memorizzazione ottica: il bersaglio sputtering drogato con ossido di vanadio-ossido di tungsteno viene utilizzato per realizzare supporti di memorizzazione ottica, combinando le speciali propriet\u00e0 fotoelettriche dei due, per ottenere una maggiore densit\u00e0 di memorizzazione dei dati e una rapida lettura\/scrittura attraverso la regolazione della temperatura e del campo elettrico durante la scrittura e la lettura del laser, per soddisfare le esigenze dell&#8217;era dei big data.<\/p>\n<h2><span style=\"font-size: 14pt;\">Controllo qualit\u00e0<\/span><\/h2>\n<p><span style=\"color: #0000ff;\"><a style=\"color: #0000ff;\" href=\"https:\/\/vimaterial.de\/en\/quality-control\/\">Ogni lotto<\/a><\/span> di prodotti segue rigorosi principi di controllo della qualit\u00e0, a tutto tondo per garantire che ogni lotto di materiali dall&#8217;approvvigionamento delle materie prime, alla lavorazione, ai prodotti finiti fuori dal magazzino abbia strumenti avanzati, rigorosi standard di ispezione, registri di ispezione perfetti, per garantire che la qualit\u00e0 del prodotto possa essere controllata e la tracciabilit\u00e0 del prodotto, ogni lotto di prodotti \u00e8 accompagnato da MSDS,  Rapporti COA, TDS, PSD, XRD, ecc., E ogni lotto di prodotti sar\u00e0 fornito con campioni al cliente, inoltre supportiamo i clienti a richiedere organizzazioni di ispezione di terze parti per ispezionare i prodotti. Forniremo ai clienti campioni di ogni lotto di prodotti e supporteremo anche i clienti nella richiesta di organizzazioni di ispezione di terze parti per ispezionare i prodotti. <\/p>\n<h2><span style=\"font-size: 14pt;\">Imballaggio e stoccaggio<\/span><\/h2>\n<p>L&#8217;ossido di vanadio-ossido di tungsteno viene confezionato in doppi sacchetti sottovuoto e quindi confezionato in cartoni.<\/p>\n<p>L&#8217;ossido di vanadio-ossido di tungsteno deve essere conservato in un ambiente asciutto, fresco e ben ventilato, evitando l&#8217;umidit\u00e0, il contatto con acidi e alcali forti e altre sostanze corrosive, prevenendo che le reazioni redox si verifichino eccessivamente e, allo stesso tempo, evitando collisioni fisiche ed estrusione per garantire la stabilit\u00e0 e l&#8217;integrit\u00e0 del materiale.<\/p>\n","protected":false},"excerpt":{"rendered":"<p>L&#8217;ossido di vanadio-ossido di tungsteno \u00e8 una miscela di biossido di vanadio e triossido di tungsteno, che viene utilizzata nella deposizione fisica da vapore per depositare film sottili con propriet\u00e0 termocromiche ed elettrocromiche sul substrato. Pu\u00f2 essere utilizzato nel campo delle finestre intelligenti per regolare la luce e la temperatura in modo pi\u00f9 accurato e nel campo dei display per ottenere la commutazione flessibile di pi\u00f9 stati ottici. <\/p>\n","protected":false},"featured_media":1001136,"comment_status":"open","ping_status":"closed","template":"","meta":{"_acf_changed":false},"product_brand":[],"product_cat":[197],"product_tag":[],"class_list":{"0":"post-1012374","1":"product","2":"type-product","3":"status-publish","4":"has-post-thumbnail","6":"product_cat-obiettivi-di-sputtering-planari","8":"first","9":"instock","10":"shipping-taxable","11":"product-type-variable"},"acf":[],"_links":{"self":[{"href":"https:\/\/vimaterial.de\/it\/wp-json\/wp\/v2\/product\/1012374","targetHints":{"allow":["GET"]}}],"collection":[{"href":"https:\/\/vimaterial.de\/it\/wp-json\/wp\/v2\/product"}],"about":[{"href":"https:\/\/vimaterial.de\/it\/wp-json\/wp\/v2\/types\/product"}],"replies":[{"embeddable":true,"href":"https:\/\/vimaterial.de\/it\/wp-json\/wp\/v2\/comments?post=1012374"}],"wp:featuredmedia":[{"embeddable":true,"href":"https:\/\/vimaterial.de\/it\/wp-json\/wp\/v2\/media\/1001136"}],"wp:attachment":[{"href":"https:\/\/vimaterial.de\/it\/wp-json\/wp\/v2\/media?parent=1012374"}],"wp:term":[{"taxonomy":"product_brand","embeddable":true,"href":"https:\/\/vimaterial.de\/it\/wp-json\/wp\/v2\/product_brand?post=1012374"},{"taxonomy":"product_cat","embeddable":true,"href":"https:\/\/vimaterial.de\/it\/wp-json\/wp\/v2\/product_cat?post=1012374"},{"taxonomy":"product_tag","embeddable":true,"href":"https:\/\/vimaterial.de\/it\/wp-json\/wp\/v2\/product_tag?post=1012374"}],"curies":[{"name":"wp","href":"https:\/\/api.w.org\/{rel}","templated":true}]}}