{"id":1012358,"date":"2024-06-17T14:32:06","date_gmt":"2024-06-17T06:32:06","guid":{"rendered":"https:\/\/vimaterial.de\/product\/siliciuro-di-vanadio-2\/"},"modified":"2025-04-17T15:42:26","modified_gmt":"2025-04-17T07:42:26","slug":"siliciuro-di-vanadio-2","status":"publish","type":"product","link":"https:\/\/vimaterial.de\/it\/product\/siliciuro-di-vanadio-2\/","title":{"rendered":"Siliciuro di vanadio"},"content":{"rendered":"<p>Il bersaglio sputtering del siliciuro di vanadio \u00e8 un bersaglio composto composto da vanadio e silicio, utilizzato principalmente nel processo di deposizione fisica da vapore, attraverso l&#8217;effetto sputtering degli atomi V e Si depositati sul substrato, risultando in film sottili con elevata durezza, buona stabilit\u00e0 termica, ecc., Che svolgono un ruolo chiave nel campo dei semiconduttori, dei dispositivi elettronici e di altri campi.<\/p>\n<p>VIMATERIAL fornisce bersagli sputtering in siliciuro di vanadio. I nostri bersagli sputtering al siliciuro di vanadio sono caratterizzati da un&#8217;elevata durezza e da una buona stabilit\u00e0. Ci dedichiamo da molti anni alla ricerca di materiali chimici inorganici e forniamo anche il servizio di legatura di bersagli sputtering. Abbiamo un team esperto e professionale per accettare personalizzazioni ed esperimenti, vi preghiamo di <span style=\"color: #0000ff;\"><a style=\"color: #0000ff;\" href=\"https:\/\/vimaterial.de\/en\/contact-us\/\">contattarci<\/a> <\/span>se necessario.   <\/p>\n<h2><span style=\"font-size: 14pt;\">Propriet\u00e0 fisiche<\/span><\/h2>\n<p>Formula molecolare: VSi\u2082<\/p>\n<p>Peso molecolare: 107,07<\/p>\n<p>Aspetto: lucentezza metallizzata grigio argento con un bersaglio superficiale liscio<\/p>\n<p>Densit\u00e0: circa 4,42 g\/cm\u00b3.<\/p>\n<p>Punto di fusione: superiore a 1700\u00b0C<\/p>\n<p>Struttura cristallina: Appartiene al sistema cristallino cubico e ha una struttura cristallina simile a quella dei composti intermetallici, in cui gli atomi di vanadio e gli atomi di silicio formano una struttura reticolare stabile attraverso la miscelazione di legami covalenti e metallici, e gli atomi di silicio circondano gli atomi di vanadio in una disposizione specifica, che conferisce a VSi\u2082 una migliore stabilit\u00e0 e speciali propriet\u00e0 fisico-chimiche.<\/p>\n<h2><span style=\"font-size: 14pt;\">Applicazioni<\/span><\/h2>\n<p>Campo dei semiconduttori: i target di sputtering del siliciuro di vanadio vengono utilizzati per produrre lo strato di interconnessione dei chip semiconduttori. Grazie alla sua buona conducibilit\u00e0 e stabilit\u00e0 termica, VSi\u2082 \u00e8 in grado di ridurre efficacemente il ritardo nella trasmissione del segnale e di garantire le prestazioni elettriche del chip quando funziona ad alta velocit\u00e0. <\/p>\n<p>Industria fotovoltaica: nella produzione di wafer di celle solari, il target pu\u00f2 essere utilizzato per preparare elettrodi o strati di contatto posteriore, sfruttando le sue propriet\u00e0 elettriche uniche per ottimizzare l&#8217;efficienza di conversione fotoelettrica della cella e contribuendo all&#8217;uso efficiente dell&#8217;energia pulita.<\/p>\n<p>Incapsulamento del dispositivo elettronico: come parte del materiale di incapsulamento, il film sottile formato dal bersaglio sputtering VSi\u2082 pu\u00f2 migliorare la resistenza meccanica della struttura di incapsulamento e, allo stesso tempo, in virt\u00f9 della sua stabilit\u00e0 chimica, pu\u00f2 bloccare efficacemente l&#8217;intrusione di vapore acqueo esterno e impurit\u00e0, prolungando cos\u00ec la durata dei dispositivi elettronici.<\/p>\n<h2><span style=\"font-size: 14pt;\">Controllo qualit\u00e0<\/span><\/h2>\n<p>Ogni lotto di prodotti segue rigorosi principi di controllo della qualit\u00e0, a tutto tondo per garantire che ogni lotto di materiali dall&#8217;approvvigionamento delle materie prime, alla lavorazione, ai prodotti finiti fuori dal magazzino abbia strumenti avanzati, rigorosi standard di ispezione, registri di ispezione perfetti, per garantire che la qualit\u00e0 del prodotto possa essere controllata e la tracciabilit\u00e0 del prodotto, ogni lotto di prodotti \u00e8 accompagnato da MSDS,  Rapporti COA, TDS, PSD, XRD, ecc., E ogni lotto di prodotti sar\u00e0 fornito con campioni al cliente, inoltre supportiamo i clienti a richiedere organizzazioni di ispezione di terze parti per ispezionare i prodotti. Forniremo ai clienti campioni di ogni lotto di prodotti e supporteremo anche i clienti nella richiesta di organizzazioni di ispezione di terze parti per ispezionare i prodotti. <\/p>\n<h2><span style=\"font-size: 14pt;\">Imballaggio e stoccaggio<\/span><\/h2>\n<p>I bersagli sputtering di siliciuro di vanadio sono confezionati in doppi sacchetti sottovuoto e inscatolati, quindi confezionati in cartoni.<\/p>\n<p>Il bersaglio per sputtering di siliciuro di vanadio deve essere conservato in un ambiente asciutto, fresco, ben ventilato e stabile alla temperatura per evitare umidit\u00e0 e ossidazione, nonch\u00e9 per prevenire l&#8217;impatto fisico e tenere lontano da sostanze corrosive per garantire che le loro propriet\u00e0 fisiche e chimiche non vengano danneggiate.<\/p>\n","protected":false},"excerpt":{"rendered":"<p>Il bersaglio sputtering del siliciuro di vanadio \u00e8 un bersaglio composto composto da vanadio e silicio, utilizzato principalmente nel processo di deposizione fisica da vapore, attraverso l&#8217;effetto sputtering degli atomi V e Si depositati sul substrato, risultando in film sottili con elevata durezza, buona stabilit\u00e0 termica, ecc., Che svolgono un ruolo chiave nel campo dei [&hellip;]<\/p>\n","protected":false},"featured_media":1001150,"comment_status":"open","ping_status":"closed","template":"","meta":{"_acf_changed":false},"product_brand":[],"product_cat":[197],"product_tag":[],"class_list":{"0":"post-1012358","1":"product","2":"type-product","3":"status-publish","4":"has-post-thumbnail","6":"product_cat-obiettivi-di-sputtering-planari","8":"first","9":"instock","10":"shipping-taxable","11":"product-type-variable"},"acf":[],"_links":{"self":[{"href":"https:\/\/vimaterial.de\/it\/wp-json\/wp\/v2\/product\/1012358","targetHints":{"allow":["GET"]}}],"collection":[{"href":"https:\/\/vimaterial.de\/it\/wp-json\/wp\/v2\/product"}],"about":[{"href":"https:\/\/vimaterial.de\/it\/wp-json\/wp\/v2\/types\/product"}],"replies":[{"embeddable":true,"href":"https:\/\/vimaterial.de\/it\/wp-json\/wp\/v2\/comments?post=1012358"}],"wp:featuredmedia":[{"embeddable":true,"href":"https:\/\/vimaterial.de\/it\/wp-json\/wp\/v2\/media\/1001150"}],"wp:attachment":[{"href":"https:\/\/vimaterial.de\/it\/wp-json\/wp\/v2\/media?parent=1012358"}],"wp:term":[{"taxonomy":"product_brand","embeddable":true,"href":"https:\/\/vimaterial.de\/it\/wp-json\/wp\/v2\/product_brand?post=1012358"},{"taxonomy":"product_cat","embeddable":true,"href":"https:\/\/vimaterial.de\/it\/wp-json\/wp\/v2\/product_cat?post=1012358"},{"taxonomy":"product_tag","embeddable":true,"href":"https:\/\/vimaterial.de\/it\/wp-json\/wp\/v2\/product_tag?post=1012358"}],"curies":[{"name":"wp","href":"https:\/\/api.w.org\/{rel}","templated":true}]}}