{"id":1012344,"date":"2024-06-17T14:32:11","date_gmt":"2024-06-17T06:32:11","guid":{"rendered":"https:\/\/vimaterial.de\/product\/vanadio-titanio\/"},"modified":"2025-04-17T15:38:12","modified_gmt":"2025-04-17T07:38:12","slug":"vanadio-titanio","status":"publish","type":"product","link":"https:\/\/vimaterial.de\/it\/product\/vanadio-titanio\/","title":{"rendered":"Titanio vanadio"},"content":{"rendered":"<p>Il bersaglio sputtering vanadio titanio \u00e8 un materiale vanadio e titanio utilizzato nella deposizione fisica da vapore (PVD), che consente agli atomi V e Ti di depositarsi sulla superficie del substrato durante il processo di sputtering, risultando in un film sottile con elevata durezza, buona resistenza all&#8217;abrasione e alla corrosione, ampiamente utilizzato in molti campi come l&#8217;elettronica e i macchinari.<\/p>\n<p>VIMATERIAL fornisce bersagli sputtering in titanio vanadio. I nostri bersagli sputtering in titanio vanadio sono caratterizzati da elevata purezza, elevata durezza, buona resistenza all&#8217;usura e stabilit\u00e0. Ci dedichiamo da molti anni alla ricerca di materiali chimici inorganici e forniamo anche il servizio di legatura di bersagli sputtering. Abbiamo un team esperto e professionale per accettare personalizzazioni ed esperimenti, vi preghiamo di <span style=\"color: #0000ff;\"><a style=\"color: #0000ff;\" href=\"https:\/\/vimaterial.de\/en\/contact-us\/\">contattarci<\/a><\/span> se necessario.   <\/p>\n<h2><span style=\"font-size: 14pt;\">Propriet\u00e0 fisiche<\/span><\/h2>\n<p>Formula molecolare: VTi<\/p>\n<p>Aspetto: bersaglio a lucentezza metallizzata grigio argento<\/p>\n<h2><span style=\"font-size: 14pt;\">Applicazioni<\/span><\/h2>\n<p>Campo aerospaziale: il bersaglio sputtering in titanio vanadio viene utilizzato per produrre rivestimenti per pale di motori aerospaziali, con la sua elevata durezza e l&#8217;eccellente resistenza alle alte temperature e all&#8217;abrasione, migliora efficacemente la durata delle lame in condizioni di lavoro estreme e garantisce la sicurezza del volo.<\/p>\n<p>Campo della produzione automobilistica: nel pistone del motore dell&#8217;automobile, la valvola e altre parti del rivestimento superficiale formate dal film target, possono ridurre il coefficiente di attrito tra le parti, ridurre l&#8217;usura, migliorare il risparmio di carburante, aiutare il risparmio energetico dell&#8217;automobile e la riduzione delle emissioni.<\/p>\n<p>Campo dell&#8217;informazione elettronica: come materiale di rivestimento per componenti elettronici come lo strato di interconnessione del chip, il film sottile realizzato con bersaglio sputtering in titanio vanadio pu\u00f2 ottimizzare le propriet\u00e0 elettriche, inibire la diffusione del metallo e costruire una solida base per lo sviluppo della miniaturizzazione e delle alte prestazioni dei dispositivi elettronici.<\/p>\n<p>Dispositivi medici: utilizzati nel trattamento superficiale dei dispositivi medici impiantabili, i film depositati dal titanio vanadio hanno una buona biocompatibilit\u00e0 e un&#8217;eccellente resistenza alla corrosione, che riduce il rischio di rigetto del corpo e prolunga la durata dei dispositivi.<\/p>\n<h2><span style=\"font-size: 14pt;\">Controllo qualit\u00e0<\/span><\/h2>\n<p><span style=\"color: #0000ff;\"><a style=\"color: #0000ff;\" href=\"https:\/\/vimaterial.de\/en\/quality-control\/\">Ogni lotto<\/a><\/span> di prodotti segue rigorosi principi di controllo della qualit\u00e0, a tutto tondo per garantire che ogni lotto di materiali dall&#8217;approvvigionamento delle materie prime, alla lavorazione, ai prodotti finiti fuori dal magazzino abbia strumenti avanzati, rigorosi standard di ispezione, registri di ispezione perfetti, per garantire che la qualit\u00e0 del prodotto possa essere controllata e la tracciabilit\u00e0 del prodotto, ogni lotto di prodotti \u00e8 accompagnato da MSDS,  Rapporti COA, TDS, PSD, XRD, ecc., E ogni lotto di prodotti sar\u00e0 fornito con campioni al cliente, inoltre supportiamo i clienti a richiedere organizzazioni di ispezione di terze parti per ispezionare i prodotti. Forniremo ai clienti campioni di ogni lotto di prodotti e supporteremo anche i clienti nella richiesta di organizzazioni di ispezione di terze parti per ispezionare i prodotti. <\/p>\n<h2><span style=\"font-size: 14pt;\">Imballaggio e stoccaggio<\/span><\/h2>\n<p>I bersagli sputtering in titanio vanadio sono confezionati in doppi sacchetti sottovuoto e poi inscatolati in cartoni.<\/p>\n<p>I bersagli sputtering in titanio vanadio devono essere conservati in un ambiente asciutto e ben ventilato con temperatura e umidit\u00e0 relativamente stabili per evitare umidit\u00e0, ossidazione e danni meccanici e lontano da sostanze corrosive e forti fonti di campo magnetico.<\/p>\n","protected":false},"excerpt":{"rendered":"<p>Il bersaglio sputtering vanadio titanio \u00e8 un materiale vanadio e titanio utilizzato nella deposizione fisica da vapore (PVD), che consente agli atomi V e Ti di depositarsi sulla superficie del substrato durante il processo di sputtering, risultando in un film sottile con elevata durezza, buona resistenza all&#8217;abrasione e alla corrosione, ampiamente utilizzato in molti campi come l&#8217;elettronica e i macchinari.<\/p>\n","protected":false},"featured_media":1001166,"comment_status":"open","ping_status":"closed","template":"","meta":{"_acf_changed":false},"product_brand":[],"product_cat":[197],"product_tag":[],"class_list":{"0":"post-1012344","1":"product","2":"type-product","3":"status-publish","4":"has-post-thumbnail","6":"product_cat-obiettivi-di-sputtering-planari","8":"first","9":"instock","10":"shipping-taxable","11":"product-type-variable"},"acf":[],"_links":{"self":[{"href":"https:\/\/vimaterial.de\/it\/wp-json\/wp\/v2\/product\/1012344","targetHints":{"allow":["GET"]}}],"collection":[{"href":"https:\/\/vimaterial.de\/it\/wp-json\/wp\/v2\/product"}],"about":[{"href":"https:\/\/vimaterial.de\/it\/wp-json\/wp\/v2\/types\/product"}],"replies":[{"embeddable":true,"href":"https:\/\/vimaterial.de\/it\/wp-json\/wp\/v2\/comments?post=1012344"}],"wp:featuredmedia":[{"embeddable":true,"href":"https:\/\/vimaterial.de\/it\/wp-json\/wp\/v2\/media\/1001166"}],"wp:attachment":[{"href":"https:\/\/vimaterial.de\/it\/wp-json\/wp\/v2\/media?parent=1012344"}],"wp:term":[{"taxonomy":"product_brand","embeddable":true,"href":"https:\/\/vimaterial.de\/it\/wp-json\/wp\/v2\/product_brand?post=1012344"},{"taxonomy":"product_cat","embeddable":true,"href":"https:\/\/vimaterial.de\/it\/wp-json\/wp\/v2\/product_cat?post=1012344"},{"taxonomy":"product_tag","embeddable":true,"href":"https:\/\/vimaterial.de\/it\/wp-json\/wp\/v2\/product_tag?post=1012344"}],"curies":[{"name":"wp","href":"https:\/\/api.w.org\/{rel}","templated":true}]}}