{"id":1012338,"date":"2024-06-17T14:32:07","date_gmt":"2024-06-17T06:32:07","guid":{"rendered":"https:\/\/vimaterial.de\/product\/tellururo-di-vanadio\/"},"modified":"2025-04-17T15:40:27","modified_gmt":"2025-04-17T07:40:27","slug":"tellururo-di-vanadio","status":"publish","type":"product","link":"https:\/\/vimaterial.de\/it\/product\/tellururo-di-vanadio\/","title":{"rendered":"Tellururo di vanadio"},"content":{"rendered":"<p>La polvere di telluride di vanadio \u00e8 un composto di vanadio e tellurio, \u00e8 una polvere grigio nerastra, solitamente con una lucentezza metallica, che mostra potenziali applicazioni nei materiali termoelettrici, nell&#8217;elettronica e in altri campi.<\/p>\n<p>VIMATERIAL fornisce polvere di tellururo di vanadio. La polvere di siliciuro di vanadio che forniamo ha un&#8217;elevata purezza, particelle uniformi e fini, eccellenti propriet\u00e0 termoelettriche e forte stabilit\u00e0 chimica. Siamo un fornitore professionale di materie prime chimiche inorganiche, vi preghiamo di <span style=\"color: #0000ff;\"><a style=\"color: #0000ff;\" href=\"https:\/\/vimaterial.de\/en\/contact-us\/\">contattarci<\/a><\/span> per qualsiasi vostra esigenza.  <\/p>\n<h2><span style=\"font-size: 14pt;\">Propriet\u00e0 fisiche<\/span><\/h2>\n<p>Formula molecolare: VTe\u2082.<\/p>\n<p>Peso molecolare: 306,14<\/p>\n<p>Aspetto: solitamente polvere nera o grigia<\/p>\n<p>Struttura cristallina: Sistema cristallino esagonale, gruppo spaziale P6\u2083\/mmc, parametri cella a=b=3.970 \u00c5, c=6.280 \u00c5, \u03b1=\u03b2=90\u00b0, \u03b3=120\u00b0. Nella struttura cristallina, gli atomi di vanadio e tellurio interagiscono tra loro attraverso legami covalenti e metallici per formare una struttura a strati, con ogni strato costituito da strati alternati di atomi di vanadio e tellurio, e gli strati interagiscono tra loro attraverso deboli forze di van der Waals. <\/p>\n<h2><span style=\"font-size: 14pt;\">Applicazioni<\/span><\/h2>\n<p>Termoelettricit\u00e0: le polveri di Tellururo di Vanadio possono essere trasformate in materiali termoelettrici, che possono essere utilizzati nei generatori di energia a differenza di temperatura per convertire in modo efficiente l&#8217;energia termica di bassa qualit\u00e0, come il calore di scarto industriale e il calore geotermico, in energia elettrica e realizzare il riciclaggio dell&#8217;energia.<\/p>\n<p>Elettronica: la polvere di Tellururo di Vanadio \u00e8 un materiale chiave nella produzione di chip elettronici. Con le sue propriet\u00e0 elettriche uniche, la polvere di tellururo di vanadio pu\u00f2 aiutare a produrre transistor ad alte prestazioni e bassa potenza e altri componenti elettronici e migliorare la velocit\u00e0 di calcolo dei prodotti elettronici. <\/p>\n<p>Veicolo a nuova energia: viene utilizzato nel sistema di gestione termica della batteria dei veicoli a nuova energia. Con la sua eccellente conduttivit\u00e0 termica, pu\u00f2 equalizzare rapidamente la temperatura del pacco batteria, prolungare la durata della batteria e garantire la stabilit\u00e0 dell&#8217;autonomia del veicolo. <\/p>\n<p>Aerospaziale: utilizzata nei componenti termici delle apparecchiature elettroniche nei veicoli aerospaziali, la polvere di tellururo di vanadio pu\u00f2 funzionare in modo efficiente in ambienti estremi per garantire il funzionamento stabile delle apparecchiature elettroniche di precisione e migliorare la sicurezza del volo.<\/p>\n<h2><span style=\"font-size: 14pt;\">Controllo qualit\u00e0<\/span><\/h2>\n<p><span style=\"color: #0000ff;\"><a style=\"color: #0000ff;\" href=\"https:\/\/vimaterial.de\/en\/quality-control\/\">Ogni lotto<\/a><\/span> di prodotti segue rigorosi principi di controllo della qualit\u00e0, garantendo che ogni lotto di materiali provenienti dall&#8217;acquisto, dalla lavorazione e dai prodotti finiti delle materie prime fuori dal magazzino sia dotato di strumenti avanzati, rigorosi standard di ispezione e registri di ispezione perfetti per garantire che la qualit\u00e0 del prodotto possa essere controllata e la tracciabilit\u00e0 del prodotto, e ogni lotto di prodotti \u00e8 accompagnato da MSDS,  Rapporti COA, TDS, PSD e XRD, ecc. Forniamo anche campioni di ogni lotto di prodotti. Ogni lotto di prodotti fornir\u00e0 campioni ai clienti, supportando anche i clienti per richiedere a organizzazioni di test di terze parti di testare i prodotti.  <\/p>\n<h2><span style=\"font-size: 14pt;\">Imballaggio e stoccaggio<\/span><\/h2>\n<p>Le polveri di Valleruro di Vanadio sono confezionate in sacchetti a doppio vuoto o in flaconi a doppio vuoto in cartoni.<\/p>\n<p>La polvere di Bendururo di Vanadio deve essere conservata in un ambiente asciutto, fresco, ben ventilato e sigillato, lontano da acqua, fuoco, agenti ossidanti forti e sostanze corrosive per evitare il deterioramento dovuto a umidit\u00e0, ossidazione, decomposizione o reazione chimica.<\/p>\n","protected":false},"excerpt":{"rendered":"<p>La polvere di telluride di vanadio \u00e8 un composto di vanadio e tellurio, \u00e8 una polvere grigio nerastra, solitamente con una lucentezza metallica, che mostra potenziali applicazioni nei materiali termoelettrici, nell&#8217;elettronica e in altri campi.<\/p>\n","protected":false},"featured_media":1001159,"comment_status":"open","ping_status":"closed","template":"","meta":{"_acf_changed":false},"product_brand":[],"product_cat":[200],"product_tag":[],"class_list":{"0":"post-1012338","1":"product","2":"type-product","3":"status-publish","4":"has-post-thumbnail","6":"product_cat-materiali-calcogenidici","8":"first","9":"instock","10":"shipping-taxable","11":"product-type-variable"},"acf":[],"_links":{"self":[{"href":"https:\/\/vimaterial.de\/it\/wp-json\/wp\/v2\/product\/1012338","targetHints":{"allow":["GET"]}}],"collection":[{"href":"https:\/\/vimaterial.de\/it\/wp-json\/wp\/v2\/product"}],"about":[{"href":"https:\/\/vimaterial.de\/it\/wp-json\/wp\/v2\/types\/product"}],"replies":[{"embeddable":true,"href":"https:\/\/vimaterial.de\/it\/wp-json\/wp\/v2\/comments?post=1012338"}],"wp:featuredmedia":[{"embeddable":true,"href":"https:\/\/vimaterial.de\/it\/wp-json\/wp\/v2\/media\/1001159"}],"wp:attachment":[{"href":"https:\/\/vimaterial.de\/it\/wp-json\/wp\/v2\/media?parent=1012338"}],"wp:term":[{"taxonomy":"product_brand","embeddable":true,"href":"https:\/\/vimaterial.de\/it\/wp-json\/wp\/v2\/product_brand?post=1012338"},{"taxonomy":"product_cat","embeddable":true,"href":"https:\/\/vimaterial.de\/it\/wp-json\/wp\/v2\/product_cat?post=1012338"},{"taxonomy":"product_tag","embeddable":true,"href":"https:\/\/vimaterial.de\/it\/wp-json\/wp\/v2\/product_tag?post=1012338"}],"curies":[{"name":"wp","href":"https:\/\/api.w.org\/{rel}","templated":true}]}}