{"id":1012325,"date":"2024-06-17T14:32:11","date_gmt":"2024-06-17T06:32:11","guid":{"rendered":"https:\/\/vimaterial.de\/product\/vanadio-tungsteno\/"},"modified":"2025-04-17T15:34:58","modified_gmt":"2025-04-17T07:34:58","slug":"vanadio-tungsteno","status":"publish","type":"product","link":"https:\/\/vimaterial.de\/it\/product\/vanadio-tungsteno\/","title":{"rendered":"Vanadio Tungsteno"},"content":{"rendered":"<p>Il bersaglio sputtering del tungsteno del vanadio \u00e8 un genere di bersaglio della lega fatto di vanadio e tungsteno, che pricipalmente viene utilizzato nel processo di deposizione fisica del vapore, attraverso lo sputtering per fare gli atomi V e W depositati sul substrato, per formare un film sottile con l&#8217;alta durezza, buona resistenza all&#8217;abrasione e resistenza alle alte temperature, ecc., che svolge un ruolo importante nel campo dell&#8217;elettronica,  macchinari e altri settori.<\/p>\n<p>VIMATERIAL fornisce bersagli sputtering in vanadio e tungsteno. I nostri bersagli sputtering vanadio e tungsteno sono caratterizzati da un alto punto di fusione e un&#8217;elevata durezza, e i film sottili da essi formati hanno un&#8217;eccellente resistenza all&#8217;abrasione, resistenza alle alte temperature e buona stabilit\u00e0 chimica. Ci dedichiamo da molti anni alla ricerca di materiali chimici inorganici e forniamo anche il servizio di legatura di bersagli sputtering. Abbiamo un team esperto e professionale per accettare personalizzazioni ed esperimenti, vi preghiamo di<span style=\"color: #0000ff;\"><a style=\"color: #0000ff;\" href=\"https:\/\/vimaterial.de\/en\/contact-us\/\"> contattarci<\/a><\/span> se necessario.   <\/p>\n<h2><span style=\"font-size: 14pt;\">Propriet\u00e0 fisiche<\/span><\/h2>\n<p>Formula molecolare: VW<\/p>\n<p>Aspetto: bersagli generalmente di lucentezza metallizzata grigio argenteo<\/p>\n<p>Densit\u00e0: tra 18,9-19,3 g\/cm\u00b3.<\/p>\n<p>Punto di ebollizione: superiore a 3000\u00b0C<\/p>\n<p>Struttura cristallina: struttura cubica prevalentemente corpocentrata<\/p>\n<h2><span style=\"font-size: 14pt;\">Applicazioni<\/span><\/h2>\n<p>Campo elettronico: il bersaglio sputtering di vanadio e tungsteno viene utilizzato nello strato di metallizzazione dei chip elettronici, utilizzando la sua elevata conduttivit\u00e0 e resistenza alle alte temperature, pu\u00f2 ridurre efficacemente la perdita di trasmissione del segnale e garantire che il chip funzioni stabilmente in condizioni di elevata integrazione e alta velocit\u00e0 di calcolo.<\/p>\n<p>Campo aerospaziale: il film sottile formato dal materiale target si deposita sulla superficie delle parti ad alta temperatura del motore aeronautico, che pu\u00f2 resistere efficacemente all&#8217;attrito tra il lavaggio del gas ad alta temperatura e le parti per prolungare la durata delle parti del motore in virt\u00f9 delle sue eccellenti propriet\u00e0 di resistenza alle alte temperature e all&#8217;usura.<\/p>\n<p>Industria automobilistica: utilizzato nei motori automobilistici, nei pistoni, nelle valvole e in altre parti mobili del rivestimento superficiale, la sua elevata durezza e buona resistenza all&#8217;usura possono ridurre l&#8217;usura tra le parti, migliorare l&#8217;affidabilit\u00e0 del motore e l&#8217;efficienza del carburante.<\/p>\n<p>Industria del rivestimento sottovuoto: nelle apparecchiature di rivestimento sottovuoto, il bersaglio viene spruzzato per formare un film sottile sulla superficie di lenti ottiche, oggetti decorativi e altri oggetti, che possono conferire loro caratteristiche come elevata durezza e alta riflettivit\u00e0 e migliorare la qualit\u00e0 e l&#8217;estetica dei prodotti.<\/p>\n<h2><span style=\"font-size: 14pt;\">Controllo qualit\u00e0<\/span><\/h2>\n<p><span style=\"color: #0000ff;\"><a style=\"color: #0000ff;\" href=\"https:\/\/vimaterial.de\/en\/quality-control\/\">Ogni lotto<\/a><\/span> di prodotti segue rigorosi principi di controllo della qualit\u00e0, a tutto tondo per garantire che ogni lotto di materiali dall&#8217;approvvigionamento delle materie prime, alla lavorazione, ai prodotti finiti fuori dal magazzino abbia strumenti avanzati, rigorosi standard di ispezione, registri di ispezione perfetti, per garantire che la qualit\u00e0 del prodotto possa essere controllata e la tracciabilit\u00e0 del prodotto, ogni lotto di prodotti \u00e8 accompagnato da MSDS,  Rapporti COA, TDS, PSD, XRD, ecc., E ogni lotto di prodotti sar\u00e0 fornito con campioni al cliente, inoltre supportiamo i clienti a richiedere organizzazioni di ispezione di terze parti per ispezionare i prodotti. Forniremo ai clienti campioni di ogni lotto di prodotti e supporteremo anche i clienti nella richiesta di organizzazioni di ispezione di terze parti per ispezionare i prodotti. <\/p>\n<h2><span style=\"font-size: 14pt;\">Imballaggio e stoccaggio<\/span><\/h2>\n<p>I bersagli sputtering vanadio e tungsteno sono confezionati in doppi sacchetti sottovuoto e inscatolati, quindi confezionati in cartoni.<\/p>\n<p>I bersagli sputtering di vanadio e tungsteno devono essere conservati in un ambiente asciutto, fresco e ben ventilato, evitando l&#8217;umidit\u00e0, il contatto con sostanze corrosive e le collisioni violente, e allo stesso tempo devono essere tenuti lontani da alte temperature e fonti di fiamme libere, in modo da garantire la stabilit\u00e0 della sua composizione e l&#8217;integrit\u00e0 della sua forma fisica.<\/p>\n","protected":false},"excerpt":{"rendered":"<p>Il bersaglio sputtering del tungsteno del vanadio \u00e8 un genere di bersaglio della lega fatto di vanadio e tungsteno, che pricipalmente viene utilizzato nel processo di deposizione fisica del vapore, attraverso lo sputtering per fare gli atomi V e W depositati sul substrato, per formare un film sottile con l&#8217;alta durezza, buona resistenza all&#8217;abrasione e resistenza alle alte temperature, ecc., che svolge un ruolo importante nel campo dell&#8217;elettronica,  macchinari e altri settori.<\/p>\n","protected":false},"featured_media":1001173,"comment_status":"open","ping_status":"closed","template":"","meta":{"_acf_changed":false},"product_brand":[],"product_cat":[197],"product_tag":[],"class_list":{"0":"post-1012325","1":"product","2":"type-product","3":"status-publish","4":"has-post-thumbnail","6":"product_cat-obiettivi-di-sputtering-planari","8":"first","9":"instock","10":"shipping-taxable","11":"product-type-variable"},"acf":[],"_links":{"self":[{"href":"https:\/\/vimaterial.de\/it\/wp-json\/wp\/v2\/product\/1012325","targetHints":{"allow":["GET"]}}],"collection":[{"href":"https:\/\/vimaterial.de\/it\/wp-json\/wp\/v2\/product"}],"about":[{"href":"https:\/\/vimaterial.de\/it\/wp-json\/wp\/v2\/types\/product"}],"replies":[{"embeddable":true,"href":"https:\/\/vimaterial.de\/it\/wp-json\/wp\/v2\/comments?post=1012325"}],"wp:featuredmedia":[{"embeddable":true,"href":"https:\/\/vimaterial.de\/it\/wp-json\/wp\/v2\/media\/1001173"}],"wp:attachment":[{"href":"https:\/\/vimaterial.de\/it\/wp-json\/wp\/v2\/media?parent=1012325"}],"wp:term":[{"taxonomy":"product_brand","embeddable":true,"href":"https:\/\/vimaterial.de\/it\/wp-json\/wp\/v2\/product_brand?post=1012325"},{"taxonomy":"product_cat","embeddable":true,"href":"https:\/\/vimaterial.de\/it\/wp-json\/wp\/v2\/product_cat?post=1012325"},{"taxonomy":"product_tag","embeddable":true,"href":"https:\/\/vimaterial.de\/it\/wp-json\/wp\/v2\/product_tag?post=1012325"}],"curies":[{"name":"wp","href":"https:\/\/api.w.org\/{rel}","templated":true}]}}