{"id":1012264,"date":"2024-06-17T14:18:54","date_gmt":"2024-06-17T06:18:54","guid":{"rendered":"https:\/\/vimaterial.de\/product\/ioduro-di-calcio-2\/"},"modified":"2024-12-27T15:32:54","modified_gmt":"2024-12-27T07:32:54","slug":"ioduro-di-calcio-2","status":"publish","type":"product","link":"https:\/\/vimaterial.de\/it\/product\/ioduro-di-calcio-2\/","title":{"rendered":"Ioduro di calcio"},"content":{"rendered":"<p>Lo ioduro di calcio (CaI2) \u00e8 il composto ionico di calcio e iodio. Questo solido deliquescente incolore \u00e8 un sale altamente solubile in acqua. Le sue propriet\u00e0 sono simili a quelle dei sali correlati, come il cloruro di calcio. VIMATERIAL fornisce anche polveri di ossido di calcio e bersagli di ossido di calcio. Se hai delle esigenze, contattaci.<\/p>\n<h2><span style=\"font-size: 14pt;\">Propriet\u00e0<\/span><\/h2>\n<p>Formula chimica:CaI2 Massa molare:293,887 g\/mol (anidro), 365,95 g\/mol (tetraidrato)<\/p>\n<p>Aspetto: solido bianco<\/p>\n<p>Densit\u00e0: 3,956 g\/cm3 (anidro) Punto di fusione: 575 \u00b0C Punto di ebollizione: 718 \u00b0C Solubilit\u00e0: facilmente solubile in acqua, leggermente solubile in etanolo e acetone. La sua soluzione acquosa \u00e8 neutra e si dissolve in acido per decomporsi e rilasciare iodio o generare acido iodico.<\/p>\n<h2><span style=\"font-size: 14pt;\">Struttura cristallina dello ioduro di calcio<\/span><\/h2>\n<p>La struttura cristallina del CaI2 appartiene al sistema cristallino cubico, in particolare alla struttura cubica centrata sul corpo. In questa struttura, ogni ione calcio si trova al vertice e al centro del reticolo, mentre ogni ione ioduro si trova al centro della faccia del reticolo. Questa struttura rende il CaI2 stabile e uniforme. Poich\u00e9 la struttura cristallina dello ioduro di calcio ha questa disposizione speciale, ha alcune propriet\u00e0 uniche. Innanzitutto, lo ioduro di calcio \u00e8 un cristallo incolore con una buona trasparenza. In secondo luogo, il CaI2 ha una buona solubilit\u00e0 e pu\u00f2 dissolversi rapidamente in acqua per rilasciare ioni calcio e ioni iodio. Inoltre, lo ioduro di calcio ha anche una certa conducibilit\u00e0 elettrica e pu\u00f2 condurre elettricit\u00e0 in soluzione acquosa. <\/p>\n<h2><span style=\"font-size: 14pt;\">Applicazione<\/span><\/h2>\n<p>Nel campo della chimica, il CaI2 pu\u00f2 essere utilizzato come reagente analitico per la determinazione di ioni metallici come antimonio, zinco e magnesio. Inoltre, pu\u00f2 essere utilizzato anche per preparare altri composti contenenti iodio, come iodati, ioduri, ecc. Lo ioduro di calcio svolge un ruolo importante nella sintesi chimica reagendo chimicamente con altri composti. Nel campo della medicina, CaI2 ha un certo valore medicinale. Pu\u00f2 essere usato per curare malattie come il gozzo e regolare l&#8217;equilibrio dello iodio nel corpo umano integrando lo iodio. Inoltre, lo ioduro di calcio pu\u00f2 essere utilizzato anche per preparare alcuni preparati farmaceutici, come l&#8217;iniezione di ioduro di calcio, per il trattamento di malattie correlate.  <\/p>\n<h2><span style=\"font-size: 14pt;\">Controllo qualit\u00e0<\/span><\/h2>\n<p>I nostri prodotti implementano il pi\u00f9 rigoroso sistema di gestione della qualit\u00e0. Esistono rigorosi standard di ispezione per i materiali in entrata, i processi, le ispezioni finali e le ispezioni in fabbrica. Saranno adottate rigorose misure di isolamento per la lavorazione non qualificata per evitare che i prodotti non qualificati fluiscano nel processo successivo. I campioni saranno forniti ai clienti in base alle esigenze del cliente per una nuova ispezione.   <\/p>\n<h2><span style=\"font-size: 14pt;\">Imballaggio e stoccaggio<\/span><\/h2>\n<p>Confezionamento sottovuoto, la quantit\u00e0 di imballaggio pu\u00f2 essere fornita in base alle esigenze del cliente e confezionata separatamente. Deve essere conservato in un magazzino fresco, ventilato e a prova di luce. Dovrebbe essere protetto dalla pioggia e dal sole durante il trasporto. Deve essere maneggiato con cura durante il carico e lo scarico e le vibrazioni e gli urti sono severamente vietati. In caso di incendio, per estinguere l&#8217;incendio possono essere utilizzati estintori a sabbia e anidride carbonica.<\/p>\n","protected":false},"excerpt":{"rendered":"<p>Lo ioduro di calcio (CaI2) \u00e8 il composto ionico di calcio e iodio. Questo solido deliquescente incolore \u00e8 un sale altamente solubile in acqua. Le sue propriet\u00e0 sono simili a quelle dei sali correlati, come il cloruro di calcio. VIMATERIAL fornisce anche polveri di ossido di calcio e bersagli di ossido di calcio. Se hai [&hellip;]<\/p>\n","protected":false},"featured_media":1030004,"comment_status":"open","ping_status":"closed","template":"","meta":{"_acf_changed":false},"product_brand":[],"product_cat":[198],"product_tag":[],"class_list":{"0":"post-1012264","1":"product","2":"type-product","3":"status-publish","4":"has-post-thumbnail","6":"product_cat-materiali-per-levaporazione","8":"first","9":"instock","10":"shipping-taxable","11":"product-type-variable"},"acf":[],"_links":{"self":[{"href":"https:\/\/vimaterial.de\/it\/wp-json\/wp\/v2\/product\/1012264","targetHints":{"allow":["GET"]}}],"collection":[{"href":"https:\/\/vimaterial.de\/it\/wp-json\/wp\/v2\/product"}],"about":[{"href":"https:\/\/vimaterial.de\/it\/wp-json\/wp\/v2\/types\/product"}],"replies":[{"embeddable":true,"href":"https:\/\/vimaterial.de\/it\/wp-json\/wp\/v2\/comments?post=1012264"}],"wp:featuredmedia":[{"embeddable":true,"href":"https:\/\/vimaterial.de\/it\/wp-json\/wp\/v2\/media\/1030004"}],"wp:attachment":[{"href":"https:\/\/vimaterial.de\/it\/wp-json\/wp\/v2\/media?parent=1012264"}],"wp:term":[{"taxonomy":"product_brand","embeddable":true,"href":"https:\/\/vimaterial.de\/it\/wp-json\/wp\/v2\/product_brand?post=1012264"},{"taxonomy":"product_cat","embeddable":true,"href":"https:\/\/vimaterial.de\/it\/wp-json\/wp\/v2\/product_cat?post=1012264"},{"taxonomy":"product_tag","embeddable":true,"href":"https:\/\/vimaterial.de\/it\/wp-json\/wp\/v2\/product_tag?post=1012264"}],"curies":[{"name":"wp","href":"https:\/\/api.w.org\/{rel}","templated":true}]}}