{"id":1012252,"date":"2024-06-17T14:18:54","date_gmt":"2024-06-17T06:18:54","guid":{"rendered":"https:\/\/vimaterial.de\/product\/ossido-di-calcio-3\/"},"modified":"2024-12-27T14:52:01","modified_gmt":"2024-12-27T06:52:01","slug":"ossido-di-calcio-3","status":"publish","type":"product","link":"https:\/\/vimaterial.de\/it\/product\/ossido-di-calcio-3\/","title":{"rendered":"Ossido di calcio"},"content":{"rendered":"<p>I granuli di ossido di calcio (CaO) sono un composto inorganico con la formula chimica del CaO, comunemente noto come calce viva. VIMATERIAL fornisce anche polveri di ossido di calcio e bersagli di ossido di calcio. Se hai delle esigenze, contattaci.<\/p>\n<h2><span style=\"font-size: 14pt;\">Propriet\u00e0<\/span><\/h2>\n<p>Formula chimica: CaO Massa molare: 56,0774 g\/mol Aspetto: polvere da bianca a giallo pallido\/marrone<\/p>\n<p>Odore: inodore<\/p>\n<p>Densit\u00e0:3,34 g\/cm3 Punto di fusione:2.613 \u00b0C Punto di ebollizione:2.850 \u00b0C Solubilit\u00e0 in acqua:Reagisce formando idrossido di calcio Solubilit\u00e0 in metanolo:Insolubile<\/p>\n<h2><span style=\"font-size: 14pt;\">Applicazione<\/span><\/h2>\n<p>Facile da assorbire l&#8217;acqua e spesso utilizzato come essiccante I granuli di ossido di calcio vengono utilizzati per la disinfezione ambientale Utilizzato principalmente nell&#8217;edilizia e utilizzato per produrre carburo di calcio, alcali liquidi, polvere sbiancante e gesso.<\/p>\n<h2><span style=\"font-size: 14pt;\">Controllo qualit\u00e0<\/span><\/h2>\n<p>I nostri prodotti implementano il pi\u00f9 rigoroso sistema di gestione della qualit\u00e0. Esistono rigorosi standard di ispezione per i materiali in entrata, i processi, le ispezioni finali e le ispezioni in fabbrica. Saranno adottate rigorose misure di isolamento per la lavorazione non qualificata per evitare che i prodotti non qualificati fluiscano nel processo successivo. I campioni saranno forniti ai clienti in base alle esigenze del cliente per una nuova ispezione.   <\/p>\n<h2><span style=\"font-size: 14pt;\">Imballaggio e stoccaggio<\/span><\/h2>\n<p>Confezionamento sottovuoto, la quantit\u00e0 di imballaggio pu\u00f2 essere fornita in base alle esigenze del cliente e confezionata separatamente. Poich\u00e9 i granuli di ossido di calcio sono altamente igroscopici e corrosivi, \u00e8 necessario adottare misure come l&#8217;impermeabilizzazione, l&#8217;impermeabilizzazione e la tenuta durante lo stoccaggio e il trasporto. Quando si utilizza l&#8217;ossido di calcio, deve essere eseguito in stretta conformit\u00e0 con le normative e le procedure operative pertinenti in base a specifici campi di applicazione e scenari per garantire una produzione sicura.<\/p>\n","protected":false},"excerpt":{"rendered":"<p>I granuli di ossido di calcio (CaO) sono un composto inorganico con la formula chimica del CaO, comunemente noto come calce viva. VIMATERIAL fornisce anche polveri di ossido di calcio e bersagli di ossido di calcio. Se hai delle esigenze, contattaci. Propriet\u00e0 Formula chimica: CaO Massa molare: 56,0774 g\/mol Aspetto: polvere da bianca a giallo [&hellip;]<\/p>\n","protected":false},"featured_media":1030009,"comment_status":"open","ping_status":"closed","template":"","meta":{"_acf_changed":false},"product_brand":[],"product_cat":[198],"product_tag":[],"class_list":{"0":"post-1012252","1":"product","2":"type-product","3":"status-publish","4":"has-post-thumbnail","6":"product_cat-materiali-per-levaporazione","8":"first","9":"instock","10":"shipping-taxable","11":"product-type-variable"},"acf":[],"_links":{"self":[{"href":"https:\/\/vimaterial.de\/it\/wp-json\/wp\/v2\/product\/1012252","targetHints":{"allow":["GET"]}}],"collection":[{"href":"https:\/\/vimaterial.de\/it\/wp-json\/wp\/v2\/product"}],"about":[{"href":"https:\/\/vimaterial.de\/it\/wp-json\/wp\/v2\/types\/product"}],"replies":[{"embeddable":true,"href":"https:\/\/vimaterial.de\/it\/wp-json\/wp\/v2\/comments?post=1012252"}],"wp:featuredmedia":[{"embeddable":true,"href":"https:\/\/vimaterial.de\/it\/wp-json\/wp\/v2\/media\/1030009"}],"wp:attachment":[{"href":"https:\/\/vimaterial.de\/it\/wp-json\/wp\/v2\/media?parent=1012252"}],"wp:term":[{"taxonomy":"product_brand","embeddable":true,"href":"https:\/\/vimaterial.de\/it\/wp-json\/wp\/v2\/product_brand?post=1012252"},{"taxonomy":"product_cat","embeddable":true,"href":"https:\/\/vimaterial.de\/it\/wp-json\/wp\/v2\/product_cat?post=1012252"},{"taxonomy":"product_tag","embeddable":true,"href":"https:\/\/vimaterial.de\/it\/wp-json\/wp\/v2\/product_tag?post=1012252"}],"curies":[{"name":"wp","href":"https:\/\/api.w.org\/{rel}","templated":true}]}}