{"id":1012189,"date":"2024-06-17T14:18:55","date_gmt":"2024-06-17T06:18:55","guid":{"rendered":"https:\/\/vimaterial.de\/product\/seleniuro-di-calcio-2\/"},"modified":"2024-12-30T14:33:07","modified_gmt":"2024-12-30T06:33:07","slug":"seleniuro-di-calcio-2","status":"publish","type":"product","link":"https:\/\/vimaterial.de\/it\/product\/seleniuro-di-calcio-2\/","title":{"rendered":"Seleniuro di calcio"},"content":{"rendered":"<p>Il seleniuro di calcio (CaSe) \u00e8 un composto chimico costituito dagli elementi calcio e selenio in rapporto stechiometrico uguale. \u00c8 un materiale semiconduttore II-VI, ampiamente utilizzato nel campo optoelettronico grazie alle sue propriet\u00e0 ottiche ed elettriche uniche. VIMATERIAL fornisce vari seleniuri, come il seleniuro di molibdeno (MoSe2), il seleniuro di afnio (HfSe2), il seleniuro di zirconio (ZrSe2), ecc. Se sei interessato, non esitare a contattarci. <\/p>\n<h2><span style=\"font-size: 14pt;\">Propriet\u00e0<\/span><\/h2>\n<p>Formula chimica: CaSe Massa molare: 119,038 g\/mol Densit\u00e0: 4,42 g\/cm3 Punto di fusione: 2000\u00baC Aspetto: solido bruno rossastro Solubilit\u00e0: insolubile in acqua, facilmente influenzato dall&#8217;umidit\u00e0 e dall&#8217;ossigeno nell&#8217;aria.<\/p>\n<h2><span style=\"font-size: 14pt;\">Applicazione<\/span><\/h2>\n<p>Ottica a infrarossi: il seleniuro di calcio (CaSe) viene utilizzato come materiale ottico nella produzione di finestre e lenti a infrarossi. Dispositivi elettronici: il seleniuro di calcio (CaSe) viene utilizzato in dispositivi a semiconduttore come diodi emettitori di luce (LED) e rivelatori. Ricerca sui materiali: il seleniuro di calcio (CaSe) viene utilizzato come composto intermedio di ricerca per esplorare nuovi materiali funzionali.<\/p>\n<h2><span style=\"font-size: 14pt;\">Controllo qualit\u00e0<\/span><\/h2>\n<p>I nostri prodotti implementano il pi\u00f9 rigoroso sistema di gestione della qualit\u00e0. Esistono rigorosi standard di ispezione per i materiali in entrata, i processi, le ispezioni finali e le ispezioni in fabbrica. Saranno adottate rigorose misure di isolamento per la lavorazione non qualificata per evitare che i prodotti non qualificati fluiscano nel processo successivo. I campioni saranno forniti ai clienti in base alle esigenze del cliente per una nuova ispezione.   <\/p>\n<h2><span style=\"font-size: 14pt;\">Imballaggio e stoccaggio<\/span><\/h2>\n<p>Confezionamento sottovuoto, la quantit\u00e0 di imballaggio pu\u00f2 essere fornita in base alle esigenze del cliente e confezionata separatamente. Il seleniuro di calcio (CaSe) deve essere sigillato e conservato in un ambiente asciutto e protetto da gas inerti (come azoto o argon), evitando il contatto con aria, umidit\u00e0 e forti ossidanti per prevenire la decomposizione o il degrado delle prestazioni. La temperatura di conservazione deve essere controllata a temperatura ambiente, evitando la luce solare diretta e l&#8217;ambiente ad alta temperatura.<\/p>\n","protected":false},"excerpt":{"rendered":"<p>Il seleniuro di calcio (CaSe) \u00e8 un composto chimico costituito dagli elementi calcio e selenio in rapporto stechiometrico uguale. \u00c8 un materiale semiconduttore II-VI, ampiamente utilizzato nel campo optoelettronico grazie alle sue propriet\u00e0 ottiche ed elettriche uniche. VIMATERIAL fornisce vari seleniuri, come il seleniuro di molibdeno (MoSe2), il seleniuro di afnio (HfSe2), il seleniuro di [&hellip;]<\/p>\n","protected":false},"featured_media":1030029,"comment_status":"open","ping_status":"closed","template":"","meta":{"_acf_changed":false},"product_brand":[],"product_cat":[200],"product_tag":[],"class_list":{"0":"post-1012189","1":"product","2":"type-product","3":"status-publish","4":"has-post-thumbnail","6":"product_cat-materiali-calcogenidici","8":"first","9":"instock","10":"shipping-taxable","11":"product-type-variable"},"acf":[],"_links":{"self":[{"href":"https:\/\/vimaterial.de\/it\/wp-json\/wp\/v2\/product\/1012189","targetHints":{"allow":["GET"]}}],"collection":[{"href":"https:\/\/vimaterial.de\/it\/wp-json\/wp\/v2\/product"}],"about":[{"href":"https:\/\/vimaterial.de\/it\/wp-json\/wp\/v2\/types\/product"}],"replies":[{"embeddable":true,"href":"https:\/\/vimaterial.de\/it\/wp-json\/wp\/v2\/comments?post=1012189"}],"wp:featuredmedia":[{"embeddable":true,"href":"https:\/\/vimaterial.de\/it\/wp-json\/wp\/v2\/media\/1030029"}],"wp:attachment":[{"href":"https:\/\/vimaterial.de\/it\/wp-json\/wp\/v2\/media?parent=1012189"}],"wp:term":[{"taxonomy":"product_brand","embeddable":true,"href":"https:\/\/vimaterial.de\/it\/wp-json\/wp\/v2\/product_brand?post=1012189"},{"taxonomy":"product_cat","embeddable":true,"href":"https:\/\/vimaterial.de\/it\/wp-json\/wp\/v2\/product_cat?post=1012189"},{"taxonomy":"product_tag","embeddable":true,"href":"https:\/\/vimaterial.de\/it\/wp-json\/wp\/v2\/product_tag?post=1012189"}],"curies":[{"name":"wp","href":"https:\/\/api.w.org\/{rel}","templated":true}]}}