{"id":1012162,"date":"2024-06-17T14:18:55","date_gmt":"2024-06-17T06:18:55","guid":{"rendered":"https:\/\/vimaterial.de\/product\/silicato-di-calcio-2\/"},"modified":"2024-12-30T11:29:54","modified_gmt":"2024-12-30T03:29:54","slug":"silicato-di-calcio-2","status":"publish","type":"product","link":"https:\/\/vimaterial.de\/it\/product\/silicato-di-calcio-2\/","title":{"rendered":"Silicato di calcio"},"content":{"rendered":"<p>Il silicato di calcio \u00e8 una sostanza inorganica con la formula chimica CaSiO3. Si tratta per lo pi\u00f9 di cristalli aghiformi e polvere bianca. VIMATERIAL fornisce anche bersagli in silicato di calcio. Se hai delle esigenze, contattaci. <\/p>\n<h2><span style=\"font-size: 14pt;\">Propriet\u00e0<\/span><\/h2>\n<p>Formula chimica:CaSiO3 Massa molare:172,239 g\/mol Densit\u00e0:2,9 g\/cm3 Punto di fusione:1540\u00baC Aspetto Polvere bianca. Inodoro. Solubilit\u00e0 Insolubile in acqua.<\/p>\n<h2><span style=\"font-size: 14pt;\">Caratteristiche del silicato di calcio<\/span><\/h2>\n<p>1. Alta resistenza: quando la densit\u00e0 apparente \u00e8 simile, \u00e8 il materiale isolante pi\u00f9 resistente tra i materiali isolanti duri inorganici. 2. Resistenza al calore: nessuna deformazione all&#8217;interno dell&#8217;intervallo di temperatura di utilizzo. 3 Isolamento termico: la conduttivit\u00e0 termica \u00e8 inferiore a quella di altri materiali isolanti a blocchi duri. 4. Ignifugo per prodotti privi di amianto 5 Antibatterico, resistente alla muffa, all&#8217;invecchiamento e alla corrosione per garantire un ambiente sano<\/p>\n<h2><span style=\"font-size: 14pt;\">Applicazione<\/span><\/h2>\n<p>1. Campo di costruzione: il pannello di silicato di calcio \u00e8 un materiale da costruzione comune. Ha le caratteristiche di leggerezza, alta resistenza e buona resistenza al fuoco, quindi \u00e8 ampiamente utilizzato nelle pareti divisorie e nei soffitti di grattacieli, edifici residenziali, edifici per uffici e altri edifici. 2. Campo ceramico: pu\u00f2 essere utilizzato come una delle materie prime per materiali ceramici. Ha le caratteristiche di una buona stabilit\u00e0 alle alte temperature e di una bassa temperatura di sinterizzazione, quindi \u00e8 ampiamente utilizzato nella produzione di prodotti ceramici. Inoltre, il silicato di calcio pu\u00f2 essere utilizzato anche per il rivestimento superficiale di prodotti ceramici per migliorarne la resistenza alla corrosione e all&#8217;usura. 3. Campo di vetro: il silicato di calcio pu\u00f2 essere utilizzato come una delle materie prime per il vetro. Ha le caratteristiche di una buona stabilit\u00e0 alle alte temperature e di un alto punto di fusione, quindi \u00e8 ampiamente utilizzato nella produzione di prodotti in vetro. Inoltre, il silicato di calcio pu\u00f2 essere utilizzato anche per il rivestimento superficiale di prodotti in vetro per migliorarne la resistenza alla corrosione e all&#8217;usura. 4. Campo chimico: CaSiO3 pu\u00f2 essere utilizzato come catalizzatore, essiccante, ecc. Ha le caratteristiche di propriet\u00e0 chimiche stabili e non facile da reagire con l&#8217;acqua, quindi \u00e8 ampiamente utilizzato nella produzione chimica. Inoltre, il silicato di calcio pu\u00f2 essere utilizzato anche per preparare vari composti organici e inorganici. <\/p>\n<h2><span style=\"font-size: 14pt;\">Controllo qualit\u00e0<\/span><\/h2>\n<p>I nostri prodotti implementano il pi\u00f9 rigoroso sistema di gestione della qualit\u00e0. Esistono rigorosi standard di ispezione per i materiali in entrata, i processi, le ispezioni finali e le ispezioni in fabbrica. Saranno adottate rigorose misure di isolamento per la lavorazione non qualificata per evitare che i prodotti non qualificati fluiscano nel processo successivo. I campioni saranno forniti ai clienti in base alle esigenze del cliente per una nuova ispezione.   <\/p>\n<h2><span style=\"font-size: 14pt;\">Imballaggio e stoccaggio<\/span><\/h2>\n<p>Confezionamento sottovuoto, la quantit\u00e0 di imballaggio pu\u00f2 essere fornita in base alle esigenze del cliente e confezionata separatamente. La migliore temperatura di conservazione per il silicato di calcio \u00e8 compresa tra 20\u00b0C e 25\u00b0C.  Evitare temperature e umidit\u00e0 elevate. Allo stesso tempo, prestare attenzione all&#8217;influenza della luce, dell&#8217;ossigeno, degli acidi e degli alcali. Durante la conservazione, assicurarsi che il silicato di calcio sia sigillato e collocato in un ambiente asciutto e ben ventilato, lontano da sostanze acide e sostanze organiche. Inoltre, i pannelli di silicato di calcio devono essere conservati in magazzini al coperto, evitare la luce solare diretta e l&#8217;umidit\u00e0 e prevenire collisioni e deformazioni durante il trasporto.<\/p>\n","protected":false},"excerpt":{"rendered":"<p>Il silicato di calcio \u00e8 una sostanza inorganica con la formula chimica CaSiO3. Si tratta per lo pi\u00f9 di cristalli aghiformi e polvere bianca. VIMATERIAL fornisce anche bersagli in silicato di calcio. Se hai delle esigenze, contattaci. Propriet\u00e0 Formula chimica:CaSiO3 Massa molare:172,239 g\/mol Densit\u00e0:2,9 g\/cm3 Punto di fusione:1540\u00baC Aspetto Polvere bianca. Inodoro. Solubilit\u00e0 Insolubile in [&hellip;]<\/p>\n","protected":false},"featured_media":1030039,"comment_status":"open","ping_status":"closed","template":"","meta":{"_acf_changed":false},"product_brand":[],"product_cat":[206],"product_tag":[],"class_list":{"0":"post-1012162","1":"product","2":"type-product","3":"status-publish","4":"has-post-thumbnail","6":"product_cat-altri-materiali","8":"first","9":"instock","10":"shipping-taxable","11":"product-type-variable"},"acf":[],"_links":{"self":[{"href":"https:\/\/vimaterial.de\/it\/wp-json\/wp\/v2\/product\/1012162","targetHints":{"allow":["GET"]}}],"collection":[{"href":"https:\/\/vimaterial.de\/it\/wp-json\/wp\/v2\/product"}],"about":[{"href":"https:\/\/vimaterial.de\/it\/wp-json\/wp\/v2\/types\/product"}],"replies":[{"embeddable":true,"href":"https:\/\/vimaterial.de\/it\/wp-json\/wp\/v2\/comments?post=1012162"}],"wp:featuredmedia":[{"embeddable":true,"href":"https:\/\/vimaterial.de\/it\/wp-json\/wp\/v2\/media\/1030039"}],"wp:attachment":[{"href":"https:\/\/vimaterial.de\/it\/wp-json\/wp\/v2\/media?parent=1012162"}],"wp:term":[{"taxonomy":"product_brand","embeddable":true,"href":"https:\/\/vimaterial.de\/it\/wp-json\/wp\/v2\/product_brand?post=1012162"},{"taxonomy":"product_cat","embeddable":true,"href":"https:\/\/vimaterial.de\/it\/wp-json\/wp\/v2\/product_cat?post=1012162"},{"taxonomy":"product_tag","embeddable":true,"href":"https:\/\/vimaterial.de\/it\/wp-json\/wp\/v2\/product_tag?post=1012162"}],"curies":[{"name":"wp","href":"https:\/\/api.w.org\/{rel}","templated":true}]}}