{"id":1012156,"date":"2024-06-17T14:18:55","date_gmt":"2024-06-17T06:18:55","guid":{"rendered":"https:\/\/vimaterial.de\/product\/siliciuro-di-calcio\/"},"modified":"2024-12-30T14:13:46","modified_gmt":"2024-12-30T06:13:46","slug":"siliciuro-di-calcio","status":"publish","type":"product","link":"https:\/\/vimaterial.de\/it\/product\/siliciuro-di-calcio\/","title":{"rendered":"Siliciuro di calcio"},"content":{"rendered":"<p>Il siliciuro di calcio \u00e8 un composto inorganico con la formula chimica di CaSi2, che appartiene al siliciuro metallico. VIMATERIAL fornisce vari siliciuri, come il siliciuro di molibdeno (MoSi2), il siliciuro di afnio (HfSi2), il siliciuro di zirconio (ZrSi2), ecc. Se sei interessato, non esitare a contattarci.<\/p>\n<h2><span style=\"font-size: 14pt;\">Propriet\u00e0<\/span><\/h2>\n<p>Formula chimica: CaSi2 Massa molare: 96,249 g\/mol Densit\u00e0: 2,5 g\/cm3 Punto di fusione: 1020\u00baC Aspetto: cristalli esagonali a forma di piastra grigio chiaro con lucentezza metallica Solubilit\u00e0: insolubile in acqua, solubile in acido e alcali. Stabilit\u00e0 e reattivit\u00e0: Materiali vietati: acidi, acqua, fluoro. Condizioni per evitare il contatto: contatto con aria umida.<\/p>\n<h2><span style=\"font-size: 14pt;\">Applicazione<\/span><\/h2>\n<p>Il siliciuro di calcio viene utilizzato principalmente come agente riducente nella fusione dei metalli e nella produzione di leghe. Pu\u00f2 anche essere utilizzato per preparare vari siliciuri, leghe di bismuto-piombo e altri composti. Ha anche alcune applicazioni nel carburante per motori a razzo.  <\/p>\n<h2><span style=\"font-size: 14pt;\">Controllo qualit\u00e0<\/span><\/h2>\n<p>I nostri prodotti implementano il pi\u00f9 rigoroso sistema di gestione della qualit\u00e0. Esistono rigorosi standard di ispezione per i materiali in entrata, i processi, le ispezioni finali e le ispezioni in fabbrica. Saranno adottate rigorose misure di isolamento per la lavorazione non qualificata per evitare che i prodotti non qualificati fluiscano nel processo successivo. I campioni saranno forniti ai clienti in base alle esigenze del cliente per una nuova ispezione.   <\/p>\n<h2><span style=\"font-size: 14pt;\">Imballaggio e stoccaggio<\/span><\/h2>\n<p>Confezionamento sottovuoto, la quantit\u00e0 di imballaggio pu\u00f2 essere fornita in base alle esigenze del cliente e confezionata separatamente. Il siliciuro di calcio deve essere conservato in un luogo asciutto e ventilato, lontano da fuoco e fonti di calore per evitare incidenti. Questo prodotto deve essere sigillato e conservato in un ambiente asciutto e fresco. Non deve essere esposto all&#8217;aria per lungo tempo per evitare l&#8217;agglomerazione dell&#8217;umidit\u00e0, che influenzer\u00e0 le prestazioni di dispersione e l&#8217;effetto d&#8217;uso. Inoltre, il siliciuro di calcio dovrebbe evitare forti pressioni e il contatto con gli ossidanti. Deve essere trasportato come merce ordinaria.<\/p>\n","protected":false},"excerpt":{"rendered":"<p>Il siliciuro di calcio \u00e8 un composto inorganico con la formula chimica di CaSi2, che appartiene al siliciuro metallico. VIMATERIAL fornisce vari siliciuri, come il siliciuro di molibdeno (MoSi2), il siliciuro di afnio (HfSi2), il siliciuro di zirconio (ZrSi2), ecc. Se sei interessato, non esitare a contattarci. Propriet\u00e0 Formula chimica: CaSi2 Massa molare: 96,249 g\/mol [&hellip;]<\/p>\n","protected":false},"featured_media":1030034,"comment_status":"open","ping_status":"closed","template":"","meta":{"_acf_changed":false},"product_brand":[],"product_cat":[202],"product_tag":[],"class_list":{"0":"post-1012156","1":"product","2":"type-product","3":"status-publish","4":"has-post-thumbnail","6":"product_cat-materiali-c-n-b-si","8":"first","9":"instock","10":"shipping-taxable","11":"product-type-variable"},"acf":[],"_links":{"self":[{"href":"https:\/\/vimaterial.de\/it\/wp-json\/wp\/v2\/product\/1012156","targetHints":{"allow":["GET"]}}],"collection":[{"href":"https:\/\/vimaterial.de\/it\/wp-json\/wp\/v2\/product"}],"about":[{"href":"https:\/\/vimaterial.de\/it\/wp-json\/wp\/v2\/types\/product"}],"replies":[{"embeddable":true,"href":"https:\/\/vimaterial.de\/it\/wp-json\/wp\/v2\/comments?post=1012156"}],"wp:featuredmedia":[{"embeddable":true,"href":"https:\/\/vimaterial.de\/it\/wp-json\/wp\/v2\/media\/1030034"}],"wp:attachment":[{"href":"https:\/\/vimaterial.de\/it\/wp-json\/wp\/v2\/media?parent=1012156"}],"wp:term":[{"taxonomy":"product_brand","embeddable":true,"href":"https:\/\/vimaterial.de\/it\/wp-json\/wp\/v2\/product_brand?post=1012156"},{"taxonomy":"product_cat","embeddable":true,"href":"https:\/\/vimaterial.de\/it\/wp-json\/wp\/v2\/product_cat?post=1012156"},{"taxonomy":"product_tag","embeddable":true,"href":"https:\/\/vimaterial.de\/it\/wp-json\/wp\/v2\/product_tag?post=1012156"}],"curies":[{"name":"wp","href":"https:\/\/api.w.org\/{rel}","templated":true}]}}