{"id":1012144,"date":"2024-06-17T14:18:55","date_gmt":"2024-06-17T06:18:55","guid":{"rendered":"https:\/\/vimaterial.de\/product\/silicato-di-calcio\/"},"modified":"2024-12-30T13:47:46","modified_gmt":"2024-12-30T05:47:46","slug":"silicato-di-calcio","status":"publish","type":"product","link":"https:\/\/vimaterial.de\/it\/product\/silicato-di-calcio\/","title":{"rendered":"Silicato di calcio"},"content":{"rendered":"<p>Il bersaglio per sputtering in silicato di calcio \u00e8 un materiale target comunemente usato nel processo di rivestimento per sputtering, utilizzato principalmente per produrre materiali o rivestimenti a film sottile. VIMATERIAL fornisce anche polvere di silicato di calcio. Se hai delle esigenze, contattaci.<\/p>\n<h2><span style=\"font-size: 14pt;\">Propriet\u00e0<\/span><\/h2>\n<p>Formula chimica:CaSiO3 Massa molare:172,239 g\/mol Densit\u00e0:2,9 g\/cm3 Punto di fusione:1540\u00baC Aspetto Polvere bianca. Inodoro. Solubilit\u00e0 Insolubile in acqua.<\/p>\n<h2><span style=\"font-size: 14pt;\">Caratteristiche del silicato di calcio<\/span><\/h2>\n<p>1. Alta resistenza: quando la densit\u00e0 apparente \u00e8 simile, \u00e8 il materiale isolante pi\u00f9 resistente tra i materiali isolanti duri inorganici. 2. Resistenza al calore: nessuna deformazione all&#8217;interno dell&#8217;intervallo di temperatura di utilizzo. 3 Isolamento termico: la conduttivit\u00e0 termica \u00e8 inferiore a quella di altri materiali isolanti a blocchi duri. 4. Ignifugo per prodotti privi di amianto 5 Antibatterico, resistente alla muffa, all&#8217;invecchiamento e alla corrosione per garantire un ambiente sano<\/p>\n<h2><span style=\"font-size: 14pt;\">Applicazione<\/span><\/h2>\n<p>Industria elettronica: il bersaglio sputtering al silicato di calcio viene utilizzato per produrre film conduttivi, strati isolanti o rivestimenti funzionali. Applicazioni ottiche: il bersaglio sputtering in silicato di calcio pu\u00f2 essere utilizzato come pellicole antiriflesso o strati di regolazione ottica. Materiali da costruzione: il bersaglio sputtering al silicato di calcio viene utilizzato per migliorare la durata e l&#8217;estetica della superficie del materiale. Rivestimenti decorativi: il bersaglio sputtering al silicato di calcio fornisce protezione e funzioni decorative per substrati come vetro e ceramica.<\/p>\n<h2><span style=\"font-size: 14pt;\">Controllo qualit\u00e0<\/span><\/h2>\n<p>I nostri prodotti implementano il pi\u00f9 rigoroso sistema di gestione della qualit\u00e0. Esistono rigorosi standard di ispezione per i materiali in entrata, i processi, le ispezioni finali e le ispezioni in fabbrica. Saranno adottate rigorose misure di isolamento per la lavorazione non qualificata per evitare che i prodotti non qualificati fluiscano nel processo successivo. I campioni saranno forniti ai clienti in base alle esigenze del cliente per una nuova ispezione.   <\/p>\n<h2><span style=\"font-size: 14pt;\">Imballaggio e stoccaggio<\/span><\/h2>\n<p>Avvolto con materiali morbidi e confezionato sottovuoto all&#8217;interno, confezionato in scatola di legno\/cartone all&#8217;esterno. I bersagli sputtering di silicato di calcio devono essere conservati in un ambiente asciutto, fresco e ben ventilato per evitare l&#8217;umidit\u00e0 e l&#8217;esposizione alle alte temperature. Si consiglia di utilizzare un imballaggio a prova di umidit\u00e0 da sigillare durante lo stoccaggio per evitare l&#8217;assorbimento o la contaminazione dell&#8217;umidit\u00e0. Tenere lontano da gas acidi, alcalini o corrosivi per garantire la stabilit\u00e0 a lungo termine delle prestazioni del materiale.<\/p>\n","protected":false},"excerpt":{"rendered":"<p>Il bersaglio per sputtering in silicato di calcio \u00e8 un materiale target comunemente usato nel processo di rivestimento per sputtering, utilizzato principalmente per produrre materiali o rivestimenti a film sottile. VIMATERIAL fornisce anche polvere di silicato di calcio. Se hai delle esigenze, contattaci. Propriet\u00e0 Formula chimica:CaSiO3 Massa molare:172,239 g\/mol Densit\u00e0:2,9 g\/cm3 Punto di fusione:1540\u00baC Aspetto [&hellip;]<\/p>\n","protected":false},"featured_media":1040806,"comment_status":"open","ping_status":"closed","template":"","meta":{"_acf_changed":false},"product_brand":[],"product_cat":[197],"product_tag":[],"class_list":{"0":"post-1012144","1":"product","2":"type-product","3":"status-publish","4":"has-post-thumbnail","6":"product_cat-obiettivi-di-sputtering-planari","8":"first","9":"instock","10":"shipping-taxable","11":"product-type-variable"},"acf":[],"_links":{"self":[{"href":"https:\/\/vimaterial.de\/it\/wp-json\/wp\/v2\/product\/1012144","targetHints":{"allow":["GET"]}}],"collection":[{"href":"https:\/\/vimaterial.de\/it\/wp-json\/wp\/v2\/product"}],"about":[{"href":"https:\/\/vimaterial.de\/it\/wp-json\/wp\/v2\/types\/product"}],"replies":[{"embeddable":true,"href":"https:\/\/vimaterial.de\/it\/wp-json\/wp\/v2\/comments?post=1012144"}],"wp:featuredmedia":[{"embeddable":true,"href":"https:\/\/vimaterial.de\/it\/wp-json\/wp\/v2\/media\/1040806"}],"wp:attachment":[{"href":"https:\/\/vimaterial.de\/it\/wp-json\/wp\/v2\/media?parent=1012144"}],"wp:term":[{"taxonomy":"product_brand","embeddable":true,"href":"https:\/\/vimaterial.de\/it\/wp-json\/wp\/v2\/product_brand?post=1012144"},{"taxonomy":"product_cat","embeddable":true,"href":"https:\/\/vimaterial.de\/it\/wp-json\/wp\/v2\/product_cat?post=1012144"},{"taxonomy":"product_tag","embeddable":true,"href":"https:\/\/vimaterial.de\/it\/wp-json\/wp\/v2\/product_tag?post=1012144"}],"curies":[{"name":"wp","href":"https:\/\/api.w.org\/{rel}","templated":true}]}}