{"id":1012100,"date":"2024-06-17T14:32:57","date_gmt":"2024-06-17T06:32:57","guid":{"rendered":"https:\/\/vimaterial.de\/product\/cromo-metallico-6\/"},"modified":"2025-04-17T15:31:27","modified_gmt":"2025-04-17T07:31:27","slug":"cromo-metallico-6","status":"publish","type":"product","link":"https:\/\/vimaterial.de\/it\/product\/cromo-metallico-6\/","title":{"rendered":"Cromo metallico"},"content":{"rendered":"<p><span style=\"color: #0000ff;\"><a style=\"color: #0000ff;\" href=\"https:\/\/vimaterial.de\/it\/product\/cromo-metallico-5\/\">I pezzi di cromo<\/a> <\/span>sono un genere di grigio argento, materiale cromato a scaglie di lucentezza metallica, duro e fragile, con alto punto di fusione, alto punto di ebollizione, caratteristiche di alta densit\u00e0, stabilit\u00e0 chimica, resistenza alla corrosione, nella produzione industriale e nella ricerca scientifica e in altri campi hanno una vasta gamma di applicazioni.<\/p>\n<p>VIMATERIAL fornisce pezzi di cromo. I pezzi di cromo forniti dalla nostra azienda presentano i vantaggi di una purezza estremamente elevata, specifiche dimensionali precise, eccellente qualit\u00e0 superficiale, eccezionale resistenza alla corrosione e buon equilibrio di durezza e tenacit\u00e0. Siamo un fornitore professionale di materie prime chimiche inorganiche, vi preghiamo di <span style=\"color: #0000ff;\"><a style=\"color: #0000ff;\" href=\"https:\/\/vimaterial.de\/it\/contatto\/\">contattarci<\/a> <\/span>per qualsiasi vostra esigenza.  <\/p>\n<h2><span style=\"font-size: 14pt;\">Propriet\u00e0 fisiche<\/span><\/h2>\n<p>Formula molecolare: Cr<\/p>\n<p>Peso molecolare: 51,996 g\/mol<\/p>\n<p>Aspetto: lamiera metallica lucida grigio acciaio dura e fragile<\/p>\n<p>Densit\u00e0: 7,15 g\/cm\u00b3<\/p>\n<p>Punto di fusione: 1900 \u00b0C<\/p>\n<p>Punto di ebollizione: 2642 \u00b0C<\/p>\n<p>Struttura cristallina: cubica a corpo centrato<\/p>\n<h2><span style=\"font-size: 14pt;\">Applicazioni<\/span><\/h2>\n<p>Elettronica: nella produzione elettronica, i pezzi di cromo possono fornire rivestimenti stabili e resistenti alla corrosione per componenti di precisione come i chip, garantendo la trasmissione del segnale e prolungando la durata dei prodotti elettronici in virt\u00f9 della loro eccellente conduttivit\u00e0 elettrica.<\/p>\n<p>Industria chimica: i pezzi di cromo sono utilizzati come materie prime per la preparazione di catalizzatori, che sono ampiamente utilizzati nell&#8217;industria petrolchimica per reazioni complesse come l&#8217;idrogenazione e la deidrogenazione, accelerando efficacemente il processo di reazione e aumentando la resa.<\/p>\n<p>Settore automobilistico: i pezzi di cromo sono spesso incorporati in parti chiave resistenti all&#8217;usura come fasce elastiche e valvole all&#8217;interno dei motori automobilistici, migliorando notevolmente la resistenza all&#8217;usura e alla fatica termica e ottimizzando le prestazioni del motore.<\/p>\n<p>Nel campo della lavorazione: grazie alla loro elevata durezza e resistenza all&#8217;usura, gli utensili e gli stampi realizzati con pezzi di cromo possono lavorare in modo preciso ed efficiente nei processi di taglio, stampaggio e formatura dei metalli per migliorare la qualit\u00e0 della lavorazione.<\/p>\n<h2><span style=\"font-size: 14pt;\">Controllo qualit\u00e0<\/span><\/h2>\n<p><span style=\"color: #0000ff;\"><a style=\"color: #0000ff;\" href=\"https:\/\/vimaterial.de\/it\/controllo-qualita\/\">Ogni lotto<\/a><\/span> di prodotti segue rigorosi principi di controllo della qualit\u00e0, garantendo che ogni lotto di materiali provenienti dall&#8217;acquisto, dalla lavorazione e dai prodotti finiti delle materie prime fuori dal magazzino sia dotato di strumenti avanzati, rigorosi standard di ispezione e registri di ispezione perfetti per garantire che la qualit\u00e0 del prodotto possa essere controllata e la tracciabilit\u00e0 del prodotto, e ogni lotto di prodotti \u00e8 accompagnato da MSDS,  Rapporti COA, TDS, PSD e XRD, ecc. Forniamo anche campioni di ogni lotto di prodotti. Ogni lotto di prodotti fornir\u00e0 campioni ai clienti, supportando anche i clienti per richiedere a organizzazioni di test di terze parti di testare i prodotti.  <\/p>\n<h2><span style=\"font-size: 14pt;\">Imballaggio e stoccaggio<\/span><\/h2>\n<p>I pezzi di cromo sono confezionati in sacchetti sottovuoto a doppio strato o bottiglie sottovuoto a doppio strato e confezionati in cartoni.<\/p>\n<p>I pezzi di cromo devono essere conservati in un ambiente asciutto e ben ventilato a una temperatura stabile in contenitori sigillati, evitando il contatto con acqua, acidi forti, agenti fortemente ossidanti e sostanze soggette a reazioni chimiche e prevenendo l&#8217;umidit\u00e0, la corrosione o l&#8217;ossidazione.<\/p>\n","protected":false},"excerpt":{"rendered":"<p><span style=\"color: #0000ff;\"><a style=\"color: #0000ff;\" href=\"https:\/\/vimaterial.de\/it\/product\/cromo-metallico-5\/\">I pezzi di cromo<\/a> <\/span>sono un genere di grigio argento, materiale cromato a scaglie di lucentezza metallica, duro e fragile, con alto punto di fusione, alto punto di ebollizione, caratteristiche di alta densit\u00e0, stabilit\u00e0 chimica, resistenza alla corrosione, nella produzione industriale e nella ricerca scientifica e in altri campi hanno una vasta gamma di applicazioni.<\/p>\n","protected":false},"featured_media":1001193,"comment_status":"open","ping_status":"closed","template":"","meta":{"_acf_changed":false},"product_brand":[],"product_cat":[198],"product_tag":[],"class_list":{"0":"post-1012100","1":"product","2":"type-product","3":"status-publish","4":"has-post-thumbnail","6":"product_cat-materiali-per-levaporazione","8":"first","9":"instock","10":"shipping-taxable","11":"purchasable","12":"product-type-variable"},"acf":[],"_links":{"self":[{"href":"https:\/\/vimaterial.de\/it\/wp-json\/wp\/v2\/product\/1012100","targetHints":{"allow":["GET"]}}],"collection":[{"href":"https:\/\/vimaterial.de\/it\/wp-json\/wp\/v2\/product"}],"about":[{"href":"https:\/\/vimaterial.de\/it\/wp-json\/wp\/v2\/types\/product"}],"replies":[{"embeddable":true,"href":"https:\/\/vimaterial.de\/it\/wp-json\/wp\/v2\/comments?post=1012100"}],"wp:featuredmedia":[{"embeddable":true,"href":"https:\/\/vimaterial.de\/it\/wp-json\/wp\/v2\/media\/1001193"}],"wp:attachment":[{"href":"https:\/\/vimaterial.de\/it\/wp-json\/wp\/v2\/media?parent=1012100"}],"wp:term":[{"taxonomy":"product_brand","embeddable":true,"href":"https:\/\/vimaterial.de\/it\/wp-json\/wp\/v2\/product_brand?post=1012100"},{"taxonomy":"product_cat","embeddable":true,"href":"https:\/\/vimaterial.de\/it\/wp-json\/wp\/v2\/product_cat?post=1012100"},{"taxonomy":"product_tag","embeddable":true,"href":"https:\/\/vimaterial.de\/it\/wp-json\/wp\/v2\/product_tag?post=1012100"}],"curies":[{"name":"wp","href":"https:\/\/api.w.org\/{rel}","templated":true}]}}