{"id":1012039,"date":"2024-06-17T14:32:59","date_gmt":"2024-06-17T06:32:59","guid":{"rendered":"https:\/\/vimaterial.de\/product\/cromo-metallico-2\/"},"modified":"2025-04-17T15:23:52","modified_gmt":"2025-04-17T07:23:52","slug":"cromo-metallico-2","status":"publish","type":"product","link":"https:\/\/vimaterial.de\/it\/product\/cromo-metallico-2\/","title":{"rendered":"Cromo metallico"},"content":{"rendered":"<p><span style=\"color: #0000ff;\"><a style=\"color: #0000ff;\" href=\"https:\/\/vimaterial.de\/en\/product\/chromium-sputtering-target\/\">L&#8217;asta di cromo<\/a><\/span> \u00e8 un materiale cromato sotto forma di un&#8217;asta con un aspetto grigio-argento e una consistenza dura, con una buona resistenza alla corrosione, un alto punto di fusione e altre caratteristiche, utilizzato in campo industriale per la placcatura, la produzione di parti ad alta temperatura e molte altre applicazioni.<\/p>\n<p>VIMATERIAL fornisce barre di cromo. L&#8217;asta di cromo fornita dalla nostra azienda presenta i vantaggi di elevata purezza, elevata durezza, elevata resistenza alla corrosione, elevata precisione dimensionale e buona qualit\u00e0 superficiale. Siamo un fornitore professionale di materie prime chimiche inorganiche, vi preghiamo di <span style=\"color: #0000ff;\"><a style=\"color: #0000ff;\" href=\"https:\/\/vimaterial.de\/en\/contact-us\/\">contattarci<\/a> <\/span>per qualsiasi vostra esigenza.  <\/p>\n<h2><span style=\"font-size: 14pt;\">Propriet\u00e0 fisiche<\/span><\/h2>\n<p>Formula molecolare: Cr<\/p>\n<p>Peso molecolare: 51,9961<\/p>\n<p>Aspetto: Barra metallica grigio argento con lucentezza metallica e superficie liscia.<\/p>\n<p>Densit\u00e0: 7,19 g\/cm\u00b3<\/p>\n<p>Punto di fusione: 1857\u00b0C<\/p>\n<p>Punto di ebollizione: 2672\u00b0C<\/p>\n<p>Struttura cristallina: Struttura cubica centrata sul corpo<\/p>\n<h2><span style=\"font-size: 14pt;\">Applicazioni<\/span><\/h2>\n<p>Campo galvanico: nell&#8217;industria galvanica, l&#8217;asta di cromo \u00e8 un materiale di cromatura di alta qualit\u00e0, che pu\u00f2 formare uno strato di cromatura brillante, resistente all&#8217;usura e alla corrosione su varie superfici metalliche attraverso il processo di galvanica e viene utilizzato in parti automobilistiche, parti decorative hardware, ecc., Per migliorarne l&#8217;aspetto e la durata.<\/p>\n<p>Campo metallurgico: l&#8217;asta di cromo viene utilizzata come additivo per leghe nell&#8217;industria metallurgica, che pu\u00f2 migliorare la forza e la resistenza alla corrosione delle leghe (ad es. acciaio inossidabile) e produrre materiali metallici di alta qualit\u00e0 per l&#8217;uso in strutture architettoniche, produzione di macchinari e altri campi.<\/p>\n<p>Industria chimica: nell&#8217;industria chimica, l&#8217;asta di cromo pu\u00f2 essere utilizzata per realizzare rivestimenti di recipienti di reazione resistenti alla corrosione o alcune parti di apparecchiature chimiche, con le sue propriet\u00e0 di resistenza alla corrosione, per garantire il funzionamento stabile a lungo termine di apparecchiature chimiche in ambienti chimici complessi.<\/p>\n<p>Elettronica: l&#8217;asta di cromo viene utilizzata nella produzione di apparecchiature elettroniche per realizzare perni e altri componenti per componenti elettronici. La buona conduttivit\u00e0 elettrica e la resistenza all&#8217;ossidazione garantiscono la trasmissione stabile dei segnali elettronici e impediscono che i componenti vengano danneggiati dall&#8217;ossidazione. <\/p>\n<h2><span style=\"font-size: 14pt;\">Controllo qualit\u00e0<\/span><\/h2>\n<p><span style=\"color: #0000ff;\"><a style=\"color: #0000ff;\" href=\"https:\/\/vimaterial.de\/en\/quality-control\/\">Ogni lotto<\/a> <\/span>di prodotti segue rigorosi principi di controllo della qualit\u00e0, garantendo che ogni lotto di materiali provenienti dall&#8217;acquisto, dalla lavorazione e dai prodotti finiti delle materie prime fuori dal magazzino sia dotato di strumenti avanzati, rigorosi standard di ispezione e registri di ispezione perfetti per garantire che la qualit\u00e0 del prodotto possa essere controllata e la tracciabilit\u00e0 del prodotto, e ogni lotto di prodotti \u00e8 accompagnato da MSDS,  Rapporti COA, TDS, PSD e XRD, ecc. Forniamo anche campioni di ogni lotto di prodotti. Ogni lotto di prodotti fornir\u00e0 campioni ai clienti, supportando anche i clienti per richiedere a organizzazioni di test di terze parti di testare i prodotti.  <\/p>\n<h2><span style=\"font-size: 14pt;\">Imballaggio e stoccaggio<\/span><\/h2>\n<p>La barra di cromo viene imballata in scatole di legno o cartone dopo il doppio sacco a vuoto.<\/p>\n<p>L&#8217;asta di cromo deve essere conservata in un ambiente interno asciutto e ben ventilato per evitare l&#8217;umidit\u00e0 e il contatto con sostanze corrosive e collocata in un supporto o imballaggio adatto per evitare deformazioni e danni fisici.<\/p>\n","protected":false},"excerpt":{"rendered":"<p><span style=\"color: #0000ff;\"><a style=\"color: #0000ff;\" href=\"https:\/\/vimaterial.de\/en\/product\/chromium-sputtering-target\/\">L&#8217;asta di cromo<\/a><\/span> \u00e8 un materiale cromato sotto forma di un&#8217;asta con un aspetto grigio-argento e una consistenza dura, con una buona resistenza alla corrosione, un alto punto di fusione e altre caratteristiche, utilizzato in campo industriale per la placcatura, la produzione di parti ad alta temperatura e molte altre applicazioni.<\/p>\n","protected":false},"featured_media":1001220,"comment_status":"open","ping_status":"closed","template":"","meta":{"_acf_changed":false},"product_brand":[],"product_cat":[207],"product_tag":[],"class_list":{"0":"post-1012039","1":"product","2":"type-product","3":"status-publish","4":"has-post-thumbnail","6":"product_cat-profilo","8":"first","9":"instock","10":"shipping-taxable","11":"purchasable","12":"product-type-variable"},"acf":[],"_links":{"self":[{"href":"https:\/\/vimaterial.de\/it\/wp-json\/wp\/v2\/product\/1012039","targetHints":{"allow":["GET"]}}],"collection":[{"href":"https:\/\/vimaterial.de\/it\/wp-json\/wp\/v2\/product"}],"about":[{"href":"https:\/\/vimaterial.de\/it\/wp-json\/wp\/v2\/types\/product"}],"replies":[{"embeddable":true,"href":"https:\/\/vimaterial.de\/it\/wp-json\/wp\/v2\/comments?post=1012039"}],"wp:featuredmedia":[{"embeddable":true,"href":"https:\/\/vimaterial.de\/it\/wp-json\/wp\/v2\/media\/1001220"}],"wp:attachment":[{"href":"https:\/\/vimaterial.de\/it\/wp-json\/wp\/v2\/media?parent=1012039"}],"wp:term":[{"taxonomy":"product_brand","embeddable":true,"href":"https:\/\/vimaterial.de\/it\/wp-json\/wp\/v2\/product_brand?post=1012039"},{"taxonomy":"product_cat","embeddable":true,"href":"https:\/\/vimaterial.de\/it\/wp-json\/wp\/v2\/product_cat?post=1012039"},{"taxonomy":"product_tag","embeddable":true,"href":"https:\/\/vimaterial.de\/it\/wp-json\/wp\/v2\/product_tag?post=1012039"}],"curies":[{"name":"wp","href":"https:\/\/api.w.org\/{rel}","templated":true}]}}