{"id":1011981,"date":"2024-06-17T14:33:04","date_gmt":"2024-06-17T06:33:04","guid":{"rendered":"https:\/\/vimaterial.de\/product\/nitrato-di-cromo\/"},"modified":"2025-04-17T15:19:53","modified_gmt":"2025-04-17T07:19:53","slug":"nitrato-di-cromo","status":"publish","type":"product","link":"https:\/\/vimaterial.de\/it\/product\/nitrato-di-cromo\/","title":{"rendered":"Nitrato di cromo"},"content":{"rendered":"<p>Il nitrato di cromo in polvere \u00e8 un composto inorganico in polvere, solitamente di colore viola o rosso violaceo, facilmente solubile in acqua, ossidante, utilizzato come fonte di cromo per la sintesi di materiali, la colorazione e molte altre applicazioni nell&#8217;industria chimica, tintura e stampa, ceramica e molti altri campi.<\/p>\n<p>VIMATERIAL fornisce polvere di nitrato di cromo, la nostra polvere di nitrato di cromo ha un&#8217;elevata purezza, distribuzione granulometrica uniforme, elevata durezza, elevata resistenza all&#8217;abrasione, buona stabilit\u00e0 chimica, buona stabilit\u00e0 termica. Ci dedichiamo da molti anni alla ricerca di materie prime chimiche inorganiche, abbiamo un team di professionisti con una ricca esperienza, accettiamo personalizzazioni ed esperimenti, vi preghiamo di <span style=\"color: #0000ff;\"><a style=\"color: #0000ff;\" href=\"https:\/\/vimaterial.de\/en\/contact-us\/\">contattarci<\/a><\/span> se necessario. <\/p>\n<h2><span style=\"font-size: 14pt;\">Propriet\u00e0 fisiche<\/span><\/h2>\n<p>Formula molecolare: Cr(NO3)3*9H2O<\/p>\n<p>Peso molecolare: 400,15<\/p>\n<p>Aspetto: cristallo monoclino rosso-porpora o blocco cristallino viola scuro, deliquescente<\/p>\n<p>Densit\u00e0: 1,85 g\/cm\u00b3<\/p>\n<p>Punto di fusione: 60\u00b0C, decomposto se riscaldato a 125,5\u00b0C.<\/p>\n<p>Punto di ebollizione: decomporre quando \u00e8 superiore a 100\u00b0C.<\/p>\n<p>Struttura cristallina: Il centro del cromo \u00e8 legato a sei leganti d&#8217;acqua e lo spazio rimanente \u00e8 occupato da tre anioni nitrato e tre molecole di acqua cristallina.<\/p>\n<h2><span style=\"font-size: 14pt;\">Applicazione<\/span><\/h2>\n<p>Produzione di catalizzatori: il nitrato di cromo \u00e8 una materia prima chiave per la produzione di catalizzatori contenenti cromo, che pu\u00f2 facilitare reazioni chimiche come la lavorazione del petrolio e la produzione chimica.<\/p>\n<p>Ceramica e industria del vetro: nel processo di produzione di vetro e ceramica, il nitrato di cromo pu\u00f2 essere utilizzato come ingrediente di smalto per aggiungere colore e lucentezza ai prodotti e per migliorare propriet\u00e0 come la resistenza al calore e la durezza dei prodotti.<\/p>\n<p>Protezione del metallo: il nitrato di cromo pu\u00f2 essere utilizzato come inibitore di corrosione, che pu\u00f2 essere utilizzato nel campo della protezione del metallo per esercitare le sue propriet\u00e0 anticorrosive e proteggere le superfici metalliche dall&#8217;erosione ambientale.<\/p>\n<p>Campo elettronico: nel trattamento antiossidante dei circuiti stampati, il nitrato di cromo pu\u00f2 essere utilizzato come agente di trattamento superficiale per migliorare le prestazioni antiossidanti e la stabilit\u00e0 dei prodotti elettronici.<\/p>\n<p>Nel campo dell&#8217;analisi e dei test: il nitrato di cromo ha un&#8217;elevata solubilit\u00e0 in acqua, pu\u00f2 dissolversi rapidamente e formare una soluzione verde scuro, che pu\u00f2 essere utilizzata come reagente di rilevamento di ioni metallici comunemente usato.<\/p>\n<h2><span style=\"font-size: 14pt;\">Controllo qualit\u00e0<\/span><\/h2>\n<p><span style=\"color: #0000ff;\"><a style=\"color: #0000ff;\" href=\"https:\/\/vimaterial.de\/en\/quality-control\/\">Ogni lotto<\/a><\/span> di prodotti segue rigorosi principi di controllo della qualit\u00e0, a tutto tondo per garantire che ogni lotto di materiali dall&#8217;approvvigionamento delle materie prime, alla lavorazione, ai prodotti finiti fuori dal magazzino abbia strumenti avanzati, rigorosi standard di ispezione, registri di ispezione perfetti per garantire il controllo della qualit\u00e0 del prodotto e la tracciabilit\u00e0 del prodotto, ogni lotto di prodotti \u00e8 accompagnato da MSDS, COA,  Rapporti TDS, PSD, XRD, ecc., ogni lotto di prodotti verr\u00e0 consegnato al cliente per fornire campioni, supportando anche il cliente per richiedere organizzazioni di ispezione di terze parti. Forniremo campioni ai clienti per ogni lotto di prodotti e supporteremo anche i clienti per richiedere alle organizzazioni di ispezione di terze parti di ispezionare i prodotti. <\/p>\n<h2><span style=\"font-size: 14pt;\">Imballaggio e stoccaggio<\/span><\/h2>\n<p>La polvere di nitrato di cromo viene confezionata in flaconi a doppio vuoto e poi confezionata in cartoni.<\/p>\n<p>La polvere di nitrato di cromo deve essere sigillata e conservata in un luogo asciutto, fresco e ventilato, evitando il contatto con materiali infiammabili, agenti riducenti e acidi e prevenendo la decomposizione da umidit\u00e0 e calore.<\/p>\n","protected":false},"excerpt":{"rendered":"<p>Il nitrato di cromo in polvere \u00e8 un composto inorganico in polvere, solitamente di colore viola o rosso violaceo, facilmente solubile in acqua, ossidante, utilizzato come fonte di cromo per la sintesi di materiali, la colorazione e molte altre applicazioni nell&#8217;industria chimica, tintura e stampa, ceramica e molti altri campi.<\/p>\n","protected":false},"featured_media":1001253,"comment_status":"open","ping_status":"closed","template":"","meta":{"_acf_changed":false},"product_brand":[],"product_cat":[206],"product_tag":[],"class_list":{"0":"post-1011981","1":"product","2":"type-product","3":"status-publish","4":"has-post-thumbnail","6":"product_cat-altri-materiali","8":"first","9":"instock","10":"shipping-taxable","11":"product-type-variable"},"acf":[],"_links":{"self":[{"href":"https:\/\/vimaterial.de\/it\/wp-json\/wp\/v2\/product\/1011981","targetHints":{"allow":["GET"]}}],"collection":[{"href":"https:\/\/vimaterial.de\/it\/wp-json\/wp\/v2\/product"}],"about":[{"href":"https:\/\/vimaterial.de\/it\/wp-json\/wp\/v2\/types\/product"}],"replies":[{"embeddable":true,"href":"https:\/\/vimaterial.de\/it\/wp-json\/wp\/v2\/comments?post=1011981"}],"wp:featuredmedia":[{"embeddable":true,"href":"https:\/\/vimaterial.de\/it\/wp-json\/wp\/v2\/media\/1001253"}],"wp:attachment":[{"href":"https:\/\/vimaterial.de\/it\/wp-json\/wp\/v2\/media?parent=1011981"}],"wp:term":[{"taxonomy":"product_brand","embeddable":true,"href":"https:\/\/vimaterial.de\/it\/wp-json\/wp\/v2\/product_brand?post=1011981"},{"taxonomy":"product_cat","embeddable":true,"href":"https:\/\/vimaterial.de\/it\/wp-json\/wp\/v2\/product_cat?post=1011981"},{"taxonomy":"product_tag","embeddable":true,"href":"https:\/\/vimaterial.de\/it\/wp-json\/wp\/v2\/product_tag?post=1011981"}],"curies":[{"name":"wp","href":"https:\/\/api.w.org\/{rel}","templated":true}]}}