{"id":1011971,"date":"2024-06-17T14:33:00","date_gmt":"2024-06-17T06:33:00","guid":{"rendered":"https:\/\/vimaterial.de\/product\/cromo-metallico\/"},"modified":"2025-04-17T15:22:09","modified_gmt":"2025-04-17T07:22:09","slug":"cromo-metallico","status":"publish","type":"product","link":"https:\/\/vimaterial.de\/it\/product\/cromo-metallico\/","title":{"rendered":"Cromo metallico"},"content":{"rendered":"<p>Il bersaglio di sputtering del cromo \u00e8 un materiale target utilizzato come fonte di atomi di cromo nella tecnica di deposizione fisica da vapore (PVD) per depositare atomi di cromo sulla superficie del substrato attraverso il processo di sputtering per la preparazione di film sottili cromati.<\/p>\n<p>VIMATERIAL fornisce bersagli per sputtering al cromo in un&#8217;ampia gamma di purezze e dimensioni. I nostri bersagli per polverizzazione catodica di cromo sono caratterizzati da elevata purezza, composizione omogenea, granulometria fine, alta densit\u00e0, elevata durezza, buona stabilit\u00e0 termica e forte adesione al substrato. Ci dedichiamo da molti anni alla ricerca di materiali chimici inorganici e forniamo anche il servizio di legatura di bersagli sputtering. Abbiamo un team esperto e professionale per accettare personalizzazioni ed esperimenti, vi preghiamo di<span style=\"color: #0000ff;\"><a style=\"color: #0000ff;\" href=\"https:\/\/vimaterial.de\/en\/contact-us\/\"> contattarci<\/a><\/span> se necessario.   <\/p>\n<h2><span style=\"font-size: 14pt;\">Propriet\u00e0 fisiche<\/span><\/h2>\n<p>Formula molecolare: Cr<\/p>\n<p>Peso molecolare: 51,9961<\/p>\n<p>Aspetto: Generalmente bersaglio in metallo grigio acciaio<\/p>\n<p>Densit\u00e0: 7,22 g\/cm\u00b3<\/p>\n<p>Punto di fusione: 1857\u00b0C<\/p>\n<p>Punto di ebollizione: 2672\u00b0C<\/p>\n<p>Struttura cristallina: Reticolo cubico centrato sul corpo<\/p>\n<h2><span style=\"font-size: 14pt;\">Applicazioni<\/span><\/h2>\n<p>Industria elettronica: il bersaglio sputtering al cromo viene utilizzato nella produzione di semiconduttori come materiale barriera per lo strato di interconnessione metallica, che pu\u00f2 impedire la diffusione del rame e di altri atomi metallici e garantire prestazioni stabili e affidabili dei dispositivi elettronici.<\/p>\n<p>Campo ottico: nel rivestimento delle lenti ottiche, il bersaglio sputtering al cromo pu\u00f2 essere utilizzato per preparare una pellicola riflettente, che pu\u00f2 migliorare efficacemente la riflettivit\u00e0 della lente e migliorare la capacit\u00e0 di controllo della luce degli strumenti ottici.<\/p>\n<p>Campo di produzione automobilistica: utilizzato nel rivestimento superficiale di parti di automobili, come le ruote cromate delle automobili, non sono solo belle, ma possono anche migliorare la resistenza all&#8217;abrasione e alla corrosione della ruota, prolungandone la durata.<\/p>\n<p>Industria fotovoltaica: nella produzione di celle fotovoltaiche, il bersaglio sputtering al cromo pu\u00f2 essere utilizzato per la preparazione dell&#8217;elettrodo o dello strato di riflessione posteriore, che aiuta a migliorare l&#8217;efficienza di conversione fotoelettrica della cella e promuovere l&#8217;uso efficace dell&#8217;energia luminosa.<\/p>\n<h2><span style=\"font-size: 14pt;\">Controllo qualit\u00e0<\/span><\/h2>\n<p><span style=\"color: #0000ff;\"><a style=\"color: #0000ff;\" href=\"https:\/\/vimaterial.de\/en\/quality-control\/\">Ogni lotto<\/a><\/span> di prodotti segue rigorosi principi di controllo della qualit\u00e0, a tutto tondo per garantire che ogni lotto di materiali dall&#8217;approvvigionamento delle materie prime, alla lavorazione, ai prodotti finiti fuori dal magazzino abbia strumenti avanzati, rigorosi standard di ispezione, registri di ispezione perfetti, per garantire che la qualit\u00e0 del prodotto possa essere controllata e la tracciabilit\u00e0 del prodotto, ogni lotto di prodotti \u00e8 accompagnato da MSDS,  Rapporti COA, TDS, PSD, XRD, ecc., E ogni lotto di prodotti sar\u00e0 fornito con campioni al cliente, inoltre supportiamo i clienti a richiedere organizzazioni di ispezione di terze parti per ispezionare i prodotti. Forniremo ai clienti campioni di ogni lotto di prodotti e supporteremo anche i clienti nella richiesta di organizzazioni di ispezione di terze parti per ispezionare i prodotti. <\/p>\n<h2><span style=\"font-size: 14pt;\">Imballaggio e stoccaggio<\/span><\/h2>\n<p>L&#8217;obiettivo di sputtering del cromo viene confezionato in doppi sacchetti sottovuoto e quindi confezionato in cartoni.<\/p>\n<p>Il bersaglio di sputtering del cromo deve essere conservato in un ambiente di gas asciutto, ben ventilato e non corrosivo, per evitare umidit\u00e0, ossidazione e danni fisici e lontano da fonti di alta temperatura e accensione, e deve essere posizionato in conformit\u00e0 con il modo prescritto per evitare deformazioni.<\/p>\n","protected":false},"excerpt":{"rendered":"<p>Il bersaglio di sputtering del cromo \u00e8 un materiale target utilizzato come fonte di atomi di cromo nella tecnica di deposizione fisica da vapore (PVD) per depositare atomi di cromo sulla superficie del substrato attraverso il processo di sputtering per la preparazione di film sottili cromati (ad esempio, in una variet\u00e0 di settori come l&#8217;elettronica, l&#8217;ottica, i rivestimenti decorativi, ecc.).<\/p>\n","protected":false},"featured_media":1001229,"comment_status":"open","ping_status":"closed","template":"","meta":{"_acf_changed":false},"product_brand":[],"product_cat":[197],"product_tag":[],"class_list":{"0":"post-1011971","1":"product","2":"type-product","3":"status-publish","4":"has-post-thumbnail","6":"product_cat-obiettivi-di-sputtering-planari","8":"first","9":"instock","10":"shipping-taxable","11":"purchasable","12":"product-type-variable"},"acf":[],"_links":{"self":[{"href":"https:\/\/vimaterial.de\/it\/wp-json\/wp\/v2\/product\/1011971","targetHints":{"allow":["GET"]}}],"collection":[{"href":"https:\/\/vimaterial.de\/it\/wp-json\/wp\/v2\/product"}],"about":[{"href":"https:\/\/vimaterial.de\/it\/wp-json\/wp\/v2\/types\/product"}],"replies":[{"embeddable":true,"href":"https:\/\/vimaterial.de\/it\/wp-json\/wp\/v2\/comments?post=1011971"}],"wp:featuredmedia":[{"embeddable":true,"href":"https:\/\/vimaterial.de\/it\/wp-json\/wp\/v2\/media\/1001229"}],"wp:attachment":[{"href":"https:\/\/vimaterial.de\/it\/wp-json\/wp\/v2\/media?parent=1011971"}],"wp:term":[{"taxonomy":"product_brand","embeddable":true,"href":"https:\/\/vimaterial.de\/it\/wp-json\/wp\/v2\/product_brand?post=1011971"},{"taxonomy":"product_cat","embeddable":true,"href":"https:\/\/vimaterial.de\/it\/wp-json\/wp\/v2\/product_cat?post=1011971"},{"taxonomy":"product_tag","embeddable":true,"href":"https:\/\/vimaterial.de\/it\/wp-json\/wp\/v2\/product_tag?post=1011971"}],"curies":[{"name":"wp","href":"https:\/\/api.w.org\/{rel}","templated":true}]}}