{"id":1011929,"date":"2024-06-17T14:18:56","date_gmt":"2024-06-17T06:18:56","guid":{"rendered":"https:\/\/vimaterial.de\/product\/ossido-di-calcio-e-vanadio-3\/"},"modified":"2024-12-30T15:43:45","modified_gmt":"2024-12-30T07:43:45","slug":"ossido-di-calcio-e-vanadio-3","status":"publish","type":"product","link":"https:\/\/vimaterial.de\/it\/product\/ossido-di-calcio-e-vanadio-3\/","title":{"rendered":"Ossido di calcio vanadio"},"content":{"rendered":"<p>L&#8217;ossido di calcio vanadio \u00e8 un composto di calcio con la formula chimica CaVO\u2083. \u00c8 composto da ioni vanadato e ioni calcio ed \u00e8 una polvere cristallina incolore o bianca. VIMATERIAL fornisce anche altri materiali in perovskite, come il titanato di stronzio (SrTiO3), il titanato di bario (BaTiO3), ecc. Se hai delle esigenze, contattaci. <\/p>\n<h2><span style=\"font-size: 14pt;\">Propriet\u00e0<\/span><\/h2>\n<p>Formula chimica: CaVO3 Massa molare: 237,96 g\/mol Densit\u00e0: 3,87 g\/cm3 Punto di fusione: 1325\u00b0C Solubilit\u00e0 in acqua: 0,0006 g\/100 ml.<\/p>\n<h2><span style=\"font-size: 14pt;\">Applicazione di ossido di calcio vanadio<\/span><\/h2>\n<p>Nell&#8217;industria elettronica, l&#8217;ossido di calcio vanadio \u00e8 un importante materiale elettronico che pu\u00f2 essere utilizzato per produrre dispositivi elettronici come batterie e condensatori. Nell&#8217;industria metallurgica, l&#8217;ossido di calcio vanadio \u00e8 un importante additivo che pu\u00f2 essere utilizzato per fabbricare prodotti come il ferrovanadio e le leghe di vanadio. \u00c8 anche ampiamente utilizzato nell&#8217;industria ceramica e pu\u00f2 essere utilizzato per fabbricare prodotti come porcellana e ceramica. Pu\u00f2 essere utilizzato come additivo nell&#8217;industria del vetro per migliorare la durezza e la trasparenza del vetro.<\/p>\n<h2><span style=\"font-size: 14pt;\">Controllo qualit\u00e0<\/span><\/h2>\n<p>I nostri prodotti implementano il pi\u00f9 rigoroso sistema di gestione della qualit\u00e0. Esistono rigorosi standard di ispezione per i materiali in entrata, i processi, le ispezioni finali e le ispezioni in fabbrica. Saranno adottate rigorose misure di isolamento per la lavorazione non qualificata per evitare che i prodotti non qualificati fluiscano nel processo successivo. I campioni saranno forniti ai clienti in base alle esigenze del cliente per una nuova ispezione.   <\/p>\n<h2><span style=\"font-size: 14pt;\">Imballaggio e stoccaggio<\/span><\/h2>\n<p>Confezionamento sottovuoto, la quantit\u00e0 di imballaggio pu\u00f2 essere fornita in base alle esigenze del cliente e confezionata separatamente. L&#8217;ossido di calcio vanadio deve essere conservato in un ambiente di gas inerte asciutto, a prova di luce per evitare l&#8217;umidit\u00e0 e l&#8217;ossidazione dell&#8217;aria.<\/p>\n","protected":false},"excerpt":{"rendered":"<p>L&#8217;ossido di calcio vanadio \u00e8 un composto di calcio con la formula chimica CaVO\u2083. \u00c8 composto da ioni vanadato e ioni calcio ed \u00e8 una polvere cristallina incolore o bianca. VIMATERIAL fornisce anche altri materiali in perovskite, come il titanato di stronzio (SrTiO3), il titanato di bario (BaTiO3), ecc. Se hai delle esigenze, contattaci. Propriet\u00e0 [&hellip;]<\/p>\n","protected":false},"featured_media":1030049,"comment_status":"open","ping_status":"closed","template":"","meta":{"_acf_changed":false},"product_brand":[],"product_cat":[198],"product_tag":[],"class_list":{"0":"post-1011929","1":"product","2":"type-product","3":"status-publish","4":"has-post-thumbnail","6":"product_cat-materiali-per-levaporazione","8":"first","9":"instock","10":"shipping-taxable","11":"product-type-variable"},"acf":[],"_links":{"self":[{"href":"https:\/\/vimaterial.de\/it\/wp-json\/wp\/v2\/product\/1011929","targetHints":{"allow":["GET"]}}],"collection":[{"href":"https:\/\/vimaterial.de\/it\/wp-json\/wp\/v2\/product"}],"about":[{"href":"https:\/\/vimaterial.de\/it\/wp-json\/wp\/v2\/types\/product"}],"replies":[{"embeddable":true,"href":"https:\/\/vimaterial.de\/it\/wp-json\/wp\/v2\/comments?post=1011929"}],"wp:featuredmedia":[{"embeddable":true,"href":"https:\/\/vimaterial.de\/it\/wp-json\/wp\/v2\/media\/1030049"}],"wp:attachment":[{"href":"https:\/\/vimaterial.de\/it\/wp-json\/wp\/v2\/media?parent=1011929"}],"wp:term":[{"taxonomy":"product_brand","embeddable":true,"href":"https:\/\/vimaterial.de\/it\/wp-json\/wp\/v2\/product_brand?post=1011929"},{"taxonomy":"product_cat","embeddable":true,"href":"https:\/\/vimaterial.de\/it\/wp-json\/wp\/v2\/product_cat?post=1011929"},{"taxonomy":"product_tag","embeddable":true,"href":"https:\/\/vimaterial.de\/it\/wp-json\/wp\/v2\/product_tag?post=1011929"}],"curies":[{"name":"wp","href":"https:\/\/api.w.org\/{rel}","templated":true}]}}