{"id":1011872,"date":"2024-06-17T14:18:56","date_gmt":"2024-06-17T06:18:56","guid":{"rendered":"https:\/\/vimaterial.de\/product\/zirconato-di-calcio\/"},"modified":"2024-12-30T16:31:44","modified_gmt":"2024-12-30T08:31:44","slug":"zirconato-di-calcio","status":"publish","type":"product","link":"https:\/\/vimaterial.de\/it\/product\/zirconato-di-calcio\/","title":{"rendered":"Zirconato di calcio"},"content":{"rendered":"<p>Lo zirconato di calcio \u00e8 un importante composto inorganico con la formula chimica CaZrO3. Ha una serie di eccellenti propriet\u00e0 fisiche e chimiche, come stabilit\u00e0 alle alte temperature, elevata durezza, forte resistenza alla corrosione, ecc. VIMATERIAL fornisce anche altri materiali chimici. Se hai delle esigenze, contattaci. <\/p>\n<h2><span style=\"font-size: 14pt;\">Propriet\u00e0<\/span><\/h2>\n<p>Formula chimica: CaZrO3 Massa molare: 179,30 g\/mol Densit\u00e0: 5,11 g\/cm3 Punto di fusione: 2250-2550\u00b0C<\/p>\n<h2><span style=\"font-size: 14pt;\">Caratteristiche<\/span><\/h2>\n<p>Come nuovo tipo di materiale strutturale e funzionale, lo zirconato di calcio ha le caratteristiche di alto punto di fusione, propriet\u00e0 chimiche stabili, elevata resistenza meccanica, piccolo coefficiente di dilatazione termica, forte resistenza all&#8217;erosione delle scorie alcaline e propriet\u00e0 elettriche uniche. \u00c8 stato ampiamente studiato e applicato in ceramica funzionale e materiali refrattari. <\/p>\n<h2><span style=\"font-size: 14pt;\">Applicazione di zirconato di calcio<\/span><\/h2>\n<p>In campo medico, lo zirconato di calcio pu\u00f2 essere utilizzato per realizzare materiali per otturazioni dentali, adesivi dentali e materiali per la riparazione dei denti grazie alla sua eccellente biocompatibilit\u00e0 e resistenza alla corrosione. Nella scienza dei materiali, lo zirconato di calcio viene utilizzato per realizzare ceramiche ad alta temperatura, vettori di catalizzatori, materiali isolanti, ecc. Grazie alla sua eccellente stabilit\u00e0 alle alte temperature e stabilit\u00e0 chimica. Inoltre, lo zirconato di calcio svolge un ruolo importante anche in molti campi come l&#8217;industria elettronica, l&#8217;industria edile e la protezione dell&#8217;ambiente, riflettendo la sua vasta gamma di usi e il suo valore potenziale.<\/p>\n<h2><span style=\"font-size: 14pt;\">Controllo qualit\u00e0<\/span><\/h2>\n<p>I nostri prodotti implementano il pi\u00f9 rigoroso sistema di gestione della qualit\u00e0. Esistono rigorosi standard di ispezione per i materiali in entrata, i processi, le ispezioni finali e le ispezioni in fabbrica. Saranno adottate rigorose misure di isolamento per la lavorazione non qualificata per evitare che i prodotti non qualificati fluiscano nel processo successivo. I campioni saranno forniti ai clienti in base alle esigenze del cliente per una nuova ispezione.   <\/p>\n<h2><span style=\"font-size: 14pt;\">Imballaggio e stoccaggio<\/span><\/h2>\n<p>Confezionamento sottovuoto, la quantit\u00e0 di imballaggio pu\u00f2 essere fornita in base alle esigenze del cliente e confezionata separatamente. Sigillare in luogo fresco e asciutto.<\/p>\n","protected":false},"excerpt":{"rendered":"<p>Lo zirconato di calcio \u00e8 un importante composto inorganico con la formula chimica CaZrO3. Ha una serie di eccellenti propriet\u00e0 fisiche e chimiche, come stabilit\u00e0 alle alte temperature, elevata durezza, forte resistenza alla corrosione, ecc. VIMATERIAL fornisce anche altri materiali chimici. Se hai delle esigenze, contattaci. Propriet\u00e0 Formula chimica: CaZrO3 Massa molare: 179,30 g\/mol Densit\u00e0: [&hellip;]<\/p>\n","protected":false},"featured_media":1030059,"comment_status":"open","ping_status":"closed","template":"","meta":{"_acf_changed":false},"product_brand":[],"product_cat":[206],"product_tag":[],"class_list":{"0":"post-1011872","1":"product","2":"type-product","3":"status-publish","4":"has-post-thumbnail","6":"product_cat-altri-materiali","8":"first","9":"instock","10":"shipping-taxable","11":"product-type-variable"},"acf":[],"_links":{"self":[{"href":"https:\/\/vimaterial.de\/it\/wp-json\/wp\/v2\/product\/1011872","targetHints":{"allow":["GET"]}}],"collection":[{"href":"https:\/\/vimaterial.de\/it\/wp-json\/wp\/v2\/product"}],"about":[{"href":"https:\/\/vimaterial.de\/it\/wp-json\/wp\/v2\/types\/product"}],"replies":[{"embeddable":true,"href":"https:\/\/vimaterial.de\/it\/wp-json\/wp\/v2\/comments?post=1011872"}],"wp:featuredmedia":[{"embeddable":true,"href":"https:\/\/vimaterial.de\/it\/wp-json\/wp\/v2\/media\/1030059"}],"wp:attachment":[{"href":"https:\/\/vimaterial.de\/it\/wp-json\/wp\/v2\/media?parent=1011872"}],"wp:term":[{"taxonomy":"product_brand","embeddable":true,"href":"https:\/\/vimaterial.de\/it\/wp-json\/wp\/v2\/product_brand?post=1011872"},{"taxonomy":"product_cat","embeddable":true,"href":"https:\/\/vimaterial.de\/it\/wp-json\/wp\/v2\/product_cat?post=1011872"},{"taxonomy":"product_tag","embeddable":true,"href":"https:\/\/vimaterial.de\/it\/wp-json\/wp\/v2\/product_tag?post=1011872"}],"curies":[{"name":"wp","href":"https:\/\/api.w.org\/{rel}","templated":true}]}}