{"id":1011854,"date":"2024-06-17T14:18:57","date_gmt":"2024-06-17T06:18:57","guid":{"rendered":"https:\/\/vimaterial.de\/product\/scandio-metallico-2\/"},"modified":"2024-12-31T10:37:14","modified_gmt":"2024-12-31T02:37:14","slug":"scandio-metallico-2","status":"publish","type":"product","link":"https:\/\/vimaterial.de\/it\/product\/scandio-metallico-2\/","title":{"rendered":"Metallo di scandio"},"content":{"rendered":"<p>Scandio metallico, il simbolo dell&#8217;elemento \u00e8 Sc, il numero atomico \u00e8 21. Situato nel 4\u00b0 periodo, il sottogruppo III.th, massa atomica: 44,96, \u00e8 un metallo di transizione. VIMATERIAL fornisce anche altri materiali di terre rare. Se hai delle esigenze, contattaci. <\/p>\n<h2><span style=\"font-size: 14pt;\">Propriet\u00e0<\/span><\/h2>\n<p>Formula chimica: Sc Aspetto: metallo morbido e bianco argenteo Densit\u00e0: 2,985 g\/cm3 Punto di fusione: 1541 \u00b0C Punto di ebollizione: 2836 \u00b0C Struttura cristallina: impacchettamento esagonale chiuso (inferiore a 1335 \u00b0C) e cubico centrato sul corpo.<\/p>\n<h2><span style=\"font-size: 14pt;\">Applicazioni<\/span><\/h2>\n<p>Materiali magnetici: a causa del suo forte momento magnetico, lo scandio metallico \u00e8 ampiamente utilizzato nel campo dei materiali magnetici, come materiali di registrazione magnetici, materiali di archiviazione magnetici, ecc. Strumenti di precisione: Grazie alle sue propriet\u00e0 fisiche relativamente stabili e alla buona conduttivit\u00e0, \u00e8 ampiamente utilizzato nella produzione di strumenti di precisione, come strumenti di risonanza magnetica nucleare, microscopi elettronici, ecc. Applicazioni ottiche: Ha anche importanti applicazioni nel campo dell&#8217;ottica. Nella tecnologia laser, gli ioni vengono utilizzati come materiali solidi per produrre laser nel medio infrarosso. Materiali delle batterie: lo scandio metallico \u00e8 anche ampiamente utilizzato nelle celle a combustibile a ossidi solidi (SOFC). In queste celle, lo scandio metallico ha un&#8217;elevata conduttivit\u00e0 elettrica e stabilit\u00e0, che aiuta a migliorare l&#8217;efficienza e le prestazioni delle celle a combustibile.<\/p>\n<h2><span style=\"font-size: 14pt;\">Controllo qualit\u00e0<\/span><\/h2>\n<p>I nostri prodotti implementano il pi\u00f9 rigoroso sistema di gestione della qualit\u00e0. Esistono rigorosi standard di ispezione per i materiali in entrata, i processi, le ispezioni finali e le ispezioni in fabbrica. Saranno adottate rigorose misure di isolamento per la lavorazione non qualificata per evitare che i prodotti non qualificati fluiscano nel processo successivo. I campioni saranno forniti ai clienti in base alle esigenze del cliente per una nuova ispezione.   <\/p>\n<h2><span style=\"font-size: 14pt;\">Imballaggio e stoccaggio<\/span><\/h2>\n<p>Imballaggio sottovuoto interno, cartone esterno\/scatola di legno. Poich\u00e9 lo scandio metallico \u00e8 molto attivo nelle propriet\u00e0 chimiche e si combina facilmente con ossigeno, anidride carbonica, acqua, ecc., \u00e8 necessaria un&#8217;attenzione particolare durante lo stoccaggio e la lavorazione. Di solito \u00e8 necessario riempirlo di argon e sigillarlo per evitare che reagisca con l&#8217;ossigeno nell&#8217;aria. Durante il funzionamento, evitare il contatto diretto con la pelle e indossare dispositivi di protezione adeguati. Inoltre, anche composti come Sc2O3 e ScCI3 sono tossici e devono essere maneggiati e conservati correttamente.<\/p>\n","protected":false},"excerpt":{"rendered":"<p>Scandio metallico, il simbolo dell&#8217;elemento \u00e8 Sc, il numero atomico \u00e8 21. Situato nel 4\u00b0 periodo, il sottogruppo III.th, massa atomica: 44,96, \u00e8 un metallo di transizione. VIMATERIAL fornisce anche altri materiali di terre rare. Se hai delle esigenze, contattaci. Propriet\u00e0 Formula chimica: Sc Aspetto: metallo morbido e bianco argenteo Densit\u00e0: 2,985 g\/cm3 Punto di [&hellip;]<\/p>\n","protected":false},"featured_media":1000256,"comment_status":"open","ping_status":"closed","template":"","meta":{"_acf_changed":false},"product_brand":[],"product_cat":[165],"product_tag":[],"class_list":{"0":"post-1011854","1":"product","2":"type-product","3":"status-publish","4":"has-post-thumbnail","6":"product_cat-senza-categoria","8":"first","9":"instock","10":"shipping-taxable","11":"purchasable","12":"product-type-variable"},"acf":[],"_links":{"self":[{"href":"https:\/\/vimaterial.de\/it\/wp-json\/wp\/v2\/product\/1011854","targetHints":{"allow":["GET"]}}],"collection":[{"href":"https:\/\/vimaterial.de\/it\/wp-json\/wp\/v2\/product"}],"about":[{"href":"https:\/\/vimaterial.de\/it\/wp-json\/wp\/v2\/types\/product"}],"replies":[{"embeddable":true,"href":"https:\/\/vimaterial.de\/it\/wp-json\/wp\/v2\/comments?post=1011854"}],"wp:featuredmedia":[{"embeddable":true,"href":"https:\/\/vimaterial.de\/it\/wp-json\/wp\/v2\/media\/1000256"}],"wp:attachment":[{"href":"https:\/\/vimaterial.de\/it\/wp-json\/wp\/v2\/media?parent=1011854"}],"wp:term":[{"taxonomy":"product_brand","embeddable":true,"href":"https:\/\/vimaterial.de\/it\/wp-json\/wp\/v2\/product_brand?post=1011854"},{"taxonomy":"product_cat","embeddable":true,"href":"https:\/\/vimaterial.de\/it\/wp-json\/wp\/v2\/product_cat?post=1011854"},{"taxonomy":"product_tag","embeddable":true,"href":"https:\/\/vimaterial.de\/it\/wp-json\/wp\/v2\/product_tag?post=1011854"}],"curies":[{"name":"wp","href":"https:\/\/api.w.org\/{rel}","templated":true}]}}