{"id":1011833,"date":"2024-06-17T14:18:58","date_gmt":"2024-06-17T06:18:58","guid":{"rendered":"https:\/\/vimaterial.de\/product\/scandio-metallico\/"},"modified":"2024-12-31T10:56:19","modified_gmt":"2024-12-31T02:56:19","slug":"scandio-metallico","status":"publish","type":"product","link":"https:\/\/vimaterial.de\/it\/product\/scandio-metallico\/","title":{"rendered":"Metallo di scandio"},"content":{"rendered":"<p>I bersagli per sputtering dello scandio hanno le stesse propriet\u00e0 delle materie prime. Sono metalli di transizione bianco-argentei e sono solitamente classificati come elementi delle terre rare non lantanidi. VIMATERIAL fornisce anche altri bersagli per le terre rare. Se hai delle esigenze, contattaci. <\/p>\n<h2><span style=\"font-size: 14pt;\">Propriet\u00e0<\/span><\/h2>\n<p>Formula chimica: Sc Aspetto: metallo morbido e bianco argenteo Densit\u00e0: 2,985 g\/cm3 Punto di fusione: 1541 \u00b0C Punto di ebollizione: 2836 \u00b0C Struttura cristallina: impacchettamento esagonale chiuso (inferiore a 1335 \u00b0C) e cubico centrato sul corpo.<\/p>\n<h2><span style=\"font-size: 14pt;\">Applicazioni<\/span><\/h2>\n<p>Produzione di circuiti integrati: nella produzione di circuiti integrati, i target di scandio vengono utilizzati nel processo di rivestimento per sputtering. I film sottili di titanio sputtered possono essere utilizzati come strati barriera, strati barriera di diffusione, strati di adesione, elettrodi, ecc. E sono utilizzati per produrre dispositivi MOS, memorie DRAM, transistor NPN\/PNP, ecc. Nei circuiti integrati. Celle solari: i bersagli di scandio sono anche ampiamente utilizzati nella produzione di celle solari. Ad esempio, i bersagli di scandio possono essere utilizzati per il rivestimento sputtering per formare lo strato riflettente delle celle solari e migliorare l&#8217;efficienza di conversione fotoelettrica delle celle solari. Display a schermo piatto: nella produzione di display a schermo piatto, i target di scandio vengono utilizzati per il rivestimento sputtering per formare condensatori a film sottile, pellicole conduttive, strati protettivi, ecc. di display, migliorando le prestazioni e la stabilit\u00e0 dei display. Decorazione architettonica: i bersagli sputtering dello scandio sono anche ampiamente utilizzati nel settore della decorazione architettonica. Ad esempio, attraverso la tecnologia di rivestimento sputtering, \u00e8 possibile formare un film di titanio sulla superficie di vetro, piastrelle, metallo e altri materiali per migliorare l&#8217;isolamento termico, l&#8217;isolamento acustico, la protezione dai raggi UV e altre funzioni degli edifici. Industria automobilistica: i bersagli sputtering con scandio sono utilizzati anche nell&#8217;industria automobilistica. Ad esempio, il rivestimento sputtering sul vetro del finestrino dell&#8217;auto pu\u00f2 migliorare le prestazioni di isolamento termico dell&#8217;auto, ridurre l&#8217;uso dell&#8217;aria condizionata dell&#8217;auto e ridurre il consumo di energia. <\/p>\n<h2><span style=\"font-size: 14pt;\">Controllo qualit\u00e0<\/span><\/h2>\n<p>I nostri prodotti implementano il pi\u00f9 rigoroso sistema di gestione della qualit\u00e0. Esistono rigorosi standard di ispezione per i materiali in entrata, i processi, le ispezioni finali e le ispezioni in fabbrica. Saranno adottate rigorose misure di isolamento per la lavorazione non qualificata per evitare che i prodotti non qualificati fluiscano nel processo successivo. I campioni saranno forniti ai clienti in base alle esigenze del cliente per una nuova ispezione.   <\/p>\n<h2><span style=\"font-size: 14pt;\">Imballaggio e stoccaggio<\/span><\/h2>\n<p>Il materiale morbido interno \u00e8 avvolto e confezionato sottovuoto e il cartone esterno\/scatola di legno \u00e8 imballato. Temperatura di conservazione: i target di sputtering dello scandio devono essere conservati in un ambiente a bassa temperatura per evitare l&#8217;impatto dell&#8217;alta temperatura sulle loro prestazioni. Conservare al riparo dalla luce: poich\u00e9 i bersagli di spandio di scandio sono sensibili alla luce, devono essere conservati lontano dalla luce solare diretta o da una luce intensa per prevenire il verificarsi di reazioni fotochimiche. Ambiente asciutto: l&#8217;ambiente di stoccaggio deve essere mantenuto asciutto ed evitare l&#8217;umidit\u00e0, poich\u00e9 un ambiente umido pu\u00f2 causare l&#8217;umidit\u00e0 e il deterioramento del bersaglio di scandio.Imballaggio sigillato: i bersagli sputtering dello scandio devono essere confezionati sottovuoto in sacchetti sottovuoto e collocati in scatole di destinazione personalizzate per garantirne la tenuta e impedire l&#8217;ingresso di aria e umidit\u00e0. Maneggiare con cura: durante la manipolazione e lo stoccaggio, devono essere maneggiati con cura per evitare collisioni e schiacciamenti per evitare danni ai bersagli.<\/p>\n","protected":false},"excerpt":{"rendered":"<p>I bersagli per sputtering dello scandio hanno le stesse propriet\u00e0 delle materie prime. Sono metalli di transizione bianco-argentei e sono solitamente classificati come elementi delle terre rare non lantanidi. VIMATERIAL fornisce anche altri bersagli per le terre rare. Se hai delle esigenze, contattaci. Propriet\u00e0 Formula chimica: Sc Aspetto: metallo morbido e bianco argenteo Densit\u00e0: 2,985 [&hellip;]<\/p>\n","protected":false},"featured_media":1000272,"comment_status":"open","ping_status":"closed","template":"","meta":{"_acf_changed":false},"product_brand":[],"product_cat":[197],"product_tag":[],"class_list":{"0":"post-1011833","1":"product","2":"type-product","3":"status-publish","4":"has-post-thumbnail","6":"product_cat-obiettivi-di-sputtering-planari","8":"first","9":"instock","10":"shipping-taxable","11":"product-type-variable"},"acf":[],"_links":{"self":[{"href":"https:\/\/vimaterial.de\/it\/wp-json\/wp\/v2\/product\/1011833","targetHints":{"allow":["GET"]}}],"collection":[{"href":"https:\/\/vimaterial.de\/it\/wp-json\/wp\/v2\/product"}],"about":[{"href":"https:\/\/vimaterial.de\/it\/wp-json\/wp\/v2\/types\/product"}],"replies":[{"embeddable":true,"href":"https:\/\/vimaterial.de\/it\/wp-json\/wp\/v2\/comments?post=1011833"}],"wp:featuredmedia":[{"embeddable":true,"href":"https:\/\/vimaterial.de\/it\/wp-json\/wp\/v2\/media\/1000272"}],"wp:attachment":[{"href":"https:\/\/vimaterial.de\/it\/wp-json\/wp\/v2\/media?parent=1011833"}],"wp:term":[{"taxonomy":"product_brand","embeddable":true,"href":"https:\/\/vimaterial.de\/it\/wp-json\/wp\/v2\/product_brand?post=1011833"},{"taxonomy":"product_cat","embeddable":true,"href":"https:\/\/vimaterial.de\/it\/wp-json\/wp\/v2\/product_cat?post=1011833"},{"taxonomy":"product_tag","embeddable":true,"href":"https:\/\/vimaterial.de\/it\/wp-json\/wp\/v2\/product_tag?post=1011833"}],"curies":[{"name":"wp","href":"https:\/\/api.w.org\/{rel}","templated":true}]}}