{"id":1011812,"date":"2024-06-17T14:18:59","date_gmt":"2024-06-17T06:18:59","guid":{"rendered":"https:\/\/vimaterial.de\/product\/ossido-di-scandio-3\/"},"modified":"2024-12-31T13:13:03","modified_gmt":"2024-12-31T05:13:03","slug":"ossido-di-scandio-3","status":"publish","type":"product","link":"https:\/\/vimaterial.de\/it\/product\/ossido-di-scandio-3\/","title":{"rendered":"Ossido di scandio"},"content":{"rendered":"<p>L&#8217;ossido di scandio (Sc2O3) \u00e8 un importante ossido di metalli delle terre rare con una variet\u00e0 di propriet\u00e0 eccellenti, come buone prestazioni catalitiche e stabilit\u00e0 alle alte temperature. VIMATERIAL fornisce anche altri materiali di terre rare. Se hai delle esigenze, contattaci.<\/p>\n<h2><span style=\"font-size: 14pt;\">Propriet\u00e0<\/span><\/h2>\n<p>Formula chimica:Sc2O3 Massa molare: 137.910 g\/mol<\/p>\n<p>Aspetto: polvere bianca<\/p>\n<p>Densit\u00e0: 3,86 g\/cm3 Punto di fusione: 2.485 \u00b0C (4.505 \u00b0F; 2.758 K) Solubilit\u00e0 in acqua: insolubile in acqua Solubilit\u00e0: solubile in acidi caldi (reagisce)<\/p>\n<h2><span style=\"font-size: 14pt;\">Applicazioni<\/span><\/h2>\n<p>Nel campo dell&#8217;elettronica: l&#8217;ossido di scandio (Sc2O3) pu\u00f2 essere utilizzato come additivo per migliorare significativamente le prestazioni di transistor e circuiti integrati. Allo stesso tempo, pu\u00f2 essere utilizzato anche come materiale a film sottile di scandio metallico per la produzione di memorie magnetiche. Nel campo dell&#8217;ottica: l&#8217;ossido di scandio (Sc2O3) \u00e8 un materiale chiave per la preparazione di vetri ottici ad alta rifrazione e bassa diffusione. Pu\u00f2 essere combinato con elementi di terre rare per creare dispositivi ottici come i laser. Nel campo della ceramica: l&#8217;ossido di scandio (Sc2O3) pu\u00f2 essere utilizzato come materiale che assorbe gli infrarossi nei pannelli dei collettori solari e nei vetri anti-UV. Pu\u00f2 anche essere utilizzato per preparare ceramiche ad alta temperatura come le ceramiche di zirconio ittrio e alluminio per produrre parti strutturali ad alta temperatura nell&#8217;aviazione, nell&#8217;aerospaziale e in altri campi. Nel campo dei catalizzatori: l&#8217;ossido di scandio (Sc2O3) \u00e8 ampiamente utilizzato come catalizzatore nei settori dell&#8217;industria petrolchimica, delle fibre chimiche e della biochimica. In campo medico: l&#8217;ossido di scandio (Sc2O3) svolge un ruolo importante anche in campo medico, come agente di contrasto, modificatore o biomarcatore. <\/p>\n<h2><span style=\"font-size: 14pt;\">Controllo qualit\u00e0<\/span><\/h2>\n<p>I nostri prodotti implementano il pi\u00f9 rigoroso sistema di gestione della qualit\u00e0. Esistono rigorosi standard di ispezione per i materiali in entrata, i processi, le ispezioni finali e le ispezioni in fabbrica. Saranno adottate rigorose misure di isolamento per la lavorazione non qualificata per evitare che i prodotti non qualificati fluiscano nel processo successivo. I campioni saranno forniti ai clienti in base alle esigenze del cliente per una nuova ispezione.   <\/p>\n<h2><span style=\"font-size: 14pt;\">Imballaggio e stoccaggio<\/span><\/h2>\n<p>Imballaggio sottovuoto interno, cartone esterno\/scatola di legno. Si consiglia di conservarlo in un ambiente asciutto, fresco, ben ventilato e lontano da sostanze infiammabili e organiche. Quando si maneggia l&#8217;ossido di scandio, sono necessari dispositivi di protezione come guanti, maschere e occhiali protettivi per evitare l&#8217;inalazione e il contatto con la pelle. Se si inala polvere di ossido di scandio, \u00e8 necessario recarsi immediatamente in ospedale per il trattamento.<\/p>\n","protected":false},"excerpt":{"rendered":"<p>L&#8217;ossido di scandio (Sc2O3) \u00e8 un importante ossido di metalli delle terre rare con una variet\u00e0 di propriet\u00e0 eccellenti, come buone prestazioni catalitiche e stabilit\u00e0 alle alte temperature. VIMATERIAL fornisce anche altri materiali di terre rare. Se hai delle esigenze, contattaci. Propriet\u00e0 Formula chimica:Sc2O3 Massa molare: 137.910 g\/mol Aspetto: polvere bianca Densit\u00e0: 3,86 g\/cm3 Punto [&hellip;]<\/p>\n","protected":false},"featured_media":1000289,"comment_status":"open","ping_status":"closed","template":"","meta":{"_acf_changed":false},"product_brand":[],"product_cat":[198],"product_tag":[],"class_list":{"0":"post-1011812","1":"product","2":"type-product","3":"status-publish","4":"has-post-thumbnail","6":"product_cat-materiali-per-levaporazione","8":"first","9":"instock","10":"shipping-taxable","11":"product-type-variable"},"acf":[],"_links":{"self":[{"href":"https:\/\/vimaterial.de\/it\/wp-json\/wp\/v2\/product\/1011812","targetHints":{"allow":["GET"]}}],"collection":[{"href":"https:\/\/vimaterial.de\/it\/wp-json\/wp\/v2\/product"}],"about":[{"href":"https:\/\/vimaterial.de\/it\/wp-json\/wp\/v2\/types\/product"}],"replies":[{"embeddable":true,"href":"https:\/\/vimaterial.de\/it\/wp-json\/wp\/v2\/comments?post=1011812"}],"wp:featuredmedia":[{"embeddable":true,"href":"https:\/\/vimaterial.de\/it\/wp-json\/wp\/v2\/media\/1000289"}],"wp:attachment":[{"href":"https:\/\/vimaterial.de\/it\/wp-json\/wp\/v2\/media?parent=1011812"}],"wp:term":[{"taxonomy":"product_brand","embeddable":true,"href":"https:\/\/vimaterial.de\/it\/wp-json\/wp\/v2\/product_brand?post=1011812"},{"taxonomy":"product_cat","embeddable":true,"href":"https:\/\/vimaterial.de\/it\/wp-json\/wp\/v2\/product_cat?post=1011812"},{"taxonomy":"product_tag","embeddable":true,"href":"https:\/\/vimaterial.de\/it\/wp-json\/wp\/v2\/product_tag?post=1011812"}],"curies":[{"name":"wp","href":"https:\/\/api.w.org\/{rel}","templated":true}]}}