{"id":1011791,"date":"2024-06-17T14:19:01","date_gmt":"2024-06-17T06:19:01","guid":{"rendered":"https:\/\/vimaterial.de\/product\/ossido-di-scandio-2\/"},"modified":"2024-12-31T13:21:57","modified_gmt":"2024-12-31T05:21:57","slug":"ossido-di-scandio-2","status":"publish","type":"product","link":"https:\/\/vimaterial.de\/it\/product\/ossido-di-scandio-2\/","title":{"rendered":"Ossido di scandio"},"content":{"rendered":"<p>Il bersaglio sputtering dell&#8217;ossido di scandio \u00e8 un importante ossido di metalli delle terre rare con una variet\u00e0 di propriet\u00e0 eccellenti, come buone prestazioni catalitiche e stabilit\u00e0 alle alte temperature. VIMATERIAL fornisce anche altri materiali di terre rare. Se hai delle esigenze, contattaci.<\/p>\n<h2><span style=\"font-size: 14pt;\">Propriet\u00e0<\/span><\/h2>\n<p>Formula chimica:Sc2O3 Massa molare: 137.910 g\/mol<\/p>\n<p>Aspetto: polvere bianca<\/p>\n<p>Densit\u00e0: 3,86 g\/cm3 Punto di fusione: 2.485 \u00b0C (4.505 \u00b0F; 2.758 K) Solubilit\u00e0 in acqua: insolubile in acqua Solubilit\u00e0: solubile in acidi caldi (reagisce)<\/p>\n<h2><span style=\"font-size: 14pt;\">Applicazioni<\/span><\/h2>\n<p>Campo elettronico: il bersaglio sputtering con ossido di scandio pu\u00f2 essere utilizzato come additivo nei materiali semiconduttori per migliorare le prestazioni di transistor e circuiti integrati. L&#8217;ossido di scandio pu\u00f2 anche essere utilizzato come materiale a film sottile per lo scandio metallico per creare una memoria magnetica. Campo ottico: il bersaglio sputtering con ossido di scandio \u00e8 un materiale importante per la preparazione di vetri ottici ad alta rifrazione e bassa diffusione. L&#8217;ossido di scandio pu\u00f2 essere combinato con altri elementi delle terre rare per formare il vetro delle terre rare per la produzione di dispositivi ottici come i laser. Campo ceramico: il bersaglio sputtering con ossido di scandio pu\u00f2 essere utilizzato come materiale di assorbimento infrarosso ed \u00e8 ampiamente utilizzato nei collettori solari, nei vetri resistenti ai raggi UV e in altri campi. L&#8217;ossido di scandio pu\u00f2 essere utilizzato anche per preparare ceramiche ad alta temperatura, come le ceramiche di zirconio ittrio e alluminio, che possono essere utilizzate per produrre parti strutturali ad alta temperatura nell&#8217;aviazione, nell&#8217;aerospaziale e in altri campi. Altre applicazioni: il bersaglio sputtering dell&#8217;ossido di scandio viene utilizzato come catalizzatore e ha una vasta gamma di applicazioni nel settore petrolchimico, delle fibre chimiche e della biochimica. L&#8217;ossido di scandio pu\u00f2 essere utilizzato anche come mezzo di contrasto medico, modificatore o biomarcatore. <\/p>\n<h2><span style=\"font-size: 14pt;\">Controllo qualit\u00e0<\/span><\/h2>\n<p>I nostri prodotti implementano il pi\u00f9 rigoroso sistema di gestione della qualit\u00e0. Esistono rigorosi standard di ispezione per i materiali in entrata, i processi, le ispezioni finali e le ispezioni in fabbrica. Saranno adottate rigorose misure di isolamento per la lavorazione non qualificata per evitare che i prodotti non qualificati fluiscano nel processo successivo. I campioni saranno forniti ai clienti in base alle esigenze del cliente per una nuova ispezione.   <\/p>\n<h2><span style=\"font-size: 14pt;\">Imballaggio e stoccaggio<\/span><\/h2>\n<p>Avvolto con materiale morbido all&#8217;interno e confezionato sottovuoto, e confezionato in cartoni\/scatole di legno all&#8217;esterno. Si consiglia di conservarlo in un ambiente asciutto, fresco, ben ventilato e lontano da sostanze infiammabili e organiche. Quando si maneggia l&#8217;ossido di scandio, sono necessari dispositivi di protezione come guanti, maschere e occhiali protettivi per evitare l&#8217;inalazione e il contatto con la pelle. Se si inala polvere di ossido di scandio, \u00e8 necessario recarsi immediatamente in ospedale per il trattamento.<\/p>\n","protected":false},"excerpt":{"rendered":"<p>Il bersaglio sputtering dell&#8217;ossido di scandio \u00e8 un importante ossido di metalli delle terre rare con una variet\u00e0 di propriet\u00e0 eccellenti, come buone prestazioni catalitiche e stabilit\u00e0 alle alte temperature. VIMATERIAL fornisce anche altri materiali di terre rare. Se hai delle esigenze, contattaci. Propriet\u00e0 Formula chimica:Sc2O3 Massa molare: 137.910 g\/mol Aspetto: polvere bianca Densit\u00e0: 3,86 [&hellip;]<\/p>\n","protected":false},"featured_media":1000307,"comment_status":"open","ping_status":"closed","template":"","meta":{"_acf_changed":false},"product_brand":[],"product_cat":[197],"product_tag":[],"class_list":{"0":"post-1011791","1":"product","2":"type-product","3":"status-publish","4":"has-post-thumbnail","6":"product_cat-obiettivi-di-sputtering-planari","8":"first","9":"instock","10":"shipping-taxable","11":"product-type-variable"},"acf":[],"_links":{"self":[{"href":"https:\/\/vimaterial.de\/it\/wp-json\/wp\/v2\/product\/1011791","targetHints":{"allow":["GET"]}}],"collection":[{"href":"https:\/\/vimaterial.de\/it\/wp-json\/wp\/v2\/product"}],"about":[{"href":"https:\/\/vimaterial.de\/it\/wp-json\/wp\/v2\/types\/product"}],"replies":[{"embeddable":true,"href":"https:\/\/vimaterial.de\/it\/wp-json\/wp\/v2\/comments?post=1011791"}],"wp:featuredmedia":[{"embeddable":true,"href":"https:\/\/vimaterial.de\/it\/wp-json\/wp\/v2\/media\/1000307"}],"wp:attachment":[{"href":"https:\/\/vimaterial.de\/it\/wp-json\/wp\/v2\/media?parent=1011791"}],"wp:term":[{"taxonomy":"product_brand","embeddable":true,"href":"https:\/\/vimaterial.de\/it\/wp-json\/wp\/v2\/product_brand?post=1011791"},{"taxonomy":"product_cat","embeddable":true,"href":"https:\/\/vimaterial.de\/it\/wp-json\/wp\/v2\/product_cat?post=1011791"},{"taxonomy":"product_tag","embeddable":true,"href":"https:\/\/vimaterial.de\/it\/wp-json\/wp\/v2\/product_tag?post=1011791"}],"curies":[{"name":"wp","href":"https:\/\/api.w.org\/{rel}","templated":true}]}}