{"id":1011748,"date":"2024-06-17T14:21:38","date_gmt":"2024-06-17T06:21:38","guid":{"rendered":"https:\/\/vimaterial.de\/product\/bromuro-di-scandio-idrato\/"},"modified":"2025-01-02T10:35:25","modified_gmt":"2025-01-02T02:35:25","slug":"bromuro-di-scandio-idrato","status":"publish","type":"product","link":"https:\/\/vimaterial.de\/it\/product\/bromuro-di-scandio-idrato\/","title":{"rendered":"Idrato di bromuro di scandio"},"content":{"rendered":"<p>Idrato di bromuro di scandio, o ScBr3\u00b7 H2O, \u00e8 un composto chimico trialogenuro, igroscopico, solubile in acqua di scandio e bromo. \u00c8 un composto ionico e appare limpido in soluzione. VIMATERIAL si \u00e8 guadagnata la fiducia di un&#8217;ampia gamma di clienti con la sua qualit\u00e0 eccezionale, la gamma completa di prodotti e il servizio attento. I nostri prodotti vengono esportati in tutto il mondo e godono di un&#8217;ottima reputazione. Impegnati per l&#8217;integrit\u00e0 e la qualit\u00e0 in primo luogo, diamo un caloroso benvenuto ai clienti per informarsi e collaborare con noi. <\/p>\n<h2><span style=\"font-size: 14pt;\">Propriet\u00e0<\/span><\/h2>\n<p>Formula chimica:ScBr3\u00b7 H2O Massa molare: 302,68 g\/mol Aspetto: solido da bianco a giallastro Densit\u00e0: 3,914 g\/cm3 Punto di fusione: 904 \u00b0C (1.659 \u00b0F; 1.177 K) Solubilit\u00e0 in acqua: solubile Solubilit\u00e0: solubile in etanolo<\/p>\n<h2><span style=\"font-size: 14pt;\">Applicazioni<\/span><\/h2>\n<p>1. L&#8217;idrato di bromuro di scandio viene utilizzato come catalizzatore nella sintesi organica; 2. L&#8217;idrato di bromuro di scandio viene utilizzato nella ricerca di materiali elettronici e materiali ottici.<\/p>\n<h2><span style=\"font-size: 14pt;\">Controllo qualit\u00e0<\/span><\/h2>\n<p>I nostri prodotti implementano il pi\u00f9 rigoroso sistema di gestione della qualit\u00e0. Esistono rigorosi standard di ispezione per i materiali in entrata, i processi, le ispezioni finali e le ispezioni in fabbrica. Saranno adottate rigorose misure di isolamento per la lavorazione non qualificata per evitare che i prodotti non qualificati fluiscano nel processo successivo. I campioni saranno forniti ai clienti in base alle esigenze del cliente per una nuova ispezione.   <\/p>\n<h2><span style=\"font-size: 14pt;\">Imballaggio e stoccaggio<\/span><\/h2>\n<p>Imballaggio sottovuoto interno, cartone esterno\/scatola di legno. L&#8217;ambiente di conservazione deve essere mantenuto asciutto ed evitare il contatto con l&#8217;umidit\u00e0 nell&#8217;aria, poich\u00e9 l&#8217;idrato di bromuro di scandio \u00e8 sensibile all&#8217;umidit\u00e0.<\/p>\n","protected":false},"excerpt":{"rendered":"<p>Idrato di bromuro di scandio, o ScBr3\u00b7 H2O, \u00e8 un composto chimico trialogenuro, igroscopico, solubile in acqua di scandio e bromo. \u00c8 un composto ionico e appare limpido in soluzione. VIMATERIAL si \u00e8 guadagnata la fiducia di un&#8217;ampia gamma di clienti con la sua qualit\u00e0 eccezionale, la gamma completa di prodotti e il servizio attento. [&hellip;]<\/p>\n","protected":false},"featured_media":1000331,"comment_status":"open","ping_status":"closed","template":"","meta":{"_acf_changed":false},"product_brand":[],"product_cat":[201,203],"product_tag":[],"class_list":{"0":"post-1011748","1":"product","2":"type-product","3":"status-publish","4":"has-post-thumbnail","6":"product_cat-materiali-a-base-di-alogenuri","7":"product_cat-materiali-per-terre-rare","9":"first","10":"instock","11":"shipping-taxable","12":"product-type-variable"},"acf":[],"_links":{"self":[{"href":"https:\/\/vimaterial.de\/it\/wp-json\/wp\/v2\/product\/1011748","targetHints":{"allow":["GET"]}}],"collection":[{"href":"https:\/\/vimaterial.de\/it\/wp-json\/wp\/v2\/product"}],"about":[{"href":"https:\/\/vimaterial.de\/it\/wp-json\/wp\/v2\/types\/product"}],"replies":[{"embeddable":true,"href":"https:\/\/vimaterial.de\/it\/wp-json\/wp\/v2\/comments?post=1011748"}],"wp:featuredmedia":[{"embeddable":true,"href":"https:\/\/vimaterial.de\/it\/wp-json\/wp\/v2\/media\/1000331"}],"wp:attachment":[{"href":"https:\/\/vimaterial.de\/it\/wp-json\/wp\/v2\/media?parent=1011748"}],"wp:term":[{"taxonomy":"product_brand","embeddable":true,"href":"https:\/\/vimaterial.de\/it\/wp-json\/wp\/v2\/product_brand?post=1011748"},{"taxonomy":"product_cat","embeddable":true,"href":"https:\/\/vimaterial.de\/it\/wp-json\/wp\/v2\/product_cat?post=1011748"},{"taxonomy":"product_tag","embeddable":true,"href":"https:\/\/vimaterial.de\/it\/wp-json\/wp\/v2\/product_tag?post=1011748"}],"curies":[{"name":"wp","href":"https:\/\/api.w.org\/{rel}","templated":true}]}}