{"id":1011717,"date":"2024-06-17T14:21:39","date_gmt":"2024-06-17T06:21:39","guid":{"rendered":"https:\/\/vimaterial.de\/product\/fluoruro-di-scandio\/"},"modified":"2025-01-02T11:34:38","modified_gmt":"2025-01-02T03:34:38","slug":"fluoruro-di-scandio","status":"publish","type":"product","link":"https:\/\/vimaterial.de\/it\/product\/fluoruro-di-scandio\/","title":{"rendered":"Fluoruro di scandio"},"content":{"rendered":"<p>Il fluoruro di scandio (ScF3) \u00e8 un composto composto da scandio e fluoro. Il fluoruro di scandio ha una buona stabilit\u00e0 chimica e termica, quindi ha ampie prospettive di applicazione nella scienza dei materiali, nella chimica e nell&#8217;energia. VIMATERIAL si \u00e8 guadagnata la fiducia di un&#8217;ampia gamma di clienti con la sua qualit\u00e0 eccezionale, la gamma completa di prodotti e il servizio attento. I nostri prodotti vengono esportati in tutto il mondo e godono di un&#8217;ottima reputazione. Impegnati per l&#8217;integrit\u00e0 e la qualit\u00e0 in primo luogo, diamo un caloroso benvenuto ai clienti per informarsi e collaborare con noi. <\/p>\n<h2><span style=\"font-size: 14pt;\">Propriet\u00e0<\/span><\/h2>\n<p>Formula chimica: ScF3 Massa molare: 101,95112 g\/mol Aspetto: polvere bianca brillante Densit\u00e0: 2,53 g\/cm3 Punto di fusione: 1.552 \u00b0C (2.826 \u00b0F; 1.825 K) Punto di ebollizione: 1.607 \u00b0C (2.925 \u00b0F; 1.880 K)<\/p>\n<h2><span style=\"font-size: 14pt;\">Standard per il fluoruro di scandio<\/span><\/h2>\n<p>1. Purezza chimica: i requisiti di purezza del prodotto del fluoruro di scandio sono relativamente elevati, solitamente superiori al 99,99%. 2. Dimensione delle particelle: la dimensione delle particelle del fluoruro di scandio ha una grande influenza sulle prestazioni della sua applicazione e deve essere controllata entro un certo intervallo. 3. Forma: la forma del fluoruro di scandio ha una grande influenza sulla sua disperdibilit\u00e0 e stabilit\u00e0 e di solito deve essere in forma granulare o in polvere. 4. Contenuto di umidit\u00e0: il contenuto di umidit\u00e0 del fluoruro di scandio deve essere basso per garantirne la stabilit\u00e0 chimica e le propriet\u00e0 fisiche.<\/p>\n<h2><span style=\"font-size: 14pt;\">Applicazioni<\/span><\/h2>\n<p>Materiali della batteria: pu\u00f2 essere utilizzato come materiale per elettrodi positivi per batterie agli ioni di litio, con vantaggi come un&#8217;elevata densit\u00e0 di energia e una lunga durata del ciclo. Materiali ottici: Pu\u00f2 essere utilizzato per preparare materiali ottici ad alta trasparenza, come ceramiche trasparenti, vetro ottico, ecc. Catalizzatori: Pu\u00f2 essere utilizzato come vettore di catalizzatori per catalizzare reazioni organiche, reazioni di ossidazione, ecc. Materiali magnetici: pu\u00f2 essere utilizzato per preparare materiali magnetici, come nanoparticelle magnetiche, pellicole magnetiche, ecc. Materiali biomedici: pu\u00f2 essere utilizzato per preparare materiali biomedici, come biosensori, sistemi a rilascio prolungato di farmaci, ecc.<\/p>\n<h2><span style=\"font-size: 14pt;\">Controllo qualit\u00e0<\/span><\/h2>\n<p>I nostri prodotti implementano il pi\u00f9 rigoroso sistema di gestione della qualit\u00e0. Esistono rigorosi standard di ispezione per i materiali in entrata, i processi, le ispezioni finali e le ispezioni in fabbrica. Saranno adottate rigorose misure di isolamento per la lavorazione non qualificata per evitare che i prodotti non qualificati fluiscano nel processo successivo. I campioni saranno forniti ai clienti in base alle esigenze del cliente per una nuova ispezione.   <\/p>\n<h2><span style=\"font-size: 14pt;\">Imballaggio e stoccaggio<\/span><\/h2>\n<p>Solitamente confezionato sottovuoto internamente e confezionato in cartone esternamente, pu\u00f2 anche essere confezionato in base alle esigenze del cliente. Le condizioni di conservazione del fluoruro di scandio includono principalmente lo stoccaggio sigillato in un ambiente asciutto e fresco, evitando l&#8217;esposizione all&#8217;aria per evitare che l&#8217;umidit\u00e0 causi ossidazione e agglomerazione, influenzando le prestazioni di dispersione e l&#8217;effetto d&#8217;uso. In particolare, il fluoruro di scandio deve essere conservato in un sacchetto di plastica riempito di gas inerte e sigillato per evitare che entri in contatto con l&#8217;umidit\u00e0 nell&#8217;aria e in un ambiente umido.<\/p>\n","protected":false},"excerpt":{"rendered":"<p>Il fluoruro di scandio (ScF3) \u00e8 un composto composto da scandio e fluoro. Il fluoruro di scandio ha una buona stabilit\u00e0 chimica e termica, quindi ha ampie prospettive di applicazione nella scienza dei materiali, nella chimica e nell&#8217;energia. VIMATERIAL si \u00e8 guadagnata la fiducia di un&#8217;ampia gamma di clienti con la sua qualit\u00e0 eccezionale, la [&hellip;]<\/p>\n","protected":false},"featured_media":1000347,"comment_status":"open","ping_status":"closed","template":"","meta":{"_acf_changed":false},"product_brand":[],"product_cat":[201,203],"product_tag":[],"class_list":{"0":"post-1011717","1":"product","2":"type-product","3":"status-publish","4":"has-post-thumbnail","6":"product_cat-materiali-a-base-di-alogenuri","7":"product_cat-materiali-per-terre-rare","9":"first","10":"instock","11":"shipping-taxable","12":"purchasable","13":"product-type-variable"},"acf":[],"_links":{"self":[{"href":"https:\/\/vimaterial.de\/it\/wp-json\/wp\/v2\/product\/1011717","targetHints":{"allow":["GET"]}}],"collection":[{"href":"https:\/\/vimaterial.de\/it\/wp-json\/wp\/v2\/product"}],"about":[{"href":"https:\/\/vimaterial.de\/it\/wp-json\/wp\/v2\/types\/product"}],"replies":[{"embeddable":true,"href":"https:\/\/vimaterial.de\/it\/wp-json\/wp\/v2\/comments?post=1011717"}],"wp:featuredmedia":[{"embeddable":true,"href":"https:\/\/vimaterial.de\/it\/wp-json\/wp\/v2\/media\/1000347"}],"wp:attachment":[{"href":"https:\/\/vimaterial.de\/it\/wp-json\/wp\/v2\/media?parent=1011717"}],"wp:term":[{"taxonomy":"product_brand","embeddable":true,"href":"https:\/\/vimaterial.de\/it\/wp-json\/wp\/v2\/product_brand?post=1011717"},{"taxonomy":"product_cat","embeddable":true,"href":"https:\/\/vimaterial.de\/it\/wp-json\/wp\/v2\/product_cat?post=1011717"},{"taxonomy":"product_tag","embeddable":true,"href":"https:\/\/vimaterial.de\/it\/wp-json\/wp\/v2\/product_tag?post=1011717"}],"curies":[{"name":"wp","href":"https:\/\/api.w.org\/{rel}","templated":true}]}}