{"id":1011694,"date":"2024-06-17T14:21:40","date_gmt":"2024-06-17T06:21:40","guid":{"rendered":"https:\/\/vimaterial.de\/product\/metallo-di-titanio-6\/"},"modified":"2025-01-02T14:03:24","modified_gmt":"2025-01-02T06:03:24","slug":"metallo-di-titanio-6","status":"publish","type":"product","link":"https:\/\/vimaterial.de\/it\/product\/metallo-di-titanio-6\/","title":{"rendered":"Titanio metallico"},"content":{"rendered":"<p>Il titanio metallico \u00e8 un elemento metallico con il simbolo chimico Ti e il numero atomico 22. Il titanio ha una densit\u00e0 molto bassa e un&#8217;elevata resistenza, quindi ha una gamma molto ampia di applicazioni. VIMATERIAL si \u00e8 guadagnata la fiducia di un&#8217;ampia gamma di clienti con la sua qualit\u00e0 eccezionale, la gamma completa di prodotti e il servizio attento. I nostri prodotti vengono esportati in tutto il mondo e godono di un&#8217;ottima reputazione. Impegnati per l&#8217;integrit\u00e0 e la qualit\u00e0 in primo luogo, diamo un caloroso benvenuto ai clienti per informarsi e collaborare con noi. <\/p>\n<h2><span style=\"font-size: 14pt;\">Propriet\u00e0<\/span><\/h2>\n<p>Formula chimica:Ti Massa molare:47,867 g\/mol Aspetto: bianco argenteo Densit\u00e0: 4,506 g\/cm\u00b3 Punto di fusione: 1668 \u00b0C Punto di ebollizione: 3287 \u00b0C<\/p>\n<h2><span style=\"font-size: 14pt;\">Vantaggi del metallo titanio<\/span><\/h2>\n<p>Leggero e ad alta resistenza: La bassa densit\u00e0 del titanio metallico rende i prodotti in esso realizzati leggeri e resistenti, con una buona durata. Resistenza alla corrosione: il titanio metallico pu\u00f2 resistere all&#8217;erosione di sostanze chimiche come acidi, alcali e sali in vari ambienti, non \u00e8 facile da arrugginire e si comporta bene. Biocompatibilit\u00e0: il titanio metallico \u00e8 amico dei tessuti umani ed \u00e8 spesso utilizzato in campo medico, come la realizzazione di articolazioni artificiali e impianti dentali. Resistenza alle alte temperature: il metallo Ti pu\u00f2 mantenere le sue prestazioni a temperature pi\u00f9 elevate e ha una buona stabilit\u00e0 termica. Ecologico e sostenibile: il titanio metallico \u00e8 un materiale riciclabile con un impatto minimo sull&#8217;ambiente, in linea con il concetto di sviluppo sostenibile. Bello e alla moda: la trama metallica e il colore unici di Ti possono aggiungere un senso di moda e tecnologia al prodotto.<\/p>\n<h2><span style=\"font-size: 14pt;\">Tre funzioni speciali di Ti<\/span><\/h2>\n<p>1. Funzione di memoria di forma Una certa percentuale di lega Ti-Ni ha una funzione di memoria di forma, ovvero pu\u00f2 ripristinare la sua forma originale in determinate condizioni di temperatura. Questa funzione ha ampie prospettive di applicazione nel settore aerospaziale, medico e in altri campi. 2. Funzione di superconduttivit\u00e0 Quando la temperatura scende vicino allo zero assoluto, la lega Nb-Ti perde resistenza e mostra superconduttivit\u00e0. Questa caratteristica fa s\u00ec che la lega Nb-Ti abbia un potenziale valore applicativo nella trasmissione di potenza, nella levitazione magnetica e in altri campi. 3. Funzione di stoccaggio dell&#8217;idrogeno La lega Ti-Fe e altri materiali a base di titanio hanno la capacit\u00e0 di assorbire una grande quantit\u00e0 di idrogeno. Questa caratteristica fa s\u00ec che i materiali a base di titanio abbiano ampie prospettive di applicazione nella separazione, nello stoccaggio e nel trasporto dell&#8217;idrogeno. Utilizzando la funzione di stoccaggio dell&#8217;idrogeno dei materiali a base di titanio, l&#8217;idrogeno pu\u00f2 essere immagazzinato in modo sicuro e rilasciato per l&#8217;uso quando necessario.<\/p>\n<h2><span style=\"font-size: 14pt;\">Controllo qualit\u00e0<\/span><\/h2>\n<p>I nostri prodotti implementano il pi\u00f9 rigoroso sistema di gestione della qualit\u00e0. Esistono rigorosi standard di ispezione per i materiali in entrata, i processi, le ispezioni finali e le ispezioni in fabbrica. Saranno adottate rigorose misure di isolamento per la lavorazione non qualificata per evitare che i prodotti non qualificati fluiscano nel processo successivo. I campioni saranno forniti ai clienti in base alle esigenze del cliente per una nuova ispezione.   <\/p>\n<h2><span style=\"font-size: 14pt;\">Imballaggio e stoccaggio<\/span><\/h2>\n<p>Solitamente confezionato sottovuoto internamente e confezionato in cartone esternamente, pu\u00f2 anche essere confezionato in base alle esigenze del cliente. Deve essere conservato in un luogo asciutto e ben ventilato, lontano da acqua e fonti di fuoco, ed evitare umidit\u00e0 e calore.<\/p>\n","protected":false},"excerpt":{"rendered":"<p>Il titanio metallico \u00e8 un elemento metallico con il simbolo chimico Ti e il numero atomico 22. Il titanio ha una densit\u00e0 molto bassa e un&#8217;elevata resistenza, quindi ha una gamma molto ampia di applicazioni. VIMATERIAL si \u00e8 guadagnata la fiducia di un&#8217;ampia gamma di clienti con la sua qualit\u00e0 eccezionale, la gamma completa di [&hellip;]<\/p>\n","protected":false},"featured_media":1000362,"comment_status":"open","ping_status":"closed","template":"","meta":{"_acf_changed":false},"product_brand":[],"product_cat":[207],"product_tag":[],"class_list":{"0":"post-1011694","1":"product","2":"type-product","3":"status-publish","4":"has-post-thumbnail","6":"product_cat-profilo","8":"first","9":"instock","10":"shipping-taxable","11":"purchasable","12":"product-type-variable"},"acf":[],"_links":{"self":[{"href":"https:\/\/vimaterial.de\/it\/wp-json\/wp\/v2\/product\/1011694","targetHints":{"allow":["GET"]}}],"collection":[{"href":"https:\/\/vimaterial.de\/it\/wp-json\/wp\/v2\/product"}],"about":[{"href":"https:\/\/vimaterial.de\/it\/wp-json\/wp\/v2\/types\/product"}],"replies":[{"embeddable":true,"href":"https:\/\/vimaterial.de\/it\/wp-json\/wp\/v2\/comments?post=1011694"}],"wp:featuredmedia":[{"embeddable":true,"href":"https:\/\/vimaterial.de\/it\/wp-json\/wp\/v2\/media\/1000362"}],"wp:attachment":[{"href":"https:\/\/vimaterial.de\/it\/wp-json\/wp\/v2\/media?parent=1011694"}],"wp:term":[{"taxonomy":"product_brand","embeddable":true,"href":"https:\/\/vimaterial.de\/it\/wp-json\/wp\/v2\/product_brand?post=1011694"},{"taxonomy":"product_cat","embeddable":true,"href":"https:\/\/vimaterial.de\/it\/wp-json\/wp\/v2\/product_cat?post=1011694"},{"taxonomy":"product_tag","embeddable":true,"href":"https:\/\/vimaterial.de\/it\/wp-json\/wp\/v2\/product_tag?post=1011694"}],"curies":[{"name":"wp","href":"https:\/\/api.w.org\/{rel}","templated":true}]}}