{"id":1011581,"date":"2024-06-17T14:21:46","date_gmt":"2024-06-17T06:21:46","guid":{"rendered":"https:\/\/vimaterial.de\/product\/metallo-di-titanio-2\/"},"modified":"2025-01-02T14:50:26","modified_gmt":"2025-01-02T06:50:26","slug":"metallo-di-titanio-2","status":"publish","type":"product","link":"https:\/\/vimaterial.de\/it\/product\/metallo-di-titanio-2\/","title":{"rendered":"Titanio metallico"},"content":{"rendered":"<p>Il bersaglio sputtering in titanio \u00e8 un bersaglio realizzato con elemento in titanio, comunemente utilizzato nella tecnologia di deposizione di film sottili, come la deposizione fisica da vapore (PVD) e la deposizione chimica da vapore (CVD). VIMATERIAL si \u00e8 guadagnata la fiducia di un&#8217;ampia gamma di clienti con la sua qualit\u00e0 eccezionale, la gamma completa di prodotti e il servizio attento. I nostri prodotti vengono esportati in tutto il mondo e godono di un&#8217;ottima reputazione. Impegnati per l&#8217;integrit\u00e0 e la qualit\u00e0 in primo luogo, diamo un caloroso benvenuto ai clienti per informarsi e collaborare con noi.<\/p>\n<h2><span style=\"font-size: 14pt;\">Propriet\u00e0<\/span><\/h2>\n<p>Formula chimica:Ti Massa molare:47,867 g\/mol Aspetto: bianco argenteo Densit\u00e0: 4,506 g\/cm\u00b3 Punto di fusione: 1668 \u00b0C Punto di ebollizione: 3287 \u00b0C<\/p>\n<h2><span style=\"font-size: 14pt;\">Composizione del bersaglio per sputtering in titanio<\/span><\/h2>\n<p>Il bersaglio in titanio \u00e8 realizzato in titanio metallico ad alta purezza, che di solito include i seguenti tipi: 1. Bersaglio in titanio puro: la purezza \u00e8 fino al 99,995%, prodotto principalmente mediante spruzzatura elettrostatica o processo di pressatura a caldo. Il bersaglio sputtering in titanio puro ha le caratteristiche di resistenza alla corrosione, elevata stabilit\u00e0 ed eccellente conduttivit\u00e0 ed \u00e8 ampiamente utilizzato in semiconduttori, rivestimenti, film sottili e ottiche. 2. Bersaglio in lega di titanio: compreso il bersaglio in lega di titanio e il bersaglio composito in lega di titanio. Il bersaglio in lega di titanio \u00e8 solitamente composto da titanio e altri elementi metallici come alluminio, rame, nichel e vanadio. Ha le caratteristiche di alta resistenza, alta tenacit\u00e0 e bassa densit\u00e0 ed \u00e8 ampiamente utilizzato nei settori aerospaziale e automobilistico. I bersagli compositi in lega di titanio sono composti da materiali diversi e sono realizzati attraverso un processo composito. Hanno le caratteristiche di una maggiore resistenza all&#8217;ablazione e migliori propriet\u00e0 ottiche.<\/p>\n<h2><span style=\"font-size: 14pt;\">Applicazioni del bersaglio sputtering in titanio<\/span><\/h2>\n<p>1 Industria dei semiconduttori: i bersagli per polverizzazione catodica in titanio e i suoi composti (come il nitruro di titanio e l&#8217;ossido di titanio) sono spesso utilizzati per produrre strati di interfaccia, film di saldatura, strati barriera, ecc. nei dispositivi a semiconduttore. Pu\u00f2 essere utilizzato per depositare film metallici su wafer di silicio per collegare altri elementi elettronici per formare circuiti. 2 Industria dei rivestimenti: i bersagli sputtering in titanio vengono utilizzati per la deposizione fisica da vapore (PVD) e la deposizione chimica da vapore (CVD) per produrre rivestimenti efficienti e durevoli. Questi rivestimenti sono utilizzati in molti campi, tra cui il vetro a controllo solare sugli edifici, le pellicole dure resistenti all&#8217;usura per le parti automobilistiche e le pellicole resistenti alla corrosione per le apparecchiature energetiche fossili. 3 Industria ottica: nell&#8217;industria ottica, i bersagli sputtering in titanio vengono utilizzati per produrre pellicole con propriet\u00e0 antiriflesso, resistenti all&#8217;usura e di protezione dall&#8217;ossidazione. Alcune applicazioni specifiche includono rivestimenti per occhiali, elementi per lenti per fotocamere, telescopi, microscopi e altri strumenti di precisione. 4 Dispositivi di archiviazione: nei dispositivi di archiviazione dati, come i dischi rigidi, lo strato magnetico del disco rigido utilizza solitamente una sottile pellicola di titanio con una buona stabilit\u00e0 termica e resistenza all&#8217;usura. <\/p>\n<h2><span style=\"font-size: 14pt;\">Controllo qualit\u00e0<\/span><\/h2>\n<p>I nostri prodotti implementano il pi\u00f9 rigoroso sistema di gestione della qualit\u00e0. Esistono rigorosi standard di ispezione per i materiali in entrata, i processi, le ispezioni finali e le ispezioni in fabbrica. Saranno adottate rigorose misure di isolamento per la lavorazione non qualificata per evitare che i prodotti non qualificati fluiscano nel processo successivo. I campioni saranno forniti ai clienti in base alle esigenze del cliente per una nuova ispezione.   <\/p>\n<h2><span style=\"font-size: 14pt;\">Imballaggio e stoccaggio<\/span><\/h2>\n<p>Solitamente confezionato sottovuoto internamente e confezionato in cartone esternamente, pu\u00f2 anche essere confezionato in base alle esigenze del cliente. Deve essere conservato in un luogo asciutto e ben ventilato, lontano da acqua e fonti di fuoco, ed evitare umidit\u00e0 e calore.<\/p>\n","protected":false},"excerpt":{"rendered":"<p>Il bersaglio sputtering in titanio \u00e8 un bersaglio realizzato con elemento in titanio, comunemente utilizzato nella tecnologia di deposizione di film sottili, come la deposizione fisica da vapore (PVD) e la deposizione chimica da vapore (CVD). VIMATERIAL si \u00e8 guadagnata la fiducia di un&#8217;ampia gamma di clienti con la sua qualit\u00e0 eccezionale, la gamma completa [&hellip;]<\/p>\n","protected":false},"featured_media":1000407,"comment_status":"open","ping_status":"closed","template":"","meta":{"_acf_changed":false},"product_brand":[],"product_cat":[197],"product_tag":[],"class_list":{"0":"post-1011581","1":"product","2":"type-product","3":"status-publish","4":"has-post-thumbnail","6":"product_cat-obiettivi-di-sputtering-planari","8":"first","9":"instock","10":"shipping-taxable","11":"purchasable","12":"product-type-variable"},"acf":[],"_links":{"self":[{"href":"https:\/\/vimaterial.de\/it\/wp-json\/wp\/v2\/product\/1011581","targetHints":{"allow":["GET"]}}],"collection":[{"href":"https:\/\/vimaterial.de\/it\/wp-json\/wp\/v2\/product"}],"about":[{"href":"https:\/\/vimaterial.de\/it\/wp-json\/wp\/v2\/types\/product"}],"replies":[{"embeddable":true,"href":"https:\/\/vimaterial.de\/it\/wp-json\/wp\/v2\/comments?post=1011581"}],"wp:featuredmedia":[{"embeddable":true,"href":"https:\/\/vimaterial.de\/it\/wp-json\/wp\/v2\/media\/1000407"}],"wp:attachment":[{"href":"https:\/\/vimaterial.de\/it\/wp-json\/wp\/v2\/media?parent=1011581"}],"wp:term":[{"taxonomy":"product_brand","embeddable":true,"href":"https:\/\/vimaterial.de\/it\/wp-json\/wp\/v2\/product_brand?post=1011581"},{"taxonomy":"product_cat","embeddable":true,"href":"https:\/\/vimaterial.de\/it\/wp-json\/wp\/v2\/product_cat?post=1011581"},{"taxonomy":"product_tag","embeddable":true,"href":"https:\/\/vimaterial.de\/it\/wp-json\/wp\/v2\/product_tag?post=1011581"}],"curies":[{"name":"wp","href":"https:\/\/api.w.org\/{rel}","templated":true}]}}