{"id":1011540,"date":"2024-06-17T14:22:45","date_gmt":"2024-06-17T06:22:45","guid":{"rendered":"https:\/\/vimaterial.de\/product\/titanio-alluminio-vanadio\/"},"modified":"2025-01-02T16:03:10","modified_gmt":"2025-01-02T08:03:10","slug":"titanio-alluminio-vanadio","status":"publish","type":"product","link":"https:\/\/vimaterial.de\/it\/product\/titanio-alluminio-vanadio\/","title":{"rendered":"Titanio Alluminio Vanadio"},"content":{"rendered":"<p>Il titanio e l&#8217;alluminio vanadio, noto anche come lega di titanio Ti-6Al-4V, \u00e8 una lega di titanio ad alta resistenza \u03b1+\u03b2. Grazie alla sua eccellente resistenza, resistenza alla corrosione e prestazioni alle alte temperature, \u00e8 ampiamente utilizzato nelle industrie aerospaziali, biomediche, automobilistiche e manifatturiere di fascia alta. VIMATERIAL si \u00e8 guadagnata la fiducia di un&#8217;ampia gamma di clienti con la sua qualit\u00e0 eccezionale, la gamma completa di prodotti e il servizio attento. I nostri prodotti vengono esportati in tutto il mondo e godono di un&#8217;ottima reputazione. Impegnati per l&#8217;integrit\u00e0 e la qualit\u00e0 in primo luogo, diamo un caloroso benvenuto ai clienti per informarsi e collaborare con noi. <\/p>\n<h2><span style=\"font-size: 14pt;\">Composizione di base della lega di titanio Ti-6Al-4V<\/span><\/h2>\n<p>La composizione chimica della lega di titanio Ti-6Al-4V comprende principalmente i seguenti elementi chiave: Titanio (Ti): il Ti \u00e8 la matrice principale della lega, che di solito rappresenta oltre il 90% della composizione della lega. La leggerezza, la buona resistenza alla corrosione e l&#8217;elevata resistenza del titanio lo rendono un componente fondamentale delle leghe. Alluminio (Al): L&#8217;alluminio di solito rappresenta il 5-6% nella lega di titanio Ti-6Al-4V. La sua funzione principale \u00e8 quella di migliorare la resistenza e la resistenza all&#8217;ossidazione della lega. L&#8217;alluminio \u00e8 uno degli elementi di lega pi\u00f9 comunemente usati nelle leghe di titanio, che pu\u00f2 migliorare significativamente la temperatura di transizione di fase e le propriet\u00e0 meccaniche del materiale. Vanadio (V): Il contenuto di vanadio \u00e8 solitamente del 3-4%. Il vanadio aiuta a migliorare la forza, la plasticit\u00e0 e la resistenza alla fatica delle leghe di titanio e pu\u00f2 migliorare efficacemente la resistenza alle alte temperature della lega. Nella lega Ti-6Al-4V, il vanadio e l&#8217;alluminio formano una fase di lega pi\u00f9 stabile, migliorando cos\u00ec le propriet\u00e0 meccaniche della lega. La lega Ti-6Al-4V pu\u00f2 contenere anche piccole quantit\u00e0 di altri elementi, come ferro (Fe), ossigeno (O) e carbonio (C). Sebbene il contenuto di questi elementi di impurit\u00e0 non sia elevato, il loro impatto sulle prestazioni della lega non pu\u00f2 essere ignorato.<\/p>\n<h2><span style=\"font-size: 14pt;\">Prestazioni del Ti6Al4V<\/span><\/h2>\n<p>1. Forza: la resistenza della lega di titanio Gr.5 \u00e8 migliore di quella del titanio puro e ha un&#8217;eccellente resistenza alla trazione e allo snervamento a temperatura ambiente. 2. Resistenza alla corrosione: la lega di titanio Gr.5 ha una buona resistenza alla corrosione e pu\u00f2 resistere all&#8217;erosione della maggior parte dei mezzi corrosivi come acidi, acqua salata e acqua di mare. 3. Propriet\u00e0 del trattamento termico: la lega di titanio Gr.5 ha buone propriet\u00e0 di trattamento termico e diverse propriet\u00e0 meccaniche e microstruttura possono essere ottenute controllando i parametri di lavorazione. 4. Lavorabilit\u00e0: la lega di titanio Gr.5 ha una buona lavorabilit\u00e0 e pu\u00f2 essere utilizzata per varie tecniche di lavorazione, come forgiatura, fresatura, tornitura e saldatura. 5. Leggero: rispetto a molti altri materiali metallici, la lega di titanio Gr.5 ha una densit\u00e0 inferiore, che la rende la scelta ideale per applicazioni che richiedono leggerezza e alta resistenza allo stesso tempo.<\/p>\n<h2><span style=\"font-size: 14pt;\">Applicazioni del Ti6Al4V<\/span><\/h2>\n<p>1. Industria aerospaziale: la lega di titanio Gr.5 \u00e8 ampiamente utilizzata in aerei, missili, veicoli spaziali e altri campi per la produzione di parti strutturali, parti di motori, fusoliere ed eliche. 2. Dispositivi medici: grazie alla sua biocompatibilit\u00e0 e resistenza alla corrosione, la lega di titanio Gr.5 \u00e8 ampiamente utilizzata nella produzione di dispositivi medici, dispositivi per la riparazione ossea, articolazioni artificiali, ecc. 3. Industria automobilistica: la lega di titanio Gr.5 pu\u00f2 essere utilizzata nei sistemi frenanti automobilistici, nei tubi di scarico, nei sedili, nei telai e in altri componenti per ridurre il peso e migliorare l&#8217;efficienza del carburante. 4. Attrezzature sportive: grazie alla sua leggerezza e all&#8217;elevata resistenza, la lega di titanio Gr.5 viene utilizzata per produrre attrezzature sportive di fascia alta, come telai di biciclette, mazze da golf e racchette da tennis.<\/p>\n<h2><span style=\"font-size: 14pt;\">Controllo qualit\u00e0<\/span><\/h2>\n<p>I nostri prodotti implementano il pi\u00f9 rigoroso sistema di gestione della qualit\u00e0. Esistono rigorosi standard di ispezione per i materiali in entrata, i processi, le ispezioni finali e le ispezioni in fabbrica. Saranno adottate rigorose misure di isolamento per la lavorazione non qualificata per evitare che i prodotti non qualificati fluiscano nel processo successivo. I campioni saranno forniti ai clienti in base alle esigenze del cliente per una nuova ispezione.   <\/p>\n<h2><span style=\"font-size: 14pt;\">Imballaggio e stoccaggio<\/span><\/h2>\n<p>Solitamente confezionato sottovuoto internamente e confezionato in cartone esternamente, pu\u00f2 anche essere confezionato in base alle esigenze del cliente. Quando si conserva il Ti6Al4V, \u00e8 necessario innanzitutto scegliere un ambiente di stoccaggio asciutto, ventilato e privo di gas alcalini per garantire che la qualit\u00e0 della polvere non sia influenzata da umidit\u00e0, contaminazione, reazioni di ossidazione e altri effetti dannosi. Allo stesso tempo, la temperatura ambiente deve essere mantenuta durante lo stoccaggio e devono essere evitate grandi fluttuazioni di temperatura per mantenere la stabilit\u00e0 delle propriet\u00e0 chimiche e la dimensione delle particelle della polvere.<\/p>\n","protected":false},"excerpt":{"rendered":"<p>Il titanio e l&#8217;alluminio vanadio, noto anche come lega di titanio Ti-6Al-4V, \u00e8 una lega di titanio ad alta resistenza \u03b1+\u03b2. Grazie alla sua eccellente resistenza, resistenza alla corrosione e prestazioni alle alte temperature, \u00e8 ampiamente utilizzato nelle industrie aerospaziali, biomediche, automobilistiche e manifatturiere di fascia alta. VIMATERIAL si \u00e8 guadagnata la fiducia di un&#8217;ampia [&hellip;]<\/p>\n","protected":false},"featured_media":1000424,"comment_status":"open","ping_status":"closed","template":"","meta":{"_acf_changed":false},"product_brand":[],"product_cat":[204],"product_tag":[],"class_list":{"0":"post-1011540","1":"product","2":"type-product","3":"status-publish","4":"has-post-thumbnail","6":"product_cat-stampa-3d-di-polvere-sferica","8":"first","9":"instock","10":"shipping-taxable","11":"purchasable","12":"product-type-variable"},"acf":[],"_links":{"self":[{"href":"https:\/\/vimaterial.de\/it\/wp-json\/wp\/v2\/product\/1011540","targetHints":{"allow":["GET"]}}],"collection":[{"href":"https:\/\/vimaterial.de\/it\/wp-json\/wp\/v2\/product"}],"about":[{"href":"https:\/\/vimaterial.de\/it\/wp-json\/wp\/v2\/types\/product"}],"replies":[{"embeddable":true,"href":"https:\/\/vimaterial.de\/it\/wp-json\/wp\/v2\/comments?post=1011540"}],"wp:featuredmedia":[{"embeddable":true,"href":"https:\/\/vimaterial.de\/it\/wp-json\/wp\/v2\/media\/1000424"}],"wp:attachment":[{"href":"https:\/\/vimaterial.de\/it\/wp-json\/wp\/v2\/media?parent=1011540"}],"wp:term":[{"taxonomy":"product_brand","embeddable":true,"href":"https:\/\/vimaterial.de\/it\/wp-json\/wp\/v2\/product_brand?post=1011540"},{"taxonomy":"product_cat","embeddable":true,"href":"https:\/\/vimaterial.de\/it\/wp-json\/wp\/v2\/product_cat?post=1011540"},{"taxonomy":"product_tag","embeddable":true,"href":"https:\/\/vimaterial.de\/it\/wp-json\/wp\/v2\/product_tag?post=1011540"}],"curies":[{"name":"wp","href":"https:\/\/api.w.org\/{rel}","templated":true}]}}