{"id":1011510,"date":"2024-06-17T14:22:53","date_gmt":"2024-06-17T06:22:53","guid":{"rendered":"https:\/\/vimaterial.de\/product\/ossido-di-titanio-8\/"},"modified":"2024-07-17T13:02:28","modified_gmt":"2024-07-17T05:02:28","slug":"ossido-di-titanio-8","status":"publish","type":"product","link":"https:\/\/vimaterial.de\/it\/product\/ossido-di-titanio-8\/","title":{"rendered":"Ossido di titanio"},"content":{"rendered":"<p>CaratteristicaL&#8217;ossido di titanio \u00e8 un tipo di sostanze chimiche, formula chimica Ti2O3, peso molecolare di 143,73, la forma \u00e8 polvere viola, struttura chimica del sistema esagonale. Il Ti2O3 ha una struttura simile al corindone (DE -Al2O3). Pu\u00f2 reagire con gli acidi ossidanti. Pu\u00f2 condurre elettricit\u00e0. meno di 200 gradi \u00e8 definito semiconduttore, al di sopra di questa temperatura c&#8217;\u00e8 la conduzione elettronica (simile al metallo). Formula chimica:Ti2O3Massa molare:143,76 g\u00b7mol-1Aspetto:Polvere nera violaceaOdore:InodoreDensit\u00e0: 4,49 g\/cm3Punto di fusione:2130\u00b0CSolubilit\u00e0 in acqua:Insolubile<\/p>\n","protected":false},"excerpt":{"rendered":"<p>CaratteristicaL&#8217;ossido di titanio \u00e8 un tipo di sostanze chimiche, formula chimica Ti2O3, peso molecolare di 143,73, la forma \u00e8 polvere viola, struttura chimica del sistema esagonale. Il Ti2O3 ha una struttura simile al corindone (DE -Al2O3). Pu\u00f2 reagire con gli acidi ossidanti. Pu\u00f2 condurre elettricit\u00e0. meno di 200 gradi \u00e8 definito semiconduttore, al di sopra [&hellip;]<\/p>\n","protected":false},"featured_media":1041348,"comment_status":"open","ping_status":"closed","template":"","meta":{"_acf_changed":false},"product_brand":[],"product_cat":[205],"product_tag":[],"class_list":{"0":"post-1011510","1":"product","2":"type-product","3":"status-publish","4":"has-post-thumbnail","6":"product_cat-materiali-ossidi-idrossidi","8":"first","9":"instock","10":"shipping-taxable","11":"purchasable","12":"product-type-variable"},"acf":[],"_links":{"self":[{"href":"https:\/\/vimaterial.de\/it\/wp-json\/wp\/v2\/product\/1011510","targetHints":{"allow":["GET"]}}],"collection":[{"href":"https:\/\/vimaterial.de\/it\/wp-json\/wp\/v2\/product"}],"about":[{"href":"https:\/\/vimaterial.de\/it\/wp-json\/wp\/v2\/types\/product"}],"replies":[{"embeddable":true,"href":"https:\/\/vimaterial.de\/it\/wp-json\/wp\/v2\/comments?post=1011510"}],"wp:featuredmedia":[{"embeddable":true,"href":"https:\/\/vimaterial.de\/it\/wp-json\/wp\/v2\/media\/1041348"}],"wp:attachment":[{"href":"https:\/\/vimaterial.de\/it\/wp-json\/wp\/v2\/media?parent=1011510"}],"wp:term":[{"taxonomy":"product_brand","embeddable":true,"href":"https:\/\/vimaterial.de\/it\/wp-json\/wp\/v2\/product_brand?post=1011510"},{"taxonomy":"product_cat","embeddable":true,"href":"https:\/\/vimaterial.de\/it\/wp-json\/wp\/v2\/product_cat?post=1011510"},{"taxonomy":"product_tag","embeddable":true,"href":"https:\/\/vimaterial.de\/it\/wp-json\/wp\/v2\/product_tag?post=1011510"}],"curies":[{"name":"wp","href":"https:\/\/api.w.org\/{rel}","templated":true}]}}