{"id":1011493,"date":"2024-06-17T14:23:29","date_gmt":"2024-06-17T06:23:29","guid":{"rendered":"https:\/\/vimaterial.de\/product\/carburo-di-alluminio-e-titanio-2\/"},"modified":"2025-01-09T14:59:22","modified_gmt":"2025-01-09T06:59:22","slug":"carburo-di-alluminio-e-titanio-2","status":"publish","type":"product","link":"https:\/\/vimaterial.de\/it\/product\/carburo-di-alluminio-e-titanio-2\/","title":{"rendered":"Carburo di titanio e alluminio"},"content":{"rendered":"<p>Il carburo di titanio e alluminio (Ti3AlC2) \u00e8 un materiale ceramico della fase MAX composto da titanio (Ti), alluminio (Al) e carbonio (C). I materiali della fase MAX sono un tipo di materiale ceramico con struttura e propriet\u00e0 speciali. Hanno le caratteristiche degli elementi metallici, carbonio e azoto e sono spesso utilizzati in materiali strutturali ad alta temperatura e materiali compositi ceramici.  <\/p>\n<h2><span style=\"font-size: 14pt;\">Propriet\u00e0 di Ti3AlC2<\/span><\/h2>\n<p>1. Stabilit\u00e0 alle alte temperature: il carburo di titanio e alluminio ha una buona stabilit\u00e0 alle alte temperature e pu\u00f2 mantenere la stabilit\u00e0 strutturale e le prestazioni in ambienti ad alta temperatura. 2. Propriet\u00e0 meccaniche: il carburo di titanio e alluminio ha propriet\u00e0 meccaniche, tra cui elevata resistenza, durezza e resistenza all&#8217;usura, ed \u00e8 adatto per la preparazione di materiali strutturali ad alte prestazioni. 3. Conducibilit\u00e0 termica: grazie alla sua speciale struttura, Ti3AlC2 ha una buona conduttivit\u00e0 termica e pu\u00f2 essere utilizzato per preparare materiali di gestione termica efficienti. 4. Resistenza alla corrosione: il carburo di titanio e alluminio ha una buona resistenza ad una certa corrosione chimica ed \u00e8 adatto per applicazioni in alcuni ambienti speciali.<\/p>\n<h2><span style=\"font-size: 14pt;\">Tabella dei test di caratterizzazione<\/span><\/h2>\n<p>% in peso di Ti3AlC2<\/p>\n<table style=\"border-collapse: collapse; width: 40.8118%;\">\n<tbody>\n<tr>\n<td style=\"width: 16.2749%;\">Elemento<\/td>\n<td style=\"width: 16.4373%;\">% in peso<\/td>\n<\/tr>\n<tr>\n<td style=\"width: 16.2749%;\">Ti<\/td>\n<td style=\"width: 16.4373%;\">73,79<\/td>\n<\/tr>\n<tr>\n<td style=\"width: 16.2749%;\">Ale<\/td>\n<td style=\"width: 16.4373%;\">13.86<\/td>\n<\/tr>\n<tr>\n<td style=\"width: 16.2749%;\">E<\/td>\n<td style=\"width: 16.4373%;\">Ore 12.35<\/td>\n<\/tr>\n<\/tbody>\n<\/table>\n<h2><span style=\"font-size: 14pt;\">Qual \u00e8 l&#8217;applicazione del carburo di titanio e alluminio?<\/span><\/h2>\n<p>I nanocompositi a base di MXeni e MXeni sono stati ampiamente utilizzati in molti campi come il nano-adsorbimento, i biosensori, lo screening ionico, la catalisi, le batterie agli ioni di litio, i supercondensatori, la lubrificazione, ecc.<\/p>\n<h2><span style=\"font-size: 14pt;\">Controllo qualit\u00e0<\/span><\/h2>\n<p>I nostri prodotti implementano il pi\u00f9 rigoroso sistema di gestione della qualit\u00e0. Esistono rigorosi standard di ispezione per i materiali in entrata, i processi, le ispezioni finali e le ispezioni in fabbrica. Saranno adottate rigorose misure di isolamento per la lavorazione non qualificata per evitare che i prodotti non qualificati fluiscano nel processo successivo. I campioni saranno forniti ai clienti in base alle esigenze del cliente per una nuova ispezione.   <\/p>\n<h2><span style=\"font-size: 14pt;\">Imballaggio e stoccaggio<\/span><\/h2>\n<p>Interno: sacchetto trasparente per sottovuoto, esterno: foglio di alluminio sacchetto sottovuoto\/cartone\/barile di carta\/barile di ferro. L&#8217;imballaggio pu\u00f2 essere specificato in base alle esigenze del cliente. Questo prodotto deve essere sigillato e conservato in un ambiente asciutto e fresco. Non deve essere esposto all&#8217;aria per lungo tempo per evitare l&#8217;agglomerazione dell&#8217;umidit\u00e0, che influenzer\u00e0 le prestazioni di dispersione e l&#8217;effetto d&#8217;uso. Inoltre, dovrebbe evitare forti pressioni e il contatto con gli ossidanti. Deve essere trasportato come merce ordinaria. <\/p>\n","protected":false},"excerpt":{"rendered":"<p>Il carburo di titanio e alluminio (Ti3AlC2) \u00e8 un materiale ceramico della fase MAX composto da titanio (Ti), alluminio (Al) e carbonio (C). I materiali della fase MAX sono un tipo di materiale ceramico con struttura e propriet\u00e0 speciali. Hanno le caratteristiche degli elementi metallici, carbonio e azoto e sono spesso utilizzati in materiali strutturali [&hellip;]<\/p>\n","protected":false},"featured_media":1000477,"comment_status":"open","ping_status":"closed","template":"","meta":{"_acf_changed":false},"product_brand":[],"product_cat":[202],"product_tag":[],"class_list":{"0":"post-1011493","1":"product","2":"type-product","3":"status-publish","4":"has-post-thumbnail","6":"product_cat-materiali-c-n-b-si","8":"first","9":"instock","10":"shipping-taxable","11":"product-type-variable"},"acf":[],"_links":{"self":[{"href":"https:\/\/vimaterial.de\/it\/wp-json\/wp\/v2\/product\/1011493","targetHints":{"allow":["GET"]}}],"collection":[{"href":"https:\/\/vimaterial.de\/it\/wp-json\/wp\/v2\/product"}],"about":[{"href":"https:\/\/vimaterial.de\/it\/wp-json\/wp\/v2\/types\/product"}],"replies":[{"embeddable":true,"href":"https:\/\/vimaterial.de\/it\/wp-json\/wp\/v2\/comments?post=1011493"}],"wp:featuredmedia":[{"embeddable":true,"href":"https:\/\/vimaterial.de\/it\/wp-json\/wp\/v2\/media\/1000477"}],"wp:attachment":[{"href":"https:\/\/vimaterial.de\/it\/wp-json\/wp\/v2\/media?parent=1011493"}],"wp:term":[{"taxonomy":"product_brand","embeddable":true,"href":"https:\/\/vimaterial.de\/it\/wp-json\/wp\/v2\/product_brand?post=1011493"},{"taxonomy":"product_cat","embeddable":true,"href":"https:\/\/vimaterial.de\/it\/wp-json\/wp\/v2\/product_cat?post=1011493"},{"taxonomy":"product_tag","embeddable":true,"href":"https:\/\/vimaterial.de\/it\/wp-json\/wp\/v2\/product_tag?post=1011493"}],"curies":[{"name":"wp","href":"https:\/\/api.w.org\/{rel}","templated":true}]}}