{"id":1011480,"date":"2024-06-17T14:22:53","date_gmt":"2024-06-17T06:22:53","guid":{"rendered":"https:\/\/vimaterial.de\/product\/ossido-di-titanio-6\/"},"modified":"2025-01-03T14:55:52","modified_gmt":"2025-01-03T06:55:52","slug":"ossido-di-titanio-6","status":"publish","type":"product","link":"https:\/\/vimaterial.de\/it\/product\/ossido-di-titanio-6\/","title":{"rendered":"Ossido di titanio"},"content":{"rendered":"<p>L&#8217;ossido di titanio ( Triossido di titanio) \u00e8 un composto inorganico con la formula chimica Ti2O3, che \u00e8 un materiale semiconduttore viola. VIMATERIAL si \u00e8 guadagnata la fiducia di un&#8217;ampia gamma di clienti con la sua qualit\u00e0 eccezionale, la gamma completa di prodotti e il servizio attento. I nostri prodotti vengono esportati in tutto il mondo e godono di un&#8217;ottima reputazione. Impegnati per l&#8217;integrit\u00e0 e la qualit\u00e0 in primo luogo, diamo un caloroso benvenuto ai clienti per informarsi e collaborare con noi.<\/p>\n<h2><span style=\"font-size: 14pt;\">Propriet\u00e0<\/span><\/h2>\n<p>Formula chimica: Ti2O3 Peso molecolare: 143,7320 g\/mol Aspetto: solido viola-nero Punto di fusione: 2130 \u00b0C Densit\u00e0: 4,49 g\/cm\u00b3 Solubilit\u00e0 in acqua: insolubile<\/p>\n<h2><span style=\"font-size: 14pt;\">Applicazioni dell&#8217;ossido di titanio<\/span><\/h2>\n<p>Dispositivi optoelettronici: Ti2O3 \u00e8 un materiale semiconduttore con buone propriet\u00e0 ottiche ed elettroniche. Pu\u00f2 essere utilizzato per produrre celle solari, schermi, fotodiodi e altri dispositivi. Inoltre, il triossido di titanio ha anche eccellenti propriet\u00e0 fotocatalitiche, che possono convertire l&#8217;energia luminosa in energia chimica per degradare la materia organica e purificare i corpi idrici.Campo ambientale: In campo ambientale, il triossido di titanio \u00e8 ampiamente utilizzato nella purificazione dell&#8217;aria, nel trattamento delle acque e nei materiali autopulenti. Le sue propriet\u00e0 fotocatalitiche consentono al triossido di titanio di purificare l&#8217;aria e i corpi idrici attraverso reazioni fotocatalitiche. Produzione di pietre preziose artificiali: il Ti2O3 viene utilizzato anche nella produzione di pietre preziose artificiali. Pu\u00f2 essere utilizzato per realizzare film densi e colorati ed \u00e8 adatto per il rivestimento di film compositi, film colorati, film antiriflesso e film ultravioletti.  <\/p>\n<h2><span style=\"font-size: 14pt;\">Controllo qualit\u00e0<\/span><\/h2>\n<p>I nostri prodotti implementano il pi\u00f9 rigoroso sistema di gestione della qualit\u00e0. Esistono rigorosi standard di ispezione per i materiali in entrata, i processi, le ispezioni finali e le ispezioni in fabbrica. Saranno adottate rigorose misure di isolamento per la lavorazione non qualificata per evitare che i prodotti non qualificati fluiscano nel processo successivo. I campioni saranno forniti ai clienti in base alle esigenze del cliente per una nuova ispezione.   <\/p>\n<h2><span style=\"font-size: 14pt;\">Imballaggio e stoccaggio<\/span><\/h2>\n<p>Solitamente confezionato sottovuoto internamente e confezionato in cartone esternamente, pu\u00f2 anche essere confezionato in base alle esigenze del cliente. Conservare in un luogo fresco e asciutto e assicurarsi che l&#8217;officina disponga di una buona ventilazione o dispositivi di scarico.<\/p>\n","protected":false},"excerpt":{"rendered":"<p>L&#8217;ossido di titanio ( Triossido di titanio) \u00e8 un composto inorganico con la formula chimica Ti2O3, che \u00e8 un materiale semiconduttore viola. VIMATERIAL si \u00e8 guadagnata la fiducia di un&#8217;ampia gamma di clienti con la sua qualit\u00e0 eccezionale, la gamma completa di prodotti e il servizio attento. I nostri prodotti vengono esportati in tutto il [&hellip;]<\/p>\n","protected":false},"featured_media":1000458,"comment_status":"open","ping_status":"closed","template":"","meta":{"_acf_changed":false},"product_brand":[],"product_cat":[197],"product_tag":[],"class_list":{"0":"post-1011480","1":"product","2":"type-product","3":"status-publish","4":"has-post-thumbnail","6":"product_cat-obiettivi-di-sputtering-planari","8":"first","9":"instock","10":"shipping-taxable","11":"product-type-variable"},"acf":[],"_links":{"self":[{"href":"https:\/\/vimaterial.de\/it\/wp-json\/wp\/v2\/product\/1011480","targetHints":{"allow":["GET"]}}],"collection":[{"href":"https:\/\/vimaterial.de\/it\/wp-json\/wp\/v2\/product"}],"about":[{"href":"https:\/\/vimaterial.de\/it\/wp-json\/wp\/v2\/types\/product"}],"replies":[{"embeddable":true,"href":"https:\/\/vimaterial.de\/it\/wp-json\/wp\/v2\/comments?post=1011480"}],"wp:featuredmedia":[{"embeddable":true,"href":"https:\/\/vimaterial.de\/it\/wp-json\/wp\/v2\/media\/1000458"}],"wp:attachment":[{"href":"https:\/\/vimaterial.de\/it\/wp-json\/wp\/v2\/media?parent=1011480"}],"wp:term":[{"taxonomy":"product_brand","embeddable":true,"href":"https:\/\/vimaterial.de\/it\/wp-json\/wp\/v2\/product_brand?post=1011480"},{"taxonomy":"product_cat","embeddable":true,"href":"https:\/\/vimaterial.de\/it\/wp-json\/wp\/v2\/product_cat?post=1011480"},{"taxonomy":"product_tag","embeddable":true,"href":"https:\/\/vimaterial.de\/it\/wp-json\/wp\/v2\/product_tag?post=1011480"}],"curies":[{"name":"wp","href":"https:\/\/api.w.org\/{rel}","templated":true}]}}