{"id":1011393,"date":"2024-06-17T14:23:38","date_gmt":"2024-06-17T06:23:38","guid":{"rendered":"https:\/\/vimaterial.de\/product\/siliciuro-di-titanio\/"},"modified":"2025-04-18T17:50:39","modified_gmt":"2025-04-18T09:50:39","slug":"siliciuro-di-titanio","status":"publish","type":"product","link":"https:\/\/vimaterial.de\/it\/product\/siliciuro-di-titanio\/","title":{"rendered":"Siliciuro di titanio"},"content":{"rendered":"<p>La polvere di <span style=\"color: #0000ff;\"><a style=\"color: #0000ff;\" href=\"https:\/\/vimaterial.de\/en\/product\/titanium-silicide-sputtering-target\/\">titanio siliciuro<\/a> <\/span>\u00e8 una polvere grigia con un&#8217;eccellente stabilit\u00e0 alle alte temperature, resistenza alle alte temperature e resistenza all&#8217;ossidazione per un&#8217;ampia gamma di applicazioni, inclusa la produzione di semiconduttori di ossido di metallo.<\/p>\n<p>VIMATERIAL \u00e8 un&#8217;azienda all&#8217;avanguardia nel settore dell&#8217;innovazione dei materiali chimici, specializzata in materiali ad alte prestazioni per applicazioni ingegneristiche avanzate. I nostri prodotti sono caratterizzati da elevata purezza, prestazioni stabili, supporto per ordini di piccoli lotti, inventario sufficiente e tempi di consegna brevi. Sosteniamo anche il servizio di rilegatura target e accettiamo qualsiasi personalizzazione e sperimentazione del prodotto, <span style=\"color: #0000ff;\"><a style=\"color: #0000ff;\" href=\"https:\/\/vimaterial.de\/en\/contact-us\/\">vi preghiamo di contattarci<\/a><\/span> se necessario.  <\/p>\n<h2><span style=\"font-size: 14pt;\">Caratteristiche<\/span><\/h2>\n<p>Formula molecolare: Ti5Si3<\/p>\n<p>Peso molecolare: 323,59<\/p>\n<p>Aspetto: Polvere grigia con lucentezza metallica<\/p>\n<p>Densit\u00e0: 4,32 g\/cm\u00b3<\/p>\n<p>Punto di fusione: 2130,8\u00b0C<\/p>\n<p>Struttura cristallina: Sistema cristallino esagonale<\/p>\n<h2><span style=\"font-size: 14pt;\">Applicazioni<\/span><\/h2>\n<p>Industria dei semiconduttori: la polvere di siliciuro di titanio pu\u00f2 essere utilizzata come materiale di gate e interconnessione per migliorare le prestazioni e la stabilit\u00e0 dei dispositivi a semiconduttore.<\/p>\n<p>Circuiti integrati: la polvere di siliciuro di titanio pu\u00f2 essere utilizzata per creare uno strato barriera di diffusione per prevenire la diffusione di impurit\u00e0 per garantire l&#8217;affidabilit\u00e0 dei circuiti integrati.<\/p>\n<p>Celle solari: come materiale per elettrodi, pu\u00f2 migliorare l&#8217;efficienza di conversione fotoelettrica delle celle solari.<\/p>\n<p>Materiali strutturali ad alta temperatura: con il suo alto punto di fusione e l&#8217;elevata resistenza, pu\u00f2 essere utilizzato per produrre componenti ad alta temperatura nel settore aerospaziale e in altri campi.<\/p>\n<h2><span style=\"font-size: 14pt;\">Controllo qualit\u00e0<\/span><\/h2>\n<p><span style=\"color: #0000ff;\"><a style=\"color: #0000ff;\" href=\"https:\/\/vimaterial.de\/en\/quality-control\/\">I nostri prodotti<\/a> <\/span>sono soggetti a un rigoroso sistema di gestione della qualit\u00e0. Dai materiali in entrata, alla lavorazione, all&#8217;ispezione finale all&#8217;ispezione in fabbrica, ci sono rigorosi standard di ispezione. Per la lavorazione non qualificata vengono adottate rigorose misure di isolamento per evitare che prodotti non qualificati fluiscano nel processo successivo. In base alle esigenze del cliente, forniamo campioni per la nuova ispezione del cliente.   <\/p>\n<h2><span style=\"font-size: 14pt;\">Imballaggio e stoccaggio<\/span><\/h2>\n<p>La polvere di siliciuro di titanio \u00e8 confezionata in un sacchetto sottovuoto a doppio strato o in un flacone sottovuoto a doppio strato con cartone esterno.<\/p>\n<p>La polvere di titanio siliciuro deve essere conservata in un ambiente asciutto, fresco e ben ventilato, lontano da fuoco, calore e forti agenti ossidanti e altre sostanze, e deve essere conservata in contenitori sigillati protetti da gas inerte per prevenire l&#8217;ossidazione e l&#8217;umidit\u00e0.<\/p>\n","protected":false},"excerpt":{"rendered":"<p>La polvere di <span style=\"color: #0000ff;\"><a style=\"color: #0000ff;\" href=\"https:\/\/vimaterial.de\/en\/product\/titanium-silicide-sputtering-target\/\">titanio siliciuro<\/a> <\/span>\u00e8 una polvere grigia con un&#8217;eccellente stabilit\u00e0 alle alte temperature, resistenza alle alte temperature e resistenza all&#8217;ossidazione per un&#8217;ampia gamma di applicazioni, inclusa la produzione di semiconduttori di ossido di metallo.<\/p>\n","protected":false},"featured_media":1000524,"comment_status":"open","ping_status":"closed","template":"","meta":{"_acf_changed":false},"product_brand":[],"product_cat":[202],"product_tag":[],"class_list":{"0":"post-1011393","1":"product","2":"type-product","3":"status-publish","4":"has-post-thumbnail","6":"product_cat-materiali-c-n-b-si","8":"first","9":"instock","10":"shipping-taxable","11":"product-type-variable"},"acf":[],"_links":{"self":[{"href":"https:\/\/vimaterial.de\/it\/wp-json\/wp\/v2\/product\/1011393","targetHints":{"allow":["GET"]}}],"collection":[{"href":"https:\/\/vimaterial.de\/it\/wp-json\/wp\/v2\/product"}],"about":[{"href":"https:\/\/vimaterial.de\/it\/wp-json\/wp\/v2\/types\/product"}],"replies":[{"embeddable":true,"href":"https:\/\/vimaterial.de\/it\/wp-json\/wp\/v2\/comments?post=1011393"}],"wp:featuredmedia":[{"embeddable":true,"href":"https:\/\/vimaterial.de\/it\/wp-json\/wp\/v2\/media\/1000524"}],"wp:attachment":[{"href":"https:\/\/vimaterial.de\/it\/wp-json\/wp\/v2\/media?parent=1011393"}],"wp:term":[{"taxonomy":"product_brand","embeddable":true,"href":"https:\/\/vimaterial.de\/it\/wp-json\/wp\/v2\/product_brand?post=1011393"},{"taxonomy":"product_cat","embeddable":true,"href":"https:\/\/vimaterial.de\/it\/wp-json\/wp\/v2\/product_cat?post=1011393"},{"taxonomy":"product_tag","embeddable":true,"href":"https:\/\/vimaterial.de\/it\/wp-json\/wp\/v2\/product_tag?post=1011393"}],"curies":[{"name":"wp","href":"https:\/\/api.w.org\/{rel}","templated":true}]}}