{"id":1011380,"date":"2024-06-17T14:24:28","date_gmt":"2024-06-17T06:24:28","guid":{"rendered":"https:\/\/vimaterial.de\/product\/lega-di-alluminio-e-titanio-5\/"},"modified":"2025-04-18T17:47:56","modified_gmt":"2025-04-18T09:47:56","slug":"lega-di-alluminio-e-titanio-5","status":"publish","type":"product","link":"https:\/\/vimaterial.de\/it\/product\/lega-di-alluminio-e-titanio-5\/","title":{"rendered":"Lega di titanio e alluminio"},"content":{"rendered":"<p>Le aste in lega di <span style=\"color: #0000ff;\"><a style=\"color: #0000ff;\" href=\"https:\/\/vimaterial.de\/en\/product\/titanium-aluminum\/\">titanio e alluminio<\/a> <\/span>sono una combinazione di elementi in titanio e alluminio, che combinano elevata resistenza, bassa densit\u00e0, buona resistenza alla corrosione e al calore, comunemente utilizzate nel settore aerospaziale, nella produzione automobilistica e in altre aree con requisiti rigorosi per le propriet\u00e0 dei materiali.<\/p>\n<p>VIMATERIAL \u00e8 un&#8217;azienda all&#8217;avanguardia nel settore dell&#8217;innovazione chimica dei materiali, specializzata in materiali ad alte prestazioni per applicazioni ingegneristiche avanzate. I nostri prodotti sono caratterizzati da elevata purezza, prestazioni stabili, supporto per l&#8217;ordinazione di piccoli lotti, inventario sufficiente, tempi di consegna brevi, ecc. Supportiamo anche il servizio di rilegatura target e accettiamo qualsiasi personalizzazione e sperimentazione del prodotto, vi preghiamo di <span style=\"color: #0000ff;\"><a style=\"color: #0000ff;\" href=\"https:\/\/vimaterial.de\/en\/contact-us\/\">contattarci<\/a><\/span> se necessario.  <\/p>\n<h2><span style=\"font-size: 14pt;\">Caratteristiche<\/span><\/h2>\n<p>Formula molecolare: TiAl<\/p>\n<p>Peso molecolare: circa 65,87<\/p>\n<p>Aspetto: solitamente bianco-argento, lucentezza metallica, asta a superficie liscia<\/p>\n<p>Punto di fusione: circa 1600\u00b0C<\/p>\n<p>Struttura cristallina: Struttura esagonale densa<\/p>\n<h2><span style=\"font-size: 14pt;\">Applicazioni<\/span><\/h2>\n<p>Aerospaziale: le aste in lega di titanio e alluminio vengono utilizzate per produrre lame, dischi e altre parti chiave dei motori aeronautici grazie alla loro elevata resistenza, bassa densit\u00e0 e resistenza alle alte temperature, che aiuta a ridurre il peso del motore, migliorare l&#8217;efficienza della combustione e il rapporto spinta\/peso e quindi migliorare le prestazioni dell&#8217;aeromobile.<\/p>\n<p>Industria automobilistica: le aste in lega di titanio e alluminio possono essere utilizzate nella produzione di motori automobilistici, valvole, bielle e altri componenti, che possono ridurre il movimento alternativo della massa del motore, migliorare la velocit\u00e0 di risposta del motore e il risparmio di carburante, migliorando al contempo le parti delle propriet\u00e0 resistenti alle alte temperature e alla corrosione, per prolungare la durata.<\/p>\n<p>Campo energetico: Nel campo dell&#8217;energia, le barre in lega di titanio e alluminio possono essere utilizzate come materiali strutturali ad alta temperatura in turbine a gas, reattori nucleari e altre apparecchiature, in grado di resistere ad ambienti di lavoro ad alta temperatura e alta pressione per garantire il funzionamento stabile dell&#8217;apparecchiatura e la conversione ad alta efficienza.<\/p>\n<p>Campo dell&#8217;informazione elettronica: le aste in lega di titanio e alluminio possono essere utilizzate nella produzione di materiali di imballaggio elettronici, parti di dissipazione del calore, ecc. Grazie alla sua buona conduttivit\u00e0 elettrica e termica, nonch\u00e9 alla resistenza alla corrosione, resistenza all&#8217;ossidazione e altre propriet\u00e0, che possono aiutare a migliorare l&#8217;efficienza di dissipazione del calore e la stabilit\u00e0 delle apparecchiature elettroniche, per garantire il normale funzionamento dei dispositivi elettronici.<\/p>\n<h2><span style=\"font-size: 14pt;\">Controllo qualit\u00e0<\/span><\/h2>\n<p><span style=\"color: #0000ff;\"><a style=\"color: #0000ff;\" href=\"https:\/\/vimaterial.de\/en\/quality-control\/\">I nostri prodotti<\/a><\/span> sono soggetti a un rigoroso sistema di gestione della qualit\u00e0. Dai materiali in entrata, alla lavorazione, all&#8217;ispezione finale all&#8217;ispezione in fabbrica, ci sono rigorosi standard di ispezione. Per la lavorazione non qualificata vengono adottate rigorose misure di isolamento per evitare che prodotti non qualificati fluiscano nel processo successivo. I campioni vengono forniti per la nuova ispezione dei clienti in base alle loro esigenze.   <\/p>\n<h2><span style=\"font-size: 14pt;\">Imballaggio e stoccaggio<\/span><\/h2>\n<p>Le aste in lega di titanio e alluminio sono confezionate in un sacchetto sottovuoto a doppio strato con cartone esterno.<\/p>\n<p>Le aste in lega di titanio e alluminio devono essere conservate in un ambiente asciutto, ben ventilato e a una temperatura adeguata, evitando il contatto con sostanze corrosive come acidi e alcali, e allo stesso tempo prevenendo collisioni e graffi al fine di mantenerne le prestazioni e la qualit\u00e0 della superficie.<\/p>\n","protected":false},"excerpt":{"rendered":"<p>Le aste in lega di <span style=\"color: #0000ff;\"><a style=\"color: #0000ff;\" href=\"https:\/\/vimaterial.de\/en\/product\/titanium-aluminum\/\">titanio e alluminio<\/a> <\/span>sono una combinazione di elementi in titanio e alluminio, che combinano elevata resistenza, bassa densit\u00e0, buona resistenza alla corrosione e al calore, comunemente utilizzate nel settore aerospaziale, nella produzione automobilistica e in altre aree con requisiti rigorosi per le propriet\u00e0 dei materiali.<\/p>\n","protected":false},"featured_media":1000537,"comment_status":"open","ping_status":"closed","template":"","meta":{"_acf_changed":false},"product_brand":[],"product_cat":[207],"product_tag":[],"class_list":{"0":"post-1011380","1":"product","2":"type-product","3":"status-publish","4":"has-post-thumbnail","6":"product_cat-profilo","8":"first","9":"instock","10":"shipping-taxable","11":"product-type-variable"},"acf":[],"_links":{"self":[{"href":"https:\/\/vimaterial.de\/it\/wp-json\/wp\/v2\/product\/1011380","targetHints":{"allow":["GET"]}}],"collection":[{"href":"https:\/\/vimaterial.de\/it\/wp-json\/wp\/v2\/product"}],"about":[{"href":"https:\/\/vimaterial.de\/it\/wp-json\/wp\/v2\/types\/product"}],"replies":[{"embeddable":true,"href":"https:\/\/vimaterial.de\/it\/wp-json\/wp\/v2\/comments?post=1011380"}],"wp:featuredmedia":[{"embeddable":true,"href":"https:\/\/vimaterial.de\/it\/wp-json\/wp\/v2\/media\/1000537"}],"wp:attachment":[{"href":"https:\/\/vimaterial.de\/it\/wp-json\/wp\/v2\/media?parent=1011380"}],"wp:term":[{"taxonomy":"product_brand","embeddable":true,"href":"https:\/\/vimaterial.de\/it\/wp-json\/wp\/v2\/product_brand?post=1011380"},{"taxonomy":"product_cat","embeddable":true,"href":"https:\/\/vimaterial.de\/it\/wp-json\/wp\/v2\/product_cat?post=1011380"},{"taxonomy":"product_tag","embeddable":true,"href":"https:\/\/vimaterial.de\/it\/wp-json\/wp\/v2\/product_tag?post=1011380"}],"curies":[{"name":"wp","href":"https:\/\/api.w.org\/{rel}","templated":true}]}}