{"id":1011372,"date":"2024-06-17T14:22:54","date_gmt":"2024-06-17T06:22:54","guid":{"rendered":"https:\/\/vimaterial.de\/product\/lega-di-alluminio-e-titanio-4\/"},"modified":"2024-07-17T13:02:32","modified_gmt":"2024-07-17T05:02:32","slug":"lega-di-alluminio-e-titanio-4","status":"publish","type":"product","link":"https:\/\/vimaterial.de\/it\/product\/lega-di-alluminio-e-titanio-4\/","title":{"rendered":"Lega di titanio e alluminio"},"content":{"rendered":"<p>CaratteristicaLa lega di titanio \u00e8 un metallo bianco argenteo, ha molte propriet\u00e0 eccellenti. Densit\u00e0 del titanio di 4,54 g\/cm3, 43% pi\u00f9 leggera dell&#8217;acciaio, un po&#8217; pi\u00f9 pesante del prestigioso magnesio in metallo leggero. Resistenza meccanica con fase d&#8217;acciaio, quasi due volte pi\u00f9 grande dell&#8217;alluminio, cinque volte pi\u00f9 grande del magnesio. Di resistenza al titanio Huang Jingao alle alte temperature, punto di fusione 1942 k, 1000 k, 500 k superiore all&#8217;acciaio. ApplicazioneLa lega di alluminio al titanio \u00e8 anche ampiamente utilizzata nell&#8217;industria del rivestimento sottovuoto, che pu\u00f2 essere trasformata in una certa proporzione di materiale target in lega, come materia prima del rivestimento per polverizzazione catodica del magnetron. Quando si realizza il materiale target del rivestimento sottovuoto, la lega di titanio e alluminio ha una variet\u00e0 di rapporti di composizione, rapporto atomico di titanio e alluminio comunemente usato (at%): 90:10, 80:20, 70:30, 50:50, 30:70, 20:80, 10:90.Quando il contenuto di atomi di titanio \u00e8 superiore o uguale al 50%, la lega di titanio pu\u00f2 essere prodotta mediante colata sottovuoto. Quando il contenuto di titanio diminuisce e il contenuto di alluminio aumenta, il materiale target pu\u00f2 essere prodotto solo mediante metallurgia delle polveri. La lega di titanio con atomi di titanio maggiori o uguali all&#8217;80% pu\u00f2 essere forgiata e laminata.<\/p>\n","protected":false},"excerpt":{"rendered":"<p>CaratteristicaLa lega di titanio \u00e8 un metallo bianco argenteo, ha molte propriet\u00e0 eccellenti. Densit\u00e0 del titanio di 4,54 g\/cm3, 43% pi\u00f9 leggera dell&#8217;acciaio, un po&#8217; pi\u00f9 pesante del prestigioso magnesio in metallo leggero. Resistenza meccanica con fase d&#8217;acciaio, quasi due volte pi\u00f9 grande dell&#8217;alluminio, cinque volte pi\u00f9 grande del magnesio. Di resistenza al titanio Huang [&hellip;]<\/p>\n","protected":false},"featured_media":1000530,"comment_status":"open","ping_status":"closed","template":"","meta":{"_acf_changed":false},"product_brand":[],"product_cat":[212,204],"product_tag":[],"class_list":{"0":"post-1011372","1":"product","2":"type-product","3":"status-publish","4":"has-post-thumbnail","6":"product_cat-polvere-di-metallo-puro-e-leghe","7":"product_cat-stampa-3d-di-polvere-sferica","9":"first","10":"instock","11":"shipping-taxable","12":"product-type-variable"},"acf":[],"_links":{"self":[{"href":"https:\/\/vimaterial.de\/it\/wp-json\/wp\/v2\/product\/1011372","targetHints":{"allow":["GET"]}}],"collection":[{"href":"https:\/\/vimaterial.de\/it\/wp-json\/wp\/v2\/product"}],"about":[{"href":"https:\/\/vimaterial.de\/it\/wp-json\/wp\/v2\/types\/product"}],"replies":[{"embeddable":true,"href":"https:\/\/vimaterial.de\/it\/wp-json\/wp\/v2\/comments?post=1011372"}],"wp:featuredmedia":[{"embeddable":true,"href":"https:\/\/vimaterial.de\/it\/wp-json\/wp\/v2\/media\/1000530"}],"wp:attachment":[{"href":"https:\/\/vimaterial.de\/it\/wp-json\/wp\/v2\/media?parent=1011372"}],"wp:term":[{"taxonomy":"product_brand","embeddable":true,"href":"https:\/\/vimaterial.de\/it\/wp-json\/wp\/v2\/product_brand?post=1011372"},{"taxonomy":"product_cat","embeddable":true,"href":"https:\/\/vimaterial.de\/it\/wp-json\/wp\/v2\/product_cat?post=1011372"},{"taxonomy":"product_tag","embeddable":true,"href":"https:\/\/vimaterial.de\/it\/wp-json\/wp\/v2\/product_tag?post=1011372"}],"curies":[{"name":"wp","href":"https:\/\/api.w.org\/{rel}","templated":true}]}}