{"id":1011327,"date":"2024-06-17T14:24:30","date_gmt":"2024-06-17T06:24:30","guid":{"rendered":"https:\/\/vimaterial.de\/product\/alluminuro-di-titanio\/"},"modified":"2025-04-18T17:40:04","modified_gmt":"2025-04-18T09:40:04","slug":"alluminuro-di-titanio","status":"publish","type":"product","link":"https:\/\/vimaterial.de\/it\/product\/alluminuro-di-titanio\/","title":{"rendered":"Alluminuro di titanio"},"content":{"rendered":"<p>La polvere di <span style=\"color: #0000ff;\"><a style=\"color: #0000ff;\" href=\"https:\/\/vimaterial.de\/en\/product\/titanium-aluminide-4\/\">alluminuro di titanio<\/a> <\/span>\u00e8 un tipo di titanio e alluminio come componenti principali, di solito utilizzando elementi Ti e Al preparati mediante pressatura a caldo e altri metodi, con una superficie liscia e uniforme delle particelle, elevata cristallinit\u00e0, uniformit\u00e0 e purezza della composizione, ecc. Ha potenziali applicazioni nel settore aerospaziale, elettronico e in altri campi. <\/p>\n<p>VIMATERIAL \u00e8 un&#8217;azienda all&#8217;avanguardia nel settore dell&#8217;innovazione chimica dei materiali, specializzata in materiali ad alte prestazioni per applicazioni ingegneristiche avanzate. I nostri prodotti sono caratterizzati da elevata purezza, prestazioni stabili, supporto per l&#8217;ordinazione di piccoli lotti, inventario sufficiente, tempi di consegna brevi, ecc. Supportiamo anche il servizio di rilegatura target e accettiamo qualsiasi personalizzazione e sperimentazione del prodotto, vi preghiamo di <span style=\"color: #0000ff;\"><a style=\"color: #0000ff;\" href=\"https:\/\/vimaterial.de\/en\/contact-us\/\">contattarci<\/a> <\/span>se necessario.  <\/p>\n<h2><span style=\"font-size: 14pt;\">Caratteristiche<\/span><\/h2>\n<p>Formula molecolare: Ti\u2083Al<\/p>\n<p>Peso molecolare: 128,811614<\/p>\n<p>Aspetto: Solitamente polvere grigia o nera<\/p>\n<p>Densit\u00e0: La densit\u00e0 del Ti\u2083Al in fase \u03b1\u2082 \u00e8 di circa 4,1-4,7 g\/cm\u00b3.<\/p>\n<p>Punto di fusione: circa 1460\u00b0C.<\/p>\n<p>Struttura cristallina: Appartiene al sistema cristallino esagonale.<\/p>\n<h2><span style=\"font-size: 14pt;\">Applicazioni<\/span><\/h2>\n<p>Aerospaziale: la polvere di alluminuro di titanio viene utilizzata nella produzione di pale di motori aeronautici, dischi e altri componenti, che possono ridurre il peso dell&#8217;aeromobile e migliorarne le prestazioni in ambienti ad alta temperatura.<\/p>\n<p>Industria automobilistica: la polvere di alluminuro di titanio pu\u00f2 essere utilizzata nella produzione di pistoni per motori di automobili, bielle e altri componenti, che possono aiutare a migliorare l&#8217;efficienza del carburante e le prestazioni di potenza delle automobili.<\/p>\n<p>Campo dell&#8217;informazione elettronica: utilizzato come materia prima nella fabbricazione di alcuni componenti elettronici, utilizzando le sue speciali propriet\u00e0 fisiche per migliorare la stabilit\u00e0 e l&#8217;affidabilit\u00e0 dei componenti.<\/p>\n<p>Campo energetico: l&#8217;alluminuro di titanio pu\u00f2 essere utilizzato come materiale per elettrodi o materiali strutturali per dispositivi energetici come celle a combustibile ad alta temperatura per adattarsi alle loro difficili condizioni di lavoro.<\/p>\n<h2><span style=\"font-size: 14pt;\">Controllo qualit\u00e0<\/span><\/h2>\n<p><span style=\"color: #0000ff;\"><a style=\"color: #0000ff;\" href=\"https:\/\/vimaterial.de\/en\/quality-control\/\">I nostri prodotti<\/a><\/span> sono soggetti a un rigoroso sistema di gestione della qualit\u00e0. Dai materiali in entrata, alla lavorazione, all&#8217;ispezione finale all&#8217;ispezione in fabbrica, ci sono rigorosi standard di ispezione. Per la lavorazione non qualificata vengono adottate rigorose misure di isolamento per evitare che prodotti non qualificati fluiscano nel processo successivo. I campioni vengono forniti per la nuova ispezione dei clienti in base alle loro esigenze.   <\/p>\n<h2><span style=\"font-size: 14pt;\">Imballaggio e stoccaggio<\/span><\/h2>\n<p>La polvere di alluminuro di titanio viene confezionata in flaconi sottovuoto a doppio strato o sacchetti sottovuoto a doppio strato e quindi confezionata in cartoni.<\/p>\n<p>La polvere di alluminuro di titanio deve essere conservata in un ambiente asciutto, fresco, ben ventilato e privo di gas corrosivi, e deve essere sigillata e conservata in contenitori protetti da gas inerte per evitare che reagisca con aria, umidit\u00e0, ecc. e ne comprometta le prestazioni.<\/p>\n","protected":false},"excerpt":{"rendered":"<p>La polvere di <span style=\"color: #0000ff;\"><a style=\"color: #0000ff;\" href=\"https:\/\/vimaterial.de\/en\/product\/titanium-aluminide-4\/\">alluminuro di titanio<\/a> <\/span>\u00e8 un tipo di titanio e alluminio come componenti principali, di solito utilizzando elementi Ti e Al preparati mediante pressatura a caldo e altri metodi, con una superficie liscia e uniforme delle particelle, elevata cristallinit\u00e0, uniformit\u00e0 e purezza della composizione, ecc. Ha potenziali applicazioni nel settore aerospaziale, elettronico e in altri campi. <\/p>\n","protected":false},"featured_media":1041379,"comment_status":"open","ping_status":"closed","template":"","meta":{"_acf_changed":false},"product_brand":[],"product_cat":[212],"product_tag":[],"class_list":{"0":"post-1011327","1":"product","2":"type-product","3":"status-publish","4":"has-post-thumbnail","6":"product_cat-polvere-di-metallo-puro-e-leghe","8":"first","9":"instock","10":"shipping-taxable","11":"product-type-variable"},"acf":[],"_links":{"self":[{"href":"https:\/\/vimaterial.de\/it\/wp-json\/wp\/v2\/product\/1011327","targetHints":{"allow":["GET"]}}],"collection":[{"href":"https:\/\/vimaterial.de\/it\/wp-json\/wp\/v2\/product"}],"about":[{"href":"https:\/\/vimaterial.de\/it\/wp-json\/wp\/v2\/types\/product"}],"replies":[{"embeddable":true,"href":"https:\/\/vimaterial.de\/it\/wp-json\/wp\/v2\/comments?post=1011327"}],"wp:featuredmedia":[{"embeddable":true,"href":"https:\/\/vimaterial.de\/it\/wp-json\/wp\/v2\/media\/1041379"}],"wp:attachment":[{"href":"https:\/\/vimaterial.de\/it\/wp-json\/wp\/v2\/media?parent=1011327"}],"wp:term":[{"taxonomy":"product_brand","embeddable":true,"href":"https:\/\/vimaterial.de\/it\/wp-json\/wp\/v2\/product_brand?post=1011327"},{"taxonomy":"product_cat","embeddable":true,"href":"https:\/\/vimaterial.de\/it\/wp-json\/wp\/v2\/product_cat?post=1011327"},{"taxonomy":"product_tag","embeddable":true,"href":"https:\/\/vimaterial.de\/it\/wp-json\/wp\/v2\/product_tag?post=1011327"}],"curies":[{"name":"wp","href":"https:\/\/api.w.org\/{rel}","templated":true}]}}