{"id":1011296,"date":"2024-06-17T14:24:34","date_gmt":"2024-06-17T06:24:34","guid":{"rendered":"https:\/\/vimaterial.de\/product\/boruro-di-titanio-2\/"},"modified":"2025-04-18T17:33:21","modified_gmt":"2025-04-18T09:33:21","slug":"boruro-di-titanio-2","status":"publish","type":"product","link":"https:\/\/vimaterial.de\/it\/product\/boruro-di-titanio-2\/","title":{"rendered":"Boruro di titanio"},"content":{"rendered":"<p>La polvere di <span style=\"color: #0000ff;\"><a style=\"color: #0000ff;\" href=\"https:\/\/vimaterial.de\/it\/product\/boruro-di-titanio\/\">boruro di titanio<\/a><\/span> \u00e8 un composto di titanio e boro, per lo pi\u00f9 di colore nero o grigio-nero, con elevata durezza, alto punto di fusione, buona conduttivit\u00e0 elettrica e stabilit\u00e0 chimica ed \u00e8 un&#8217;importante materia prima per la produzione di rivestimenti resistenti all&#8217;usura, utensili da taglio, componenti elettronici e molte altre aree.<\/p>\n<p>VIMATERIAL \u00e8 un&#8217;azienda all&#8217;avanguardia nel settore dell&#8217;innovazione chimica dei materiali, specializzata in materiali ad alte prestazioni progettati per applicazioni ingegneristiche avanzate. I nostri prodotti sono di elevata purezza e qualit\u00e0, supportiamo l&#8217;imballaggio di piccoli lotti, il MOQ di piccoli prodotti, l&#8217;inventario sufficiente, la personalizzazione del supporto e siamo in grado di fornire un servizio di rilegatura mirata, se avete esigenze, vi preghiamo di <span style=\"color: #0000ff;\"><a style=\"color: #0000ff;\" href=\"https:\/\/vimaterial.de\/it\/contatto\/\">contattarci<\/a><\/span>. <\/p>\n<h2><span style=\"font-size: 14pt;\">Caratteristiche<\/span><\/h2>\n<p>Formula molecolare: TiB\u2082<\/p>\n<p>Peso molecolare: circa 69,49<\/p>\n<p>Aspetto: Polvere generalmente nera o grigio-nera con lucentezza metallica.<\/p>\n<p>Densit\u00e0: circa 4,5 &#8211; 4,52 g\/cm\u00b3.<\/p>\n<p>Punto di fusione: il punto di fusione \u00e8 molto alto, circa 2980 \u00b0C, in un ambiente ad alta temperatura pu\u00f2 anche mantenere una buona stabilit\u00e0.<br \/>\nPunto di ebollizione: per il momento non ci sono dati chiari sul punto di ebollizione, in considerazione del suo alto punto di fusione e stabilit\u00e0, si presume che il punto di ebollizione sia in un intervallo di temperatura molto elevato.<br \/>\nStruttura cristallina: la struttura cristallina esagonale, gli atomi di titanio e gli atomi di boro formano cristalli secondo una disposizione specifica, questa struttura gli conferisce un&#8217;elevata durezza e una buona stabilit\u00e0.<\/p>\n<h2><span style=\"font-size: 14pt;\">Applicazione<\/span><\/h2>\n<p>Produzione di utensili: nella produzione di utensili, la polvere di boruro di titanio viene utilizzata per il rivestimento degli utensili per formare un rivestimento ad alta durezza, resistente all&#8217;usura e termicamente stabile, che migliora le prestazioni di taglio dell&#8217;utensile, prolunga la durata dell&#8217;utensile e migliora la precisione e l&#8217;efficienza della lavorazione.<\/p>\n<p>Elettronica: Nell&#8217;industria elettronica, le polveri di boruro di titanio sono utilizzate nella preparazione di materiali conduttivi e incapsulanti per componenti elettronici, dove la loro buona conduttivit\u00e0 elettrica e stabilit\u00e0 chimica migliorano le prestazioni dei componenti elettronici e migliorano l&#8217;affidabilit\u00e0 delle apparecchiature elettroniche.<\/p>\n<p>Aerospaziale: per applicazioni aerospaziali, le polveri di boruro di titanio possono essere utilizzate per creare componenti resistenti alle alte temperature e all&#8217;usura o per formare rivestimenti protettivi sulle loro superfici per aiutarli a resistere alle alte temperature, alle correnti d&#8217;aria ad alta velocit\u00e0 e all&#8217;usura meccanica, garantendo che le apparecchiature aerospaziali funzionino correttamente in ambienti estremi.<\/p>\n<p>Industria automobilistica: nell&#8217;industria automobilistica, la polvere viene utilizzata per rivestire componenti chiave come motori e trasmissioni, il che migliora significativamente la resistenza all&#8217;usura e alla corrosione, riduce l&#8217;usura e migliora le prestazioni e la durata delle automobili.<\/p>\n<h2><span style=\"font-size: 14pt;\">Controllo qualit\u00e0<\/span><\/h2>\n<p><span style=\"color: #0000ff;\"><a style=\"color: #0000ff;\" href=\"https:\/\/vimaterial.de\/it\/controllo-qualita\/\">I nostri prodotti<\/a> <\/span>sono soggetti a un rigoroso sistema di gestione della qualit\u00e0. Dai materiali in entrata, alla lavorazione, all&#8217;ispezione finale all&#8217;ispezione in fabbrica, ci sono rigorosi standard di ispezione. Per la lavorazione non qualificata vengono adottate rigorose misure di isolamento per evitare che prodotti non qualificati fluiscano nel processo successivo. I campioni sono forniti per la ri-ispezione del cliente in base alle esigenze del cliente.   <\/p>\n<h2><span style=\"font-size: 14pt;\">Imballaggio e stoccaggio<\/span><\/h2>\n<p>La polvere di boruro di titanio viene confezionata in doppi sacchetti sottovuoto e poi inscatolata, con cartoni esterni.<\/p>\n<p>La polvere di boruro di titanio deve essere conservata in un ambiente asciutto, fresco e ben ventilato, evitando l&#8217;umidit\u00e0, impedendo il contatto con sostanze corrosive come acidi e alcali ed evitando luce intensa, vibrazioni violente e alte temperature, al fine di mantenere le sue propriet\u00e0 di elevata durezza, alto punto di fusione, buona conduttivit\u00e0 elettrica e stabilit\u00e0 chimica.<\/p>\n","protected":false},"excerpt":{"rendered":"<p>La polvere di <span style=\"color: #0000ff;\"><a style=\"color: #0000ff;\" href=\"https:\/\/vimaterial.de\/it\/product\/boruro-di-titanio\/\">boruro di titanio<\/a><\/span> \u00e8 un composto di titanio e boro, per lo pi\u00f9 di colore nero o grigio-nero, con elevata durezza, alto punto di fusione, buona conduttivit\u00e0 elettrica e stabilit\u00e0 chimica ed \u00e8 un&#8217;importante materia prima per la produzione di rivestimenti resistenti all&#8217;usura, utensili da taglio, componenti elettronici e molte altre aree.<\/p>\n","protected":false},"featured_media":1000580,"comment_status":"open","ping_status":"closed","template":"","meta":{"_acf_changed":false},"product_brand":[],"product_cat":[202],"product_tag":[],"class_list":{"0":"post-1011296","1":"product","2":"type-product","3":"status-publish","4":"has-post-thumbnail","6":"product_cat-materiali-c-n-b-si","8":"first","9":"instock","10":"shipping-taxable","11":"purchasable","12":"product-type-variable"},"acf":[],"_links":{"self":[{"href":"https:\/\/vimaterial.de\/it\/wp-json\/wp\/v2\/product\/1011296","targetHints":{"allow":["GET"]}}],"collection":[{"href":"https:\/\/vimaterial.de\/it\/wp-json\/wp\/v2\/product"}],"about":[{"href":"https:\/\/vimaterial.de\/it\/wp-json\/wp\/v2\/types\/product"}],"replies":[{"embeddable":true,"href":"https:\/\/vimaterial.de\/it\/wp-json\/wp\/v2\/comments?post=1011296"}],"wp:featuredmedia":[{"embeddable":true,"href":"https:\/\/vimaterial.de\/it\/wp-json\/wp\/v2\/media\/1000580"}],"wp:attachment":[{"href":"https:\/\/vimaterial.de\/it\/wp-json\/wp\/v2\/media?parent=1011296"}],"wp:term":[{"taxonomy":"product_brand","embeddable":true,"href":"https:\/\/vimaterial.de\/it\/wp-json\/wp\/v2\/product_brand?post=1011296"},{"taxonomy":"product_cat","embeddable":true,"href":"https:\/\/vimaterial.de\/it\/wp-json\/wp\/v2\/product_cat?post=1011296"},{"taxonomy":"product_tag","embeddable":true,"href":"https:\/\/vimaterial.de\/it\/wp-json\/wp\/v2\/product_tag?post=1011296"}],"curies":[{"name":"wp","href":"https:\/\/api.w.org\/{rel}","templated":true}]}}