{"id":1011257,"date":"2024-06-17T14:24:35","date_gmt":"2024-06-17T06:24:35","guid":{"rendered":"https:\/\/vimaterial.de\/product\/boruro-di-titanio\/"},"modified":"2025-04-18T17:31:10","modified_gmt":"2025-04-18T09:31:10","slug":"boruro-di-titanio","status":"publish","type":"product","link":"https:\/\/vimaterial.de\/it\/product\/boruro-di-titanio\/","title":{"rendered":"Boruro di titanio"},"content":{"rendered":"<p>Il bersaglio sputtering del <span style=\"color: #0000ff;\"><a style=\"color: #0000ff;\" href=\"https:\/\/vimaterial.de\/it\/product\/boruro-di-titanio-2\/\">boruro di titanio<\/a> <\/span>\u00e8 un bersaglio a base di boruro di titanio con elevata durezza, alto punto di fusione, buona conduttivit\u00e0 elettrica e stabilit\u00e0 chimica. Pu\u00f2 depositare film sottili di boruro di titanio con eccellenti propriet\u00e0 di usura, corrosione ed elettricit\u00e0 sul materiale del substrato durante lo sputtering, che pu\u00f2 essere utilizzato in un&#8217;ampia gamma di campi come rivestimenti per utensili, dispositivi elettronici, parti resistenti all&#8217;usura ad alta temperatura e cos\u00ec via. <\/p>\n<p>VIMATERIAL \u00e8 un&#8217;azienda all&#8217;avanguardia nel settore dell&#8217;innovazione chimica dei materiali, specializzata in materiali ad alte prestazioni progettati per applicazioni ingegneristiche avanzate. I nostri prodotti sono di elevata purezza e qualit\u00e0, supportiamo l&#8217;imballaggio di piccoli lotti, il MOQ di piccoli prodotti, l&#8217;inventario sufficiente, la personalizzazione del supporto e siamo in grado di fornire un servizio di rilegatura mirata, se avete esigenze, vi preghiamo di <span style=\"color: #0000ff;\"><a style=\"color: #0000ff;\" href=\"https:\/\/vimaterial.de\/it\/contatto\/\">contattarci<\/a><\/span>. <\/p>\n<h2><span style=\"font-size: 14pt;\">Caratteristiche<\/span><\/h2>\n<p>Formula molecolare:TiB\u2082<\/p>\n<p>Peso molecolare: circa 69,49<\/p>\n<p>Aspetto: solitamente nero o grigio-nero, con lucentezza metallica sulla superficie<\/p>\n<p>Densit\u00e0: circa 4,5 &#8211; 4,52 g\/cm\u00b3.<\/p>\n<p>Punto di fusione: circa 2980\u00b0C<\/p>\n<p>Struttura cristallina: Ha una struttura cristallina esagonale, che conferisce ai boruri di titanio un&#8217;elevata durezza e una buona stabilit\u00e0. Gli atomi di titanio e boro formano cristalli in una disposizione specifica, che ha molti effetti sulle loro propriet\u00e0 fisiche e chimiche. <\/p>\n<h2><span style=\"font-size: 14pt;\">Applicazione<\/span><\/h2>\n<p>Utensili da taglio: negli utensili da taglio, i bersagli sputtering in boruro di titanio possono essere utilizzati per il rivestimento dell&#8217;utensile per formare un film duro e resistente all&#8217;usura sulla superficie dell&#8217;utensile, che migliora significativamente la resistenza all&#8217;usura e le prestazioni di taglio dell&#8217;utensile, prolunga la durata dell&#8217;utensile e quindi migliora l&#8217;efficienza di lavorazione.<\/p>\n<p>Elettronica: nei dispositivi elettronici, i film depositati con bersagli di sputtering in boruro di titanio hanno una buona conduttivit\u00e0 elettrica e stabilit\u00e0 chimica e possono essere utilizzati come materiali per elettrodi o pellicole protettive per componenti elettronici, contribuendo a migliorare le prestazioni e la stabilit\u00e0 delle apparecchiature elettroniche.<\/p>\n<p>Aerospaziale: per i componenti aerospaziali, i bersagli sputtering in boruro di titanio generano rivestimenti resistenti alle alte temperature e all&#8217;usura sulla superficie delle parti, migliorandone le prestazioni in ambienti ad altissima temperatura e ad alto stress e garantendo l&#8217;affidabilit\u00e0 e la sicurezza delle apparecchiature aerospaziali.<\/p>\n<p>Produzione automobilistica: nella produzione automobilistica, il bersaglio sputtering viene utilizzato per il trattamento superficiale di componenti chiave come i motori automobilistici, formando rivestimenti con buone propriet\u00e0 antiusura e anticorrosione, migliorando la durata e le prestazioni delle parti automobilistiche e prolungando la durata delle automobili.<\/p>\n<h2><span style=\"font-size: 14pt;\">Controllo qualit\u00e0<\/span><\/h2>\n<p><span style=\"color: #0000ff;\"><a style=\"color: #0000ff;\" href=\"https:\/\/vimaterial.de\/it\/controllo-qualita\/\">I nostri prodotti<\/a><\/span> sono soggetti a un rigoroso sistema di gestione della qualit\u00e0. Dai materiali in entrata, alla lavorazione, all&#8217;ispezione finale all&#8217;ispezione in fabbrica, ci sono rigorosi standard di ispezione. Per la lavorazione non qualificata vengono adottate rigorose misure di isolamento per evitare che prodotti non qualificati fluiscano nel processo successivo. I campioni sono forniti per la ri-ispezione del cliente in base alle esigenze del cliente.   <\/p>\n<h2><span style=\"font-size: 14pt;\">Imballaggio e stoccaggio<\/span><\/h2>\n<p>I bersagli sputtering in titanio sono confezionati in sacchetti sottovuoto a doppio strato con cartoni esterni.<\/p>\n<p>I bersagli sputtering del boruro di titanio devono essere conservati in un ambiente asciutto, fresco e ben ventilato, evitando l&#8217;umidit\u00e0, impedendo il contatto con sostanze corrosive come acidi e alcali, evitando danni fisici come collisioni e attriti, e anche tenendosi lontani da alte temperature e forti campi magnetici per garantire che le sue propriet\u00e0 come l&#8217;elevata durezza, l&#8217;alto punto di fusione,  La buona conduttivit\u00e0 elettrica e la stabilit\u00e0 chimica non sono compromesse.<\/p>\n","protected":false},"excerpt":{"rendered":"<p>Il bersaglio sputtering del <span style=\"color: #0000ff;\"><a style=\"color: #0000ff;\" href=\"https:\/\/vimaterial.de\/it\/product\/boruro-di-titanio-2\/\">boruro di titanio<\/a> <\/span>\u00e8 un bersaglio a base di boruro di titanio con elevata durezza, alto punto di fusione, buona conduttivit\u00e0 elettrica e stabilit\u00e0 chimica. Pu\u00f2 depositare film sottili di boruro di titanio con eccellenti propriet\u00e0 di usura, corrosione ed elettricit\u00e0 sul materiale del substrato durante lo sputtering, che pu\u00f2 essere utilizzato in un&#8217;ampia gamma di campi come rivestimenti per utensili, dispositivi elettronici, parti resistenti all&#8217;usura ad alta temperatura e cos\u00ec via. <\/p>\n","protected":false},"featured_media":1000588,"comment_status":"open","ping_status":"closed","template":"","meta":{"_acf_changed":false},"product_brand":[],"product_cat":[197],"product_tag":[],"class_list":{"0":"post-1011257","1":"product","2":"type-product","3":"status-publish","4":"has-post-thumbnail","6":"product_cat-obiettivi-di-sputtering-planari","8":"first","9":"instock","10":"shipping-taxable","11":"product-type-variable"},"acf":[],"_links":{"self":[{"href":"https:\/\/vimaterial.de\/it\/wp-json\/wp\/v2\/product\/1011257","targetHints":{"allow":["GET"]}}],"collection":[{"href":"https:\/\/vimaterial.de\/it\/wp-json\/wp\/v2\/product"}],"about":[{"href":"https:\/\/vimaterial.de\/it\/wp-json\/wp\/v2\/types\/product"}],"replies":[{"embeddable":true,"href":"https:\/\/vimaterial.de\/it\/wp-json\/wp\/v2\/comments?post=1011257"}],"wp:featuredmedia":[{"embeddable":true,"href":"https:\/\/vimaterial.de\/it\/wp-json\/wp\/v2\/media\/1000588"}],"wp:attachment":[{"href":"https:\/\/vimaterial.de\/it\/wp-json\/wp\/v2\/media?parent=1011257"}],"wp:term":[{"taxonomy":"product_brand","embeddable":true,"href":"https:\/\/vimaterial.de\/it\/wp-json\/wp\/v2\/product_brand?post=1011257"},{"taxonomy":"product_cat","embeddable":true,"href":"https:\/\/vimaterial.de\/it\/wp-json\/wp\/v2\/product_cat?post=1011257"},{"taxonomy":"product_tag","embeddable":true,"href":"https:\/\/vimaterial.de\/it\/wp-json\/wp\/v2\/product_tag?post=1011257"}],"curies":[{"name":"wp","href":"https:\/\/api.w.org\/{rel}","templated":true}]}}