{"id":1011238,"date":"2024-06-17T14:11:29","date_gmt":"2024-06-17T06:11:29","guid":{"rendered":"https:\/\/vimaterial.de\/product\/lega-di-magnesio-e-zinco\/"},"modified":"2024-11-14T13:26:39","modified_gmt":"2024-11-14T05:26:39","slug":"lega-di-magnesio-e-zinco","status":"publish","type":"product","link":"https:\/\/vimaterial.de\/it\/product\/lega-di-magnesio-e-zinco\/","title":{"rendered":"Magnesio Lega di zinco"},"content":{"rendered":"<p>La lega di magnesio e zinco \u00e8 una lega di magnesio (Mg) e zinco (Zn) che combina le propriet\u00e0 di leggerezza e resistenza alla corrosione del magnesio con la maggiore resistenza e lavorabilit\u00e0 fornite dallo zinco.<\/p>\n<h2><span style=\"font-size: 14pt;\">Propriet\u00e0 della lega di magnesio e zinco<\/span><\/h2>\n<p>Elevato rapporto resistenza\/peso: come altre leghe di magnesio, le leghe di magnesio-zinco mantengono la natura leggera del magnesio, rendendole ideali per applicazioni in cui la riduzione del peso \u00e8 fondamentale, come nell&#8217;industria automobilistica e aerospaziale. Resistenza alla corrosione: l&#8217;aggiunta di zinco al magnesio ne migliora la resistenza alla corrosione, che \u00e8 una delle sfide principali affrontate dalle leghe di magnesio puro. Lo zinco migliora la capacit\u00e0 della lega di resistere alle sollecitazioni ambientali, in particolare in condizioni umide o saline. Catabilit\u00e0 migliorata: le leghe di magnesio e zinco hanno generalmente una buona colabilit\u00e0 e formabilit\u00e0, che consente loro di essere facilmente trasformate in forme complesse utilizzando metodi di fusione o estrusione. Stabilit\u00e0 termica: le leghe di magnesio e zinco presentano una migliore stabilit\u00e0 termica rispetto al magnesio puro, il che le rende adatte per l&#8217;uso in ambienti ad alta temperatura. Lavorabilit\u00e0 e lavorabilit\u00e0: La lega offre una buona lavorabilit\u00e0, vantaggiosa per i processi di produzione che richiedono precisione e sagomatura dettagliata. Ci\u00f2 rende le leghe di magnesio e zinco pi\u00f9 facili da lavorare rispetto ad altri tipi di leghe di magnesio.<\/p>\n<h2><span style=\"font-size: 14pt;\">Applicazioni della lega di magnesio e zinco<\/span><\/h2>\n<p>Industria automobilistica: le leghe Mg-Zn sono ampiamente utilizzate nell&#8217;industria automobilistica per la produzione di componenti leggeri come blocchi motore, carter di trasmissione, ruote e parti strutturali. La combinazione di peso ridotto e maggiore resistenza contribuisce a migliorare l&#8217;efficienza del carburante e le prestazioni complessive del veicolo. Aerospaziale: queste leghe sono utilizzate nelle applicazioni aerospaziali per ridurre il peso dei componenti degli aeromobili mantenendo la resistenza e la durata richieste. Parti come staffe, pannelli e dispositivi di fissaggio realizzati in leghe di magnesio e zinco contribuiscono alla riduzione del peso negli aerei e nei veicoli spaziali. Elettronica: le leghe di magnesio e zinco sono utilizzate nell&#8217;industria elettronica per custodie leggere e durevoli per dispositivi elettronici. Le propriet\u00e0 termiche ed elettriche della lega la rendono adatta anche per determinate applicazioni elettroniche. Articoli sportivi: la lega viene utilizzata nella produzione di attrezzature sportive come telai di biciclette, mazze da golf e altri articoli in cui l&#8217;elevata resistenza e il peso ridotto sono importanti. Militare e difesa: le leghe Mg-Zn sono utilizzate in applicazioni militari in cui i materiali devono essere leggeri e in grado di resistere a condizioni ambientali difficili, come componenti resistenti alla corrosione per veicoli o apparecchiature esposte agli elementi. Fusione e forgiatura: le leghe Mg-Zn sono utilizzate nei processi di fusione per la produzione di componenti ad alta resistenza e durevoli, che sono cruciali nei settori manifatturieri che richiedono materiali affidabili. <\/p>\n","protected":false},"excerpt":{"rendered":"<p>La lega di magnesio e zinco \u00e8 una lega di magnesio (Mg) e zinco (Zn) che combina le propriet\u00e0 di leggerezza e resistenza alla corrosione del magnesio con la maggiore resistenza e lavorabilit\u00e0 fornite dallo zinco. Propriet\u00e0 della lega di magnesio e zinco Elevato rapporto resistenza\/peso: come altre leghe di magnesio, le leghe di magnesio-zinco [&hellip;]<\/p>\n","protected":false},"featured_media":999644,"comment_status":"open","ping_status":"closed","template":"","meta":{"_acf_changed":false},"product_brand":[],"product_cat":[212],"product_tag":[],"class_list":{"0":"post-1011238","1":"product","2":"type-product","3":"status-publish","4":"has-post-thumbnail","6":"product_cat-polvere-di-metallo-puro-e-leghe","8":"first","9":"instock","10":"shipping-taxable","11":"purchasable","12":"product-type-variable"},"acf":[],"_links":{"self":[{"href":"https:\/\/vimaterial.de\/it\/wp-json\/wp\/v2\/product\/1011238","targetHints":{"allow":["GET"]}}],"collection":[{"href":"https:\/\/vimaterial.de\/it\/wp-json\/wp\/v2\/product"}],"about":[{"href":"https:\/\/vimaterial.de\/it\/wp-json\/wp\/v2\/types\/product"}],"replies":[{"embeddable":true,"href":"https:\/\/vimaterial.de\/it\/wp-json\/wp\/v2\/comments?post=1011238"}],"wp:featuredmedia":[{"embeddable":true,"href":"https:\/\/vimaterial.de\/it\/wp-json\/wp\/v2\/media\/999644"}],"wp:attachment":[{"href":"https:\/\/vimaterial.de\/it\/wp-json\/wp\/v2\/media?parent=1011238"}],"wp:term":[{"taxonomy":"product_brand","embeddable":true,"href":"https:\/\/vimaterial.de\/it\/wp-json\/wp\/v2\/product_brand?post=1011238"},{"taxonomy":"product_cat","embeddable":true,"href":"https:\/\/vimaterial.de\/it\/wp-json\/wp\/v2\/product_cat?post=1011238"},{"taxonomy":"product_tag","embeddable":true,"href":"https:\/\/vimaterial.de\/it\/wp-json\/wp\/v2\/product_tag?post=1011238"}],"curies":[{"name":"wp","href":"https:\/\/api.w.org\/{rel}","templated":true}]}}