{"id":1011140,"date":"2024-06-17T14:11:33","date_gmt":"2024-06-17T06:11:33","guid":{"rendered":"https:\/\/vimaterial.de\/product\/silicio-2\/"},"modified":"2024-12-17T14:32:39","modified_gmt":"2024-12-17T06:32:39","slug":"silicio-2","status":"publish","type":"product","link":"https:\/\/vimaterial.de\/it\/product\/silicio-2\/","title":{"rendered":"Silicio"},"content":{"rendered":"<p>I wafer di silicio sono particolarmente utili nella produzione di circuiti elettronici come substrati per chip. Il silicio \u00e8 al settimo posto come elemento pi\u00f9 comune nell&#8217;intero universo e il secondo elemento pi\u00f9 comune sulla Terra. Il silicio \u00e8 attualmente il semiconduttore pi\u00f9 utilizzato nella tecnologia dei semiconduttori. I wafer di silicio sono disponibili in una variet\u00e0 di forme e dimensioni, a seconda del loro scopo. I wafer vanno da 2 pollici a 12 pollici, con 6 pollici, 8 pollici e 12 pollici che sono i pi\u00f9 comuni. VIMATERIAL \u00e8 in grado di fornire wafer di silicio monocristallino di alta qualit\u00e0 di varie specifiche, nonch\u00e9 servizi di lavorazione e personalizzazione di wafer di silicio monocristallino.  <\/p>\n<ul>\n<li>Metodo di crescita: CZ, FZ, ecc.<\/li>\n<li>Dimensioni: 2&#8243;, 3&#8243;, 4&#8243;, 5&#8243;, 6&#8243;, 8&#8243;, 12&#8243; e diametri speciali non standard e wafer di silicio di forma speciale;<\/li>\n<li>Superficie: lucidatura singola, doppia lucidatura, molatura, ecc.;<\/li>\n<li>Orientamento:  &lt;100&gt;,  &lt;111&gt;,  &lt;110&gt;  angolo di orientamento e di deflessione e orientamento speciale;<\/li>\n<li>Spessore: 50um-2mm, ecc., Spessore comunemente usato: 200um\/500um\/1mm<\/li>\n<li>Tipo conduttivo: tipo N, tipo P, semi-isolante intrinseco;<\/li>\n<li>Resistivit\u00e0: pesantemente drogato &lt;0,001\u03a9.cm, leggermente drogato 1~100\u03a9.cm, non drogato &gt;1000~&gt;20000\u03a9.cm;<\/li>\n<\/ul>\n<h2><span style=\"font-size: 14pt;\">Processo di produzione del wafer di silicio:<\/span><\/h2>\n<p>Silicio (attraverso la riduzione)&#8211;&gt;Silicio metallico (attraverso la purificazione)&#8211;&gt;Silicio policristallino (attraverso il riscaldamento e la fusione in un crogiolo)&#8211;&gt;Silicio fuso (con il metodo Czochralski)&#8211;&gt;Barra di silicio monocristallino (attraverso il taglio a lama di filo)&#8211;&gt;Wafer di silicio (attraverso macinazione chimico-meccanica)&#8211;&gt;Wafer lucidato (attraverso trattamento termico)&#8211;&gt;Wafer ricotto (attraverso la crescita epitassiale)&#8211;&gt;Wafer epitassiale (attraverso una variet\u00e0 di processi)&#8211;&gt;Produzione di vari circuiti integrati o dispositivi discreti<\/p>\n","protected":false},"excerpt":{"rendered":"<p>I wafer di silicio sono particolarmente utili nella produzione di circuiti elettronici come substrati per chip. Il silicio \u00e8 al settimo posto come elemento pi\u00f9 comune nell&#8217;intero universo e il secondo elemento pi\u00f9 comune sulla Terra. Il silicio \u00e8 attualmente il semiconduttore pi\u00f9 utilizzato nella tecnologia dei semiconduttori. I wafer di silicio sono disponibili in [&hellip;]<\/p>\n","protected":false},"featured_media":999697,"comment_status":"open","ping_status":"closed","template":"","meta":{"_acf_changed":false},"product_brand":[],"product_cat":[198],"product_tag":[],"class_list":{"0":"post-1011140","1":"product","2":"type-product","3":"status-publish","4":"has-post-thumbnail","6":"product_cat-materiali-per-levaporazione","8":"first","9":"instock","10":"shipping-taxable","11":"product-type-variable"},"acf":[],"_links":{"self":[{"href":"https:\/\/vimaterial.de\/it\/wp-json\/wp\/v2\/product\/1011140","targetHints":{"allow":["GET"]}}],"collection":[{"href":"https:\/\/vimaterial.de\/it\/wp-json\/wp\/v2\/product"}],"about":[{"href":"https:\/\/vimaterial.de\/it\/wp-json\/wp\/v2\/types\/product"}],"replies":[{"embeddable":true,"href":"https:\/\/vimaterial.de\/it\/wp-json\/wp\/v2\/comments?post=1011140"}],"wp:featuredmedia":[{"embeddable":true,"href":"https:\/\/vimaterial.de\/it\/wp-json\/wp\/v2\/media\/999697"}],"wp:attachment":[{"href":"https:\/\/vimaterial.de\/it\/wp-json\/wp\/v2\/media?parent=1011140"}],"wp:term":[{"taxonomy":"product_brand","embeddable":true,"href":"https:\/\/vimaterial.de\/it\/wp-json\/wp\/v2\/product_brand?post=1011140"},{"taxonomy":"product_cat","embeddable":true,"href":"https:\/\/vimaterial.de\/it\/wp-json\/wp\/v2\/product_cat?post=1011140"},{"taxonomy":"product_tag","embeddable":true,"href":"https:\/\/vimaterial.de\/it\/wp-json\/wp\/v2\/product_tag?post=1011140"}],"curies":[{"name":"wp","href":"https:\/\/api.w.org\/{rel}","templated":true}]}}